{"id":23008,"date":"2025-08-01T17:09:17","date_gmt":"2025-08-01T15:09:17","guid":{"rendered":"https:\/\/uj.adatbank.ro\/lexikon\/termek\/thoroczkai-gyorgy-torockoszentgyorgyi\/"},"modified":"2025-08-01T17:09:17","modified_gmt":"2025-08-01T15:09:17","slug":"thoroczkai-gyorgy-torockoszentgyorgyi","status":"publish","type":"product","link":"https:\/\/uj.adatbank.ro\/lexikon\/termek\/thoroczkai-gyorgy-torockoszentgyorgyi\/","title":{"rendered":"THOROCZKAI Gy\u00f6rgy, torock\u00f3szentgy\u00f6rgyi"},"content":{"rendered":"<p>? \u2020 ?: f\u00f6ldbirtokos. Feles\u00e9ge Orb\u00f3k Kata. A csal\u00e1d k\u0151bev\u00e9sett c\u00edmere a ny\u00e1r\u00e1dszentm\u00e1rtoni templom bej\u00e1rata f\u00f6l\u00f6tt \u00e1ll \u00e9s a sz\u00f3sz\u00e9kkoron\u00e1t is a csal\u00e1d \u00e9p\u00edtette (1772) Adom\u00e1nyt adott a tervezett mv.-i templom \u00e9p\u00edt\u00e9s\u00e9hez. <br \/><strong>\u2013 Irod.:<\/strong> Gligor R\u00f3bert L\u00e1szl\u00f3: Hazah\u00edv a r\u00f6g\u00f6k szava (Ny\u00e1r\u00e1dszereda, 2000); Mv.-i Pl\u00e9b\u00e1nia.<\/br><\/p>\n","protected":false},"excerpt":{"rendered":"<p>? \u2020 ?: f\u00f6ldbirtokos. Feles\u00e9ge Orb\u00f3k Kata. A csal\u00e1d k\u0151bev\u00e9sett c\u00edmere a ny\u00e1r\u00e1dszentm\u00e1rtoni templom bej\u00e1rata f\u00f6l\u00f6tt \u00e1ll \u00e9s a sz\u00f3sz\u00e9kkoron\u00e1t is a csal\u00e1d \u00e9p\u00edtette (1772) Adom\u00e1nyt adott a tervezett mv.-i templom \u00e9p\u00edt\u00e9s\u00e9hez. \u2013 Irod.: Gligor R\u00f3bert L\u00e1szl\u00f3: Hazah\u00edv a r\u00f6g\u00f6k szava (Ny\u00e1r\u00e1dszereda, 2000); Mv.-i Pl\u00e9b\u00e1nia.<\/p>\n","protected":false},"featured_media":0,"comment_status":"open","ping_status":"closed","template":"","meta":[],"product_brand":[],"product_cat":[137],"product_tag":[],"class_list":{"0":"post-23008","1":"product","2":"type-product","3":"status-publish","5":"product_cat-maros-megyei-eletrajzi-lexikon","7":"first","8":"instock","9":"shipping-taxable","10":"product-type-simple"},"_links":{"self":[{"href":"https:\/\/uj.adatbank.ro\/lexikon\/wp-json\/wp\/v2\/product\/23008","targetHints":{"allow":["GET"]}}],"collection":[{"href":"https:\/\/uj.adatbank.ro\/lexikon\/wp-json\/wp\/v2\/product"}],"about":[{"href":"https:\/\/uj.adatbank.ro\/lexikon\/wp-json\/wp\/v2\/types\/product"}],"replies":[{"embeddable":true,"href":"https:\/\/uj.adatbank.ro\/lexikon\/wp-json\/wp\/v2\/comments?post=23008"}],"wp:attachment":[{"href":"https:\/\/uj.adatbank.ro\/lexikon\/wp-json\/wp\/v2\/media?parent=23008"}],"wp:term":[{"taxonomy":"product_brand","embeddable":true,"href":"https:\/\/uj.adatbank.ro\/lexikon\/wp-json\/wp\/v2\/product_brand?post=23008"},{"taxonomy":"product_cat","embeddable":true,"href":"https:\/\/uj.adatbank.ro\/lexikon\/wp-json\/wp\/v2\/product_cat?post=23008"},{"taxonomy":"product_tag","embeddable":true,"href":"https:\/\/uj.adatbank.ro\/lexikon\/wp-json\/wp\/v2\/product_tag?post=23008"}],"curies":[{"name":"wp","href":"https:\/\/api.w.org\/{rel}","templated":true}]}}