{"id":23010,"date":"2025-08-01T17:09:23","date_gmt":"2025-08-01T15:09:23","guid":{"rendered":"https:\/\/uj.adatbank.ro\/lexikon\/termek\/thoroczkai-wigand-ede-toroczkai-wigand-ede\/"},"modified":"2025-08-01T17:09:23","modified_gmt":"2025-08-01T15:09:23","slug":"thoroczkai-wigand-ede-toroczkai-wigand-ede","status":"publish","type":"product","link":"https:\/\/uj.adatbank.ro\/lexikon\/termek\/thoroczkai-wigand-ede-toroczkai-wigand-ede\/","title":{"rendered":"THOROCZKAI-WIGAND Ede, Toroczkai Wigand Ede"},"content":{"rendered":"<p>Pest, 1869. m\u00e1j. 19., \u2020 Bp., 1945. jan. 20.: m\u0171\u00e9p\u00edt\u00e9sz, bels\u0151\u00e9p\u00edt\u00e9sz, iparm\u0171v\u00e9sz, grafikus. \u2013 Feles\u00e9ge: K\u00e9gl Margit, Bern\u00e1dy Gy\u00f6rgy unokah\u00faga (1908). \u2013 Bej\u00e1rta Eur\u00f3p\u00e1t, s megismerkedett az eklektika \u00e9s a kibontakoz\u00f3 szecesszi\u00f3 \u00e9p\u00edt\u00e9szeti \u00e9s iparm\u0171v. alkot\u00e1saival (az 1890-es \u00e9vekben). M\u00e9g mint fest\u0151 ker\u00fclt kapcsolatba a g\u00f6d\u00f6ll\u0151i m\u0171v\u00e9szekkel, akik a n\u00e9pm\u0171v\u00e9szetet tartott\u00e1k az \u00faj m\u0171v\u00e9szet forr\u00e1s\u00e1nak: vel\u00fck egy\u00fctt j\u00e1rta be Erd\u00e9lyt (1902\u2013) a n\u00e9pm\u0171v\u00e9szet formakincs\u00e9nek megismer\u00e9se \u00e9s felt\u00e1r\u00e1sa, a paraszti \u00e9letm\u00f3d tanulm\u00e1nyoz\u00e1sa c\u00e9lj\u00e1b\u00f3l. Els\u0151sorban Kalotaszegen \u00e9s Torock\u00f3n v\u00e9gzett n\u00e9prajzi felm\u00e9r\u00e9seket, innen ered el\u0151-neve, s\u0151t k\u00e9s\u0151bbi \u00e9p\u00fcleteinek st\u00edlusa is. Kezdetben b\u00fatortervez\u00e9ssel foglalkozott; k\u00fclf\u00f6ld\u00f6n is elismer\u00e9st kiv\u00e1lt\u00f3 b\u00fatorai szecesszi\u00f3s jelleg\u0171ek, de egy\u00fattal konstrukt\u00edv, funkcion\u00e1lis szeml\u00e9let\u0171ek is. Els\u0151 \u00f6n\u00e1ll\u00f3 \u00e9p\u00edt\u00e9szeti tervei a 19\u201320. sz. fordul\u00f3j\u00e1n val\u00f3sultak meg, de \u00e9p\u00edt\u00e9szi tev\u00e9kenys\u00e9g\u00e9nek f\u00e9nykora akkor volt, amikor Mv.-re k\u00f6lt\u00f6z\u00f6tt (az 1907\u201314). A Bern\u00e1dy \u00e1ltal beind\u00edtott nagy\u00fctem\u0171 v\u00e1rosfejleszt\u00e9s hozta ide a sz\u00e1zad elej\u00e9n. A V\u00e1rosh\u00e1za (1906\u201308) \u00e9s a Kult\u00farpalota b\u00fatorait tervezte. A mv.-i Kult\u00farpalota \u00e9p\u00edt\u00e9sekor egyed\u00fcli helyi iparm\u0171v\u00e9sz volt, aki b\u00fatortervez\u0151i feladatot kapott a v\u00e1rosi k\u00f6nyvt\u00e1r berendez\u00e9s\u00e9ben, a falfest\u00e9st, f\u00fcgg\u00f6ny\u00f6ket, csill\u00e1rokat is bele\u00e9rtve. Tervei alapj\u00e1n \u00e9p\u00edtett\u00e9k a G\u00e1zgy\u00e1rat a Gy\u00e1r utc\u00e1ban, a Kereskedelmi \u00e9s Iparkamara sz\u00e9kh\u00e1z\u00e1t (1909), val\u00f3sz\u00edn\u0171leg a somostet\u0151i Gaudeamus \u00e9s az egyetemmel szemben lev\u0151 volt Sz\u00e9kely Kioszk \u00e9p\u00fclet\u00e9t. Sokat dolgozott mag\u00e1nosoknak is: Kn\u00f6pfler Vilmosnak, Moln\u00e1r G\u00e1bornak, Schmidt B\u00e9l\u00e1nak. A F\u00f6ldm\u0171vel\u00e9s\u00fcgyi Min. Sz\u00e9kely Akci\u00f3ja \u00e9s a Vall\u00e1s- \u00e9s K\u00f6zoktat\u00e1s\u00fcgyi Min. n\u00e9pisk. programja keret\u00e9ben sz\u00e1mos gazd. \u00e9p\u00fcletet, n\u00e9ph\u00e1zat, n\u00e9piskol\u00e1t \u00e9s iskolatemplomot \u00e9p\u00edtett fel a Mv. k\u00f6rny\u00e9ki \u00e9s a sz\u00e9kelyf\u00f6ldi falvakban (Szab\u00e9d, G\u00e1lfalva, S\u00e1rpatak, Mez\u0151madaras, Kib\u00e9d, stb.). Erre az id\u0151szakra esik a mv.-i Sz\u00e9kely Kereskedelmi \u00e9s Iparkamara \u00e9p\u00fclet\u00e9nek tervez\u00e9se (Rad\u00f3 S\u00e1ndorral), valamint Maros-Torda vm. sz\u00e9kh\u00e1z\u00e1nak megtervez\u00e9se is; ez ut\u00f3bbi p\u00e1lyaterv\u00e9vel, amelyet K\u00f3s K\u00e1rollyal k\u00f6z\u00f6sen k\u00e9sz\u00edtett, I. d\u00edjat nyert. \u00c9p\u00edt\u00e9szeti munk\u00e1ss\u00e1g\u00e1val p\u00e1rhuzamosan folytatta sokoldal\u00fa iparm\u0171v. tev\u00e9kenys\u00e9g\u00e9t: \u00fcvegablakai a mv.-i Kult\u00farpalot\u00e1t d\u00edsz\u00edtik. A mv.-i Kult\u00farpalota t\u00fck\u00f6rterm\u00e9ben a mondavil\u00e1gb\u00f3l ihletett 12 festett ablak k\u00f6z\u00f6s munk\u00e1ja Nagy S\u00e1ndorral. Ezek az \u00fcvegfestm\u00e9nyek San Francisc\u00f3ban arany\u00e9rmet nyertek. A kisterem festett ablakai, az egyiken Bethlen G\u00e1bor \u00e9s tud\u00f3sai, az \u0151 tervei alapj\u00e1n k\u00e9sz\u00fcltek. \u0150 tervezte a V\u00e1rosh\u00e1za b\u00fatorzat\u00e1t, a Kult\u00farpalota T\u00fck\u00f6rterm\u00e9nek \u00fcl\u0151garnit\u00far\u00e1j\u00e1t, a Fels\u0151 Kereskedelmi Iskola berendez\u00e9s\u00e9t is. A M. Iparm\u0171v. T\u00e1rsulat \u00e9s a KZST tagja. Mv.-en bels\u0151 berendez\u00e9si ki\u00e1ll\u00edt\u00e1st rendezett (1908). M\u0171v\u00e9szi nagy arany\u00e9rem (1912), a P\u00e1rizsi (1900) \u00e9s a St. Louis-i Vil\u00e1gki\u00e1ll\u00edt\u00e1s (1904) ez\u00fcst\u00e9rme. T. W. E.-eml\u00e9kt\u00e1bl\u00e1t helyeztek el Mv.-en az alkot\u00f3 egykori mv.-i otthon\u00e1nak fal\u00e1n (2009. okt.). \u2013  <strong>F. m..:<\/strong> <strong>\u00e9p\u00fcletek:<\/strong> Bern\u00e1dy-h\u00e1z (1908, Mv.); Csisz\u00e9r Berci h\u00e1za (1910, Mv.); Schmidt-h\u00e1z (1911, Mv.); Mik\u00f3-h\u00e1z; B\u00edr\u00f3-h\u00e1z. \u2013 <strong>\u00cdr\u00e1sai:<\/strong> N\u00e9gyf\u00e9le m\u00edvekr\u0151l: A n\u00e9p \u00e9p\u00edt\u0151m\u0171v\u00e9szete; A h\u00e1z; A kert \u00e9s vir\u00e1gai, Egyh\u00e1zm\u0171v\u00e9szet (Mv., 1914); H\u00edmes udvar (Bp., 1916); Cser\u00e9ny\u00f6s h\u00e1zak (Bp., 1916); Hajdan\u00e1ban, r\u00e9g\u00f6s-r\u00e9gen (Bp., 1917); R\u00e9gi kert s m\u00edvesei (Bp., 1917); Hogyan \u00e9p\u00edts\u00fcnk a Balaton partj\u00e1n? (Bp, 1921); A kert (Bp., 1923); Akseli Gell\u00e9n-Kallela (Bp., 1931); Architekt\u00fara (Bp., 1936), A kert \u00e9s vir\u00e1gai: A mv.i KZST \u00fcl\u00e9s\u00e9n felolvasta (Mv., s.a.). <br \/><strong>\u2013 Irod.:<\/strong> B. Kaiser Anna: T. W. E. sz\u00e9kelyf\u00f6ldi munk\u00e1i (\u00c9p\u00edt\u00e9s- \u00e9s \u00c9p\u00edt\u00e9szettudom\u00e1ny, 1979); Banner; Bern\u00e1dy eml\u00e9kiratok; \u00c9ber; Gerle J\u00e1nos\u2013Kov\u00e1cs Attila\u2013Makovecz Imre: A sz\u00e1zadfordul\u00f3 magyar \u00e9p\u00edt\u00e9szete (Bp., 1990); Id\u0151t\u00e1r 2; Keresztes; Keresztes Gyula: A mv.-i Kereskedelmi \u00e9s Iparkamara \u00e9p\u00fclete (Erd\u00e9lyi Figyel\u0151, 1. sz., 1994); Keresztes Gyula: Szecesszi\u00f3 Mv.-en: 5.: K\u00f6zm\u0171vel\u0151d\u00e9si h\u00e1z 1\u20135. (N\u00fa., 1991. nov. 23.; 1991. dec. 7.; 1991. dec. 14.; 1992. jan. 4.; 1992. jan. 11.); Keresztes Gyula: Szecesszi\u00f3 Mv.-en 6.: A st\u00edlus folytat\u00e1sa (N\u00fa., 1992. febr. 1.; 1992. febr. 8.); Keresztes Gyula: A kereskedelmi \u00e9s iparkamara \u00e9p\u00fclete (N\u00fa., 1996. aug. 31.); Keresztes Gyula: T. W. E. alkot\u00e1sair\u00f3l [Mv.-en \u00e9s a megy\u00e9ben] (N\u00fa., 1996. szept. 28.); Keresztes Gyula: T. W. E. alkot\u00e1sai alkot\u00e1sair\u00f3l [Mv.-en] (N\u00fa., 1996. okt. 12.); Keresztes Gyula: A tornyos V\u00e1rosh\u00e1za \u00e9p\u00edt\u00e9s\u00e9nek 100. \u00e9vfordul\u00f3j\u00e1ra (N\u00fa., Sz\u00ednes Vil\u00e1g, 2007. m\u00e1j. 26.); Keser\u0171 Katalin: T.W.E. (Bp., 2007); K\u00f3s K\u00e1roly: Wigand Ede kit\u00fcntet\u00e9se = K\u00f3s K\u00e1roly Publicisztik\u00e1ja (Cs\u00edkszereda, 2014); Man, Eugen: Camera de comer\u0163 \u015fi industrie din Tg. M., monument reprezentativ al artei 1900 (Marisia, 32\u201333, 2013); Marosi Barna 1974; Marosi-Helikon; Marosi-KZST; M\u00e1th\u00e9 \u00c9va: Eml\u00e9kt\u00e1bl\u00e1t kap T. W. E. (Kr\u00f3nika, 2009. okt. 23\u201325.); M\u00c9L; Mv. r\u00e9gi V\u00e1rosh\u00e1za; Mv.-i Almanach, 1912; Mv.-i kult\u00farpalota 2013; N\u00e1dai P\u00e1l: Az iparm\u0171v\u00e9szet Mo.-on (Bp., 1920); Nagyjaink; Petrovics Elek: T. W. E. Erd\u00e9lyben (M\u0171v\u00e9szet, 1912); RNL; Sipos; Tg. M.\u2013 Mv.; T. W. E. (Marosv\u00e1s\u00e1rhely, 1911. m\u00e1j. 15.); Turisztikai kalauz; \u00daM\u00c9L; W. E. Kit\u00fcntet\u00e9se (Marosv\u00e1s\u00e1rhely, 1912. febr. 1.).<\/br><\/p>\n","protected":false},"excerpt":{"rendered":"<p>Pest, 1869. m\u00e1j. 19., \u2020 Bp., 1945. jan. 20.: m\u0171\u00e9p\u00edt\u00e9sz, bels\u0151\u00e9p\u00edt\u00e9sz, iparm\u0171v\u00e9sz, grafikus. \u2013 Feles\u00e9ge: K\u00e9gl Margit, Bern\u00e1dy Gy\u00f6rgy unokah\u00faga (1908). \u2013 Bej\u00e1rta Eur\u00f3p\u00e1t, s megismerkedett az eklektika \u00e9s a kibontakoz\u00f3 szecesszi\u00f3 \u00e9p\u00edt\u00e9szeti \u00e9s iparm\u0171v. alkot\u00e1saival (az 1890-es \u00e9vekben). M\u00e9g mint fest\u0151 ker\u00fclt kapcsolatba a g\u00f6d\u00f6ll\u0151i m\u0171v\u00e9szekkel, akik a n\u00e9pm\u0171v\u00e9szetet tartott\u00e1k az \u00faj m\u0171v\u00e9szet forr\u00e1s\u00e1nak: [&hellip;]<\/p>\n","protected":false},"featured_media":0,"comment_status":"open","ping_status":"closed","template":"","meta":[],"product_brand":[],"product_cat":[137],"product_tag":[],"class_list":{"0":"post-23010","1":"product","2":"type-product","3":"status-publish","5":"product_cat-maros-megyei-eletrajzi-lexikon","7":"first","8":"instock","9":"shipping-taxable","10":"product-type-simple"},"_links":{"self":[{"href":"https:\/\/uj.adatbank.ro\/lexikon\/wp-json\/wp\/v2\/product\/23010","targetHints":{"allow":["GET"]}}],"collection":[{"href":"https:\/\/uj.adatbank.ro\/lexikon\/wp-json\/wp\/v2\/product"}],"about":[{"href":"https:\/\/uj.adatbank.ro\/lexikon\/wp-json\/wp\/v2\/types\/product"}],"replies":[{"embeddable":true,"href":"https:\/\/uj.adatbank.ro\/lexikon\/wp-json\/wp\/v2\/comments?post=23010"}],"wp:attachment":[{"href":"https:\/\/uj.adatbank.ro\/lexikon\/wp-json\/wp\/v2\/media?parent=23010"}],"wp:term":[{"taxonomy":"product_brand","embeddable":true,"href":"https:\/\/uj.adatbank.ro\/lexikon\/wp-json\/wp\/v2\/product_brand?post=23010"},{"taxonomy":"product_cat","embeddable":true,"href":"https:\/\/uj.adatbank.ro\/lexikon\/wp-json\/wp\/v2\/product_cat?post=23010"},{"taxonomy":"product_tag","embeddable":true,"href":"https:\/\/uj.adatbank.ro\/lexikon\/wp-json\/wp\/v2\/product_tag?post=23010"}],"curies":[{"name":"wp","href":"https:\/\/api.w.org\/{rel}","templated":true}]}}