{"id":23011,"date":"2025-08-01T17:09:25","date_gmt":"2025-08-01T15:09:25","guid":{"rendered":"https:\/\/uj.adatbank.ro\/lexikon\/termek\/thoroczkay-istvan-gr\/"},"modified":"2025-08-01T17:09:25","modified_gmt":"2025-08-01T15:09:25","slug":"thoroczkay-istvan-gr","status":"publish","type":"product","link":"https:\/\/uj.adatbank.ro\/lexikon\/termek\/thoroczkay-istvan-gr\/","title":{"rendered":"THOROCZKAY Istv\u00e1n, gr."},"content":{"rendered":"<p>Nagyercse, 1659, \u2020 Torock\u00f3szentgy\u00f6rgy, 1712. \u00e1pr. 11.: sz\u00e9kely f\u0151kapit\u00e1ny, kuruc t\u00e1bornok. El\u0151bb Aranyossz\u00e9k f\u0151kir\u00e1lyb\u00edr\u00e1ja. A sz\u00e9kelyek egyik vez\u00e9re (1686), amikor Szebenn\u00e9l csat\u00e1t vesztett. Ezut\u00e1n a kurucok ellen harcolt, V\u00e1lasz\u00fatn\u00e1l csat\u00e1t vesztett (1703), a kurucok sz\u00e9tsz\u00f3rt\u00e1k hadait (1703. nov. 10.), s fogs\u00e1gba ker\u00fclt. A R\u00e1k\u00f3czi-szabds\u00e1gharc oldal\u00e1ra \u00e1llt. II. R\u00e1k\u00f3czi Ferenc t\u00e1bornokk\u00e1 nevezte ki, s ezzel megkezd\u0151d\u00f6tt az erd\u00e9lyi nemess\u00e9g \u00e1t\u00e1ll\u00e1sa a kurucok oldal\u00e1ra. <br \/><strong>\u2013 Irod.:<\/strong> Encyc. Hung.<\/br><\/p>\n","protected":false},"excerpt":{"rendered":"<p>Nagyercse, 1659, \u2020 Torock\u00f3szentgy\u00f6rgy, 1712. \u00e1pr. 11.: sz\u00e9kely f\u0151kapit\u00e1ny, kuruc t\u00e1bornok. El\u0151bb Aranyossz\u00e9k f\u0151kir\u00e1lyb\u00edr\u00e1ja. A sz\u00e9kelyek egyik vez\u00e9re (1686), amikor Szebenn\u00e9l csat\u00e1t vesztett. Ezut\u00e1n a kurucok ellen harcolt, V\u00e1lasz\u00fatn\u00e1l csat\u00e1t vesztett (1703), a kurucok sz\u00e9tsz\u00f3rt\u00e1k hadait (1703. nov. 10.), s fogs\u00e1gba ker\u00fclt. A R\u00e1k\u00f3czi-szabds\u00e1gharc oldal\u00e1ra \u00e1llt. II. R\u00e1k\u00f3czi Ferenc t\u00e1bornokk\u00e1 nevezte ki, s ezzel megkezd\u0151d\u00f6tt [&hellip;]<\/p>\n","protected":false},"featured_media":0,"comment_status":"open","ping_status":"closed","template":"","meta":[],"product_brand":[],"product_cat":[137],"product_tag":[],"class_list":{"0":"post-23011","1":"product","2":"type-product","3":"status-publish","5":"product_cat-maros-megyei-eletrajzi-lexikon","7":"first","8":"instock","9":"shipping-taxable","10":"product-type-simple"},"_links":{"self":[{"href":"https:\/\/uj.adatbank.ro\/lexikon\/wp-json\/wp\/v2\/product\/23011","targetHints":{"allow":["GET"]}}],"collection":[{"href":"https:\/\/uj.adatbank.ro\/lexikon\/wp-json\/wp\/v2\/product"}],"about":[{"href":"https:\/\/uj.adatbank.ro\/lexikon\/wp-json\/wp\/v2\/types\/product"}],"replies":[{"embeddable":true,"href":"https:\/\/uj.adatbank.ro\/lexikon\/wp-json\/wp\/v2\/comments?post=23011"}],"wp:attachment":[{"href":"https:\/\/uj.adatbank.ro\/lexikon\/wp-json\/wp\/v2\/media?parent=23011"}],"wp:term":[{"taxonomy":"product_brand","embeddable":true,"href":"https:\/\/uj.adatbank.ro\/lexikon\/wp-json\/wp\/v2\/product_brand?post=23011"},{"taxonomy":"product_cat","embeddable":true,"href":"https:\/\/uj.adatbank.ro\/lexikon\/wp-json\/wp\/v2\/product_cat?post=23011"},{"taxonomy":"product_tag","embeddable":true,"href":"https:\/\/uj.adatbank.ro\/lexikon\/wp-json\/wp\/v2\/product_tag?post=23011"}],"curies":[{"name":"wp","href":"https:\/\/api.w.org\/{rel}","templated":true}]}}