{"id":23012,"date":"2025-08-01T17:09:27","date_gmt":"2025-08-01T15:09:27","guid":{"rendered":"https:\/\/uj.adatbank.ro\/lexikon\/termek\/thoroczkay-klara-torockoszentgyorgyi-fekete-istvanne\/"},"modified":"2025-08-01T17:09:27","modified_gmt":"2025-08-01T15:09:27","slug":"thoroczkay-klara-torockoszentgyorgyi-fekete-istvanne","status":"publish","type":"product","link":"https:\/\/uj.adatbank.ro\/lexikon\/termek\/thoroczkay-klara-torockoszentgyorgyi-fekete-istvanne\/","title":{"rendered":"THOROCZKAY Kl\u00e1ra, torock\u00f3szentgy\u00f6rgyi, Fekete Istv\u00e1nn\u00e9"},"content":{"rendered":"<p>? \u2020 1737.: adom\u00e1nyoz\u00f3. \u2013 T. Mih\u00e1ly \u00e9s g\u00f6rcs\u00f6ni Ser\u00e9di Anna le\u00e1nya. F\u00e9rje: fricsi Fekete Istv\u00e1n (1678\/79\u20131735). \u2013 A s\u00f6v\u00e9nyfalvi ref. egyh\u00e1zk\u00f6zs\u00e9gnek sz\u00e9p k\u00e9t keszken\u0151t (1737) aj\u00e1nd\u00e9kozott. <br \/><strong>\u2013 Irod.:<\/strong> K\u00fck\u00fcll\u0151i Ref. Egyh\u00e1zm. 4.<\/br><\/p>\n","protected":false},"excerpt":{"rendered":"<p>? \u2020 1737.: adom\u00e1nyoz\u00f3. \u2013 T. Mih\u00e1ly \u00e9s g\u00f6rcs\u00f6ni Ser\u00e9di Anna le\u00e1nya. F\u00e9rje: fricsi Fekete Istv\u00e1n (1678\/79\u20131735). \u2013 A s\u00f6v\u00e9nyfalvi ref. egyh\u00e1zk\u00f6zs\u00e9gnek sz\u00e9p k\u00e9t keszken\u0151t (1737) aj\u00e1nd\u00e9kozott. \u2013 Irod.: K\u00fck\u00fcll\u0151i Ref. Egyh\u00e1zm. 4.<\/p>\n","protected":false},"featured_media":0,"comment_status":"open","ping_status":"closed","template":"","meta":[],"product_brand":[],"product_cat":[137],"product_tag":[],"class_list":{"0":"post-23012","1":"product","2":"type-product","3":"status-publish","5":"product_cat-maros-megyei-eletrajzi-lexikon","7":"first","8":"instock","9":"shipping-taxable","10":"product-type-simple"},"_links":{"self":[{"href":"https:\/\/uj.adatbank.ro\/lexikon\/wp-json\/wp\/v2\/product\/23012","targetHints":{"allow":["GET"]}}],"collection":[{"href":"https:\/\/uj.adatbank.ro\/lexikon\/wp-json\/wp\/v2\/product"}],"about":[{"href":"https:\/\/uj.adatbank.ro\/lexikon\/wp-json\/wp\/v2\/types\/product"}],"replies":[{"embeddable":true,"href":"https:\/\/uj.adatbank.ro\/lexikon\/wp-json\/wp\/v2\/comments?post=23012"}],"wp:attachment":[{"href":"https:\/\/uj.adatbank.ro\/lexikon\/wp-json\/wp\/v2\/media?parent=23012"}],"wp:term":[{"taxonomy":"product_brand","embeddable":true,"href":"https:\/\/uj.adatbank.ro\/lexikon\/wp-json\/wp\/v2\/product_brand?post=23012"},{"taxonomy":"product_cat","embeddable":true,"href":"https:\/\/uj.adatbank.ro\/lexikon\/wp-json\/wp\/v2\/product_cat?post=23012"},{"taxonomy":"product_tag","embeddable":true,"href":"https:\/\/uj.adatbank.ro\/lexikon\/wp-json\/wp\/v2\/product_tag?post=23012"}],"curies":[{"name":"wp","href":"https:\/\/api.w.org\/{rel}","templated":true}]}}