{"id":23013,"date":"2025-08-01T17:09:32","date_gmt":"2025-08-01T15:09:32","guid":{"rendered":"https:\/\/uj.adatbank.ro\/lexikon\/termek\/thoroczkay-klara-torockoszentgyorgyi-sardi-simen-gyorgyne\/"},"modified":"2025-08-01T17:09:32","modified_gmt":"2025-08-01T15:09:32","slug":"thoroczkay-klara-torockoszentgyorgyi-sardi-simen-gyorgyne","status":"publish","type":"product","link":"https:\/\/uj.adatbank.ro\/lexikon\/termek\/thoroczkay-klara-torockoszentgyorgyi-sardi-simen-gyorgyne\/","title":{"rendered":"THOROCZKAY Kl\u00e1ra, torock\u00f3szentgy\u00f6rgyi, s\u00e1rdi Sim\u00e9n Gy\u00f6rgyn\u00e9"},"content":{"rendered":"<p>? \u2020 ?: f\u00f6ldbirtokos. \u2013 Fiaik: s\u00e1rdi Sim\u00e9n Gy\u00f6rgy (1778\u2013), Elek (1779\u2013), Kl\u00e1ra. \u2013 A csal\u00e1dnak udvarh\u00e1za volt Marosludason (1754) \u00e9s Kelementelk\u00e9n. Az 1848-as forradalom vez\u00e9re \u00e9s vez\u00e9rkara Mv.-r\u0151l \u00fatban Sz\u00e9kelykereszt\u00far fel\u00e9 Kelementelk\u00e9n a csal\u00e1d vend\u00e9ge volt eb\u00e9dre (1849. j\u00fal. 30.). J\u00f3kai M\u00f3r is felkereste ezt a k\u00fari\u00e1t (1853. m\u00e1j. 18\u201320.) \u00e9s megcsod\u00e1lta berendez\u00e9s\u00e9vel egy\u00fctt. A k\u00faria fal\u00e1n l\u00e9v\u0151 eml\u00e9kt\u00e1bla felirata hirdeti: \u201e\u00c1ldott legyen e h\u00e1z, ahol 1848. j\u00falius 30-\u00e1n utolj\u00e1ra eb\u00e9delt Pet\u0151fi S\u00e1ndor. \/ Erd\u00e9lyi k\u00f6r\u00fatja sor\u00e1n 1853. m\u00e1jus 18\u201320. k\u00f6z\u00f6tt e h\u00e1zban sz\u00e1llt meg J\u00f3kai M\u00f3r\u201d. Alatta Pet\u0151fi S\u00e1ndor \u00e9s Bem J\u00f3zsef bronzplakettjei l\u00e1that\u00f3k, amelyeket a sepsiszentgy\u00f6rgyi Dr. Kov\u00e1cs S\u00e1ndor Cserk\u00e9szcsapat k\u00e9sz\u00edttetett <br \/><strong>\u2013 Irod.:<\/strong> B\u00f6l\u00f6ni Domokos: Kelementelke is negyvennyolcas eml\u00e9khely (N\u00fa., 1998. m\u00e1j. 27.); Keresztes Gyula: A Mez\u0151s\u00e9g udvarh\u00e1zai 1. (N\u00fa., 1994. j\u00fan. 17); Keresztes Gyula: \u00d6r\u00f6ks\u00e9g\u00fcnk 64.: Udvarh\u00e1zak Kisk\u00fck\u00fcll\u0151-v\u00f6lgy\u00e9ben (N\u00fa., 1994. okt. 1.); Nagy Iv\u00e1n; P\u00e1lmay; Sepsisz\u00e9ki.<\/br><\/p>\n","protected":false},"excerpt":{"rendered":"<p>? \u2020 ?: f\u00f6ldbirtokos. \u2013 Fiaik: s\u00e1rdi Sim\u00e9n Gy\u00f6rgy (1778\u2013), Elek (1779\u2013), Kl\u00e1ra. \u2013 A csal\u00e1dnak udvarh\u00e1za volt Marosludason (1754) \u00e9s Kelementelk\u00e9n. Az 1848-as forradalom vez\u00e9re \u00e9s vez\u00e9rkara Mv.-r\u0151l \u00fatban Sz\u00e9kelykereszt\u00far fel\u00e9 Kelementelk\u00e9n a csal\u00e1d vend\u00e9ge volt eb\u00e9dre (1849. j\u00fal. 30.). J\u00f3kai M\u00f3r is felkereste ezt a k\u00fari\u00e1t (1853. m\u00e1j. 18\u201320.) \u00e9s megcsod\u00e1lta berendez\u00e9s\u00e9vel egy\u00fctt. [&hellip;]<\/p>\n","protected":false},"featured_media":0,"comment_status":"open","ping_status":"closed","template":"","meta":[],"product_brand":[],"product_cat":[137],"product_tag":[],"class_list":{"0":"post-23013","1":"product","2":"type-product","3":"status-publish","5":"product_cat-maros-megyei-eletrajzi-lexikon","7":"first","8":"instock","9":"shipping-taxable","10":"product-type-simple"},"_links":{"self":[{"href":"https:\/\/uj.adatbank.ro\/lexikon\/wp-json\/wp\/v2\/product\/23013","targetHints":{"allow":["GET"]}}],"collection":[{"href":"https:\/\/uj.adatbank.ro\/lexikon\/wp-json\/wp\/v2\/product"}],"about":[{"href":"https:\/\/uj.adatbank.ro\/lexikon\/wp-json\/wp\/v2\/types\/product"}],"replies":[{"embeddable":true,"href":"https:\/\/uj.adatbank.ro\/lexikon\/wp-json\/wp\/v2\/comments?post=23013"}],"wp:attachment":[{"href":"https:\/\/uj.adatbank.ro\/lexikon\/wp-json\/wp\/v2\/media?parent=23013"}],"wp:term":[{"taxonomy":"product_brand","embeddable":true,"href":"https:\/\/uj.adatbank.ro\/lexikon\/wp-json\/wp\/v2\/product_brand?post=23013"},{"taxonomy":"product_cat","embeddable":true,"href":"https:\/\/uj.adatbank.ro\/lexikon\/wp-json\/wp\/v2\/product_cat?post=23013"},{"taxonomy":"product_tag","embeddable":true,"href":"https:\/\/uj.adatbank.ro\/lexikon\/wp-json\/wp\/v2\/product_tag?post=23013"}],"curies":[{"name":"wp","href":"https:\/\/api.w.org\/{rel}","templated":true}]}}