{"id":23016,"date":"2025-08-01T17:09:39","date_gmt":"2025-08-01T15:09:39","guid":{"rendered":"https:\/\/uj.adatbank.ro\/lexikon\/termek\/thremall-dezso\/"},"modified":"2025-08-01T17:09:39","modified_gmt":"2025-08-01T15:09:39","slug":"thremall-dezso","status":"publish","type":"product","link":"https:\/\/uj.adatbank.ro\/lexikon\/termek\/thremall-dezso\/","title":{"rendered":"THREM\u00c1LL Dezs\u0151"},"content":{"rendered":"<p>? \u2020 ?: dr. R\u00e9szt vett Cs\u00edkv\u00e1rmegye m\u00e1rv\u00e1nyipara t\u00e1rgy\u00e1ban tartott el\u0151ad\u00e1st k\u00f6vet\u0151 vit\u00e1ban . <br \/><strong>\u2013 Irod.:<\/strong> Barab\u00e1s Gergely: Cs\u00edkv\u00e1rmegye m\u00e1rv\u00e1nyipara: Vitat\u00e1rgy (Mv., 1914).<\/br><\/p>\n","protected":false},"excerpt":{"rendered":"<p>? \u2020 ?: dr. R\u00e9szt vett Cs\u00edkv\u00e1rmegye m\u00e1rv\u00e1nyipara t\u00e1rgy\u00e1ban tartott el\u0151ad\u00e1st k\u00f6vet\u0151 vit\u00e1ban . \u2013 Irod.: Barab\u00e1s Gergely: Cs\u00edkv\u00e1rmegye m\u00e1rv\u00e1nyipara: Vitat\u00e1rgy (Mv., 1914).<\/p>\n","protected":false},"featured_media":0,"comment_status":"open","ping_status":"closed","template":"","meta":[],"product_brand":[],"product_cat":[137],"product_tag":[],"class_list":{"0":"post-23016","1":"product","2":"type-product","3":"status-publish","5":"product_cat-maros-megyei-eletrajzi-lexikon","7":"first","8":"instock","9":"shipping-taxable","10":"product-type-simple"},"_links":{"self":[{"href":"https:\/\/uj.adatbank.ro\/lexikon\/wp-json\/wp\/v2\/product\/23016","targetHints":{"allow":["GET"]}}],"collection":[{"href":"https:\/\/uj.adatbank.ro\/lexikon\/wp-json\/wp\/v2\/product"}],"about":[{"href":"https:\/\/uj.adatbank.ro\/lexikon\/wp-json\/wp\/v2\/types\/product"}],"replies":[{"embeddable":true,"href":"https:\/\/uj.adatbank.ro\/lexikon\/wp-json\/wp\/v2\/comments?post=23016"}],"wp:attachment":[{"href":"https:\/\/uj.adatbank.ro\/lexikon\/wp-json\/wp\/v2\/media?parent=23016"}],"wp:term":[{"taxonomy":"product_brand","embeddable":true,"href":"https:\/\/uj.adatbank.ro\/lexikon\/wp-json\/wp\/v2\/product_brand?post=23016"},{"taxonomy":"product_cat","embeddable":true,"href":"https:\/\/uj.adatbank.ro\/lexikon\/wp-json\/wp\/v2\/product_cat?post=23016"},{"taxonomy":"product_tag","embeddable":true,"href":"https:\/\/uj.adatbank.ro\/lexikon\/wp-json\/wp\/v2\/product_tag?post=23016"}],"curies":[{"name":"wp","href":"https:\/\/api.w.org\/{rel}","templated":true}]}}