{"id":23017,"date":"2025-08-01T17:09:42","date_gmt":"2025-08-01T15:09:42","guid":{"rendered":"https:\/\/uj.adatbank.ro\/lexikon\/termek\/thullner-erno\/"},"modified":"2025-08-01T17:09:42","modified_gmt":"2025-08-01T15:09:42","slug":"thullner-erno","status":"publish","type":"product","link":"https:\/\/uj.adatbank.ro\/lexikon\/termek\/thullner-erno\/","title":{"rendered":"THULLNER Ern\u0151"},"content":{"rendered":"<p>Berethalom, 1862. dec. 22., \u2020 ?: evang. lelk\u00e9sz. \u2013 A segesv\u00e1ri gimn\u00e1ziumot v\u00e9gezte (1880) \u00e9s kezdetben az orvosi p\u00e1ly\u00e1ra k\u00e9sz\u00fclt, azut\u00e1n a grazi egyetemen a b\u00f6lcseletet hallgatta, v\u00e9g\u00fcl a teol\u00f3gi\u00e1t \u00e9s tan\u00e1ri p\u00e1ly\u00e1t v\u00e1lasztotta; a lipcsei, majd a kolozsv\u00e1ri egyetemen tanult. Hogy teol\u00f3giai tanulm\u00e1nyait kieg\u00e9sz\u00edtse a berlini egyetem hallgat\u00f3ja lett (1885). Visszat\u00e9rve haz\u00e1j\u00e1ba Szent\u00e1got\u00e1ra v\u00e1lasztott\u00e1k a f\u0151elemi iskol\u00e1k igazgat\u00f3j\u00e1nak (1885), majd a medgyesi le\u00e1nyiskol\u00e1hoz; v\u00e1rosi lelk\u00e9sz lett Medgyesen (1889), Dobringban (1890) Nagyapoldon (1898). \u2013  <strong>F. m..:<\/strong> Ons der Rokestuw Lastich Geschichten \u00e4 saksesche Reimen. (Hermannstadt, 1892); B\u00e4 der Kalesok. Geschichten uch Liedcher.(Hermannstadt, 1888). <br \/><strong>\u2013 Irod.:<\/strong> Szinnyei.<\/br><\/p>\n","protected":false},"excerpt":{"rendered":"<p>Berethalom, 1862. dec. 22., \u2020 ?: evang. lelk\u00e9sz. \u2013 A segesv\u00e1ri gimn\u00e1ziumot v\u00e9gezte (1880) \u00e9s kezdetben az orvosi p\u00e1ly\u00e1ra k\u00e9sz\u00fclt, azut\u00e1n a grazi egyetemen a b\u00f6lcseletet hallgatta, v\u00e9g\u00fcl a teol\u00f3gi\u00e1t \u00e9s tan\u00e1ri p\u00e1ly\u00e1t v\u00e1lasztotta; a lipcsei, majd a kolozsv\u00e1ri egyetemen tanult. Hogy teol\u00f3giai tanulm\u00e1nyait kieg\u00e9sz\u00edtse a berlini egyetem hallgat\u00f3ja lett (1885). Visszat\u00e9rve haz\u00e1j\u00e1ba Szent\u00e1got\u00e1ra v\u00e1lasztott\u00e1k [&hellip;]<\/p>\n","protected":false},"featured_media":0,"comment_status":"open","ping_status":"closed","template":"","meta":[],"product_brand":[],"product_cat":[137],"product_tag":[],"class_list":{"0":"post-23017","1":"product","2":"type-product","3":"status-publish","5":"product_cat-maros-megyei-eletrajzi-lexikon","7":"first","8":"instock","9":"shipping-taxable","10":"product-type-simple"},"_links":{"self":[{"href":"https:\/\/uj.adatbank.ro\/lexikon\/wp-json\/wp\/v2\/product\/23017","targetHints":{"allow":["GET"]}}],"collection":[{"href":"https:\/\/uj.adatbank.ro\/lexikon\/wp-json\/wp\/v2\/product"}],"about":[{"href":"https:\/\/uj.adatbank.ro\/lexikon\/wp-json\/wp\/v2\/types\/product"}],"replies":[{"embeddable":true,"href":"https:\/\/uj.adatbank.ro\/lexikon\/wp-json\/wp\/v2\/comments?post=23017"}],"wp:attachment":[{"href":"https:\/\/uj.adatbank.ro\/lexikon\/wp-json\/wp\/v2\/media?parent=23017"}],"wp:term":[{"taxonomy":"product_brand","embeddable":true,"href":"https:\/\/uj.adatbank.ro\/lexikon\/wp-json\/wp\/v2\/product_brand?post=23017"},{"taxonomy":"product_cat","embeddable":true,"href":"https:\/\/uj.adatbank.ro\/lexikon\/wp-json\/wp\/v2\/product_cat?post=23017"},{"taxonomy":"product_tag","embeddable":true,"href":"https:\/\/uj.adatbank.ro\/lexikon\/wp-json\/wp\/v2\/product_tag?post=23017"}],"curies":[{"name":"wp","href":"https:\/\/api.w.org\/{rel}","templated":true}]}}