{"id":23018,"date":"2025-08-01T17:09:45","date_gmt":"2025-08-01T15:09:45","guid":{"rendered":"https:\/\/uj.adatbank.ro\/lexikon\/termek\/thumes-karl\/"},"modified":"2025-08-01T17:09:45","modified_gmt":"2025-08-01T15:09:45","slug":"thumes-karl","status":"publish","type":"product","link":"https:\/\/uj.adatbank.ro\/lexikon\/termek\/thumes-karl\/","title":{"rendered":"THUMES Karl"},"content":{"rendered":"<p>? 1916 \u2020 Sz\u00e1szr\u00e9gen, 2007: tan\u00e1r. \u2013 A r\u00e9geni N\u00e9met Iskola utols\u00f3 igazgat\u00f3ja (1958\u201364). \u00c9rdemei k\u00f6z\u00e9 tartozik a h\u00e1bor\u00fa ut\u00e1ni \u00e9vekben a r\u00e9geni n\u00e9met nyelv\u0171 oktat\u00e1s \u00fajj\u00e1szervez\u00e9se, \u00e9s a tan\u00edt\u00e1s beind\u00edt\u00e1sa (1946\u201347). Er\u0151fesz\u00edt\u00e9sei nyom\u00e1n siker\u00fclt az V\u2013VII. oszt.-t is beind\u00edtani (1955), majd n\u00e9met \u00f3vod\u00e1t is l\u00e9trehozott (1956\u2013). Eleinte iskolai \u00e9p\u00fclet sem volt, a Farkas vill\u00e1ban kaptak helyet (a mai Etnogr. M\u00fazeum \u00e9p\u00fclete), majd a dr. Lurtz h\u00e1z\u00e1ban (1958) (Fecske u. 5. sz.). Fiatal taner\u0151ket toborzott: Elfriede Wellmann (Thumes); Katharina Klein (Ganesch); Erika Schulerus; Otto Hartmann; Ilse Wellmann; Martin Ganesch. <br \/><strong>\u2013 Irod.:<\/strong> Ganesch.<\/br><\/p>\n","protected":false},"excerpt":{"rendered":"<p>? 1916 \u2020 Sz\u00e1szr\u00e9gen, 2007: tan\u00e1r. \u2013 A r\u00e9geni N\u00e9met Iskola utols\u00f3 igazgat\u00f3ja (1958\u201364). \u00c9rdemei k\u00f6z\u00e9 tartozik a h\u00e1bor\u00fa ut\u00e1ni \u00e9vekben a r\u00e9geni n\u00e9met nyelv\u0171 oktat\u00e1s \u00fajj\u00e1szervez\u00e9se, \u00e9s a tan\u00edt\u00e1s beind\u00edt\u00e1sa (1946\u201347). Er\u0151fesz\u00edt\u00e9sei nyom\u00e1n siker\u00fclt az V\u2013VII. oszt.-t is beind\u00edtani (1955), majd n\u00e9met \u00f3vod\u00e1t is l\u00e9trehozott (1956\u2013). Eleinte iskolai \u00e9p\u00fclet sem volt, a Farkas vill\u00e1ban [&hellip;]<\/p>\n","protected":false},"featured_media":0,"comment_status":"open","ping_status":"closed","template":"","meta":[],"product_brand":[],"product_cat":[137],"product_tag":[],"class_list":{"0":"post-23018","1":"product","2":"type-product","3":"status-publish","5":"product_cat-maros-megyei-eletrajzi-lexikon","7":"first","8":"instock","9":"shipping-taxable","10":"product-type-simple"},"_links":{"self":[{"href":"https:\/\/uj.adatbank.ro\/lexikon\/wp-json\/wp\/v2\/product\/23018","targetHints":{"allow":["GET"]}}],"collection":[{"href":"https:\/\/uj.adatbank.ro\/lexikon\/wp-json\/wp\/v2\/product"}],"about":[{"href":"https:\/\/uj.adatbank.ro\/lexikon\/wp-json\/wp\/v2\/types\/product"}],"replies":[{"embeddable":true,"href":"https:\/\/uj.adatbank.ro\/lexikon\/wp-json\/wp\/v2\/comments?post=23018"}],"wp:attachment":[{"href":"https:\/\/uj.adatbank.ro\/lexikon\/wp-json\/wp\/v2\/media?parent=23018"}],"wp:term":[{"taxonomy":"product_brand","embeddable":true,"href":"https:\/\/uj.adatbank.ro\/lexikon\/wp-json\/wp\/v2\/product_brand?post=23018"},{"taxonomy":"product_cat","embeddable":true,"href":"https:\/\/uj.adatbank.ro\/lexikon\/wp-json\/wp\/v2\/product_cat?post=23018"},{"taxonomy":"product_tag","embeddable":true,"href":"https:\/\/uj.adatbank.ro\/lexikon\/wp-json\/wp\/v2\/product_tag?post=23018"}],"curies":[{"name":"wp","href":"https:\/\/api.w.org\/{rel}","templated":true}]}}