{"id":23020,"date":"2025-08-01T17:09:49","date_gmt":"2025-08-01T15:09:49","guid":{"rendered":"https:\/\/uj.adatbank.ro\/lexikon\/termek\/thuri-berta-thury-rothenthal-henrikne\/"},"modified":"2025-08-01T17:09:49","modified_gmt":"2025-08-01T15:09:49","slug":"thuri-berta-thury-rothenthal-henrikne","status":"publish","type":"product","link":"https:\/\/uj.adatbank.ro\/lexikon\/termek\/thuri-berta-thury-rothenthal-henrikne\/","title":{"rendered":"TH\u00daRI Berta Thury, Rothenthal Henrikn\u00e9"},"content":{"rendered":"<p>Maroscsap\u00f3, 1831. jan. 28 \u2020 Mv., 1914. jan. 15: birtokos. \u2013 J\u00f3zsef \u00e9s hinkovai Macsk\u00e1si Polix\u00e9nia l\u00e1nya. F\u00e9rje br. Rothenthal Henrik. <br \/><strong>\u2013 Irod.:<\/strong> Gudenus; P\u00e1lmay 2.<\/br><\/p>\n","protected":false},"excerpt":{"rendered":"<p>Maroscsap\u00f3, 1831. jan. 28 \u2020 Mv., 1914. jan. 15: birtokos. \u2013 J\u00f3zsef \u00e9s hinkovai Macsk\u00e1si Polix\u00e9nia l\u00e1nya. F\u00e9rje br. Rothenthal Henrik. \u2013 Irod.: Gudenus; P\u00e1lmay 2.<\/p>\n","protected":false},"featured_media":0,"comment_status":"open","ping_status":"closed","template":"","meta":[],"product_brand":[],"product_cat":[137],"product_tag":[],"class_list":{"0":"post-23020","1":"product","2":"type-product","3":"status-publish","5":"product_cat-maros-megyei-eletrajzi-lexikon","7":"first","8":"instock","9":"shipping-taxable","10":"product-type-simple"},"_links":{"self":[{"href":"https:\/\/uj.adatbank.ro\/lexikon\/wp-json\/wp\/v2\/product\/23020","targetHints":{"allow":["GET"]}}],"collection":[{"href":"https:\/\/uj.adatbank.ro\/lexikon\/wp-json\/wp\/v2\/product"}],"about":[{"href":"https:\/\/uj.adatbank.ro\/lexikon\/wp-json\/wp\/v2\/types\/product"}],"replies":[{"embeddable":true,"href":"https:\/\/uj.adatbank.ro\/lexikon\/wp-json\/wp\/v2\/comments?post=23020"}],"wp:attachment":[{"href":"https:\/\/uj.adatbank.ro\/lexikon\/wp-json\/wp\/v2\/media?parent=23020"}],"wp:term":[{"taxonomy":"product_brand","embeddable":true,"href":"https:\/\/uj.adatbank.ro\/lexikon\/wp-json\/wp\/v2\/product_brand?post=23020"},{"taxonomy":"product_cat","embeddable":true,"href":"https:\/\/uj.adatbank.ro\/lexikon\/wp-json\/wp\/v2\/product_cat?post=23020"},{"taxonomy":"product_tag","embeddable":true,"href":"https:\/\/uj.adatbank.ro\/lexikon\/wp-json\/wp\/v2\/product_tag?post=23020"}],"curies":[{"name":"wp","href":"https:\/\/api.w.org\/{rel}","templated":true}]}}