{"id":23022,"date":"2025-08-01T17:09:56","date_gmt":"2025-08-01T15:09:56","guid":{"rendered":"https:\/\/uj.adatbank.ro\/lexikon\/termek\/thuri-ferenc-thury\/"},"modified":"2025-08-01T17:09:56","modified_gmt":"2025-08-01T15:09:56","slug":"thuri-ferenc-thury","status":"publish","type":"product","link":"https:\/\/uj.adatbank.ro\/lexikon\/termek\/thuri-ferenc-thury\/","title":{"rendered":"TH\u00daRI Ferenc, Thury"},"content":{"rendered":"<p>? \u2020 ?: harangk\u00e9sz\u00edt\u0151. \u2013 A mv.-i volt V\u00e1rosh\u00e1za (ma prefektusi hivatal) \u00e9p\u00fclet\u00e9nek harangj\u00e1t k\u00e9sz\u00edtette (1906\u201307). <br \/><strong>\u2013 Irod.:<\/strong> Kereszetes Gyula: Szecesszi\u00f3 Mv.-en 4.: A V\u00e1rosh\u00e1za (N\u00fa., 1991. okt. 26.); Maros megye; Mv. r\u00e9gi V\u00e1rosh\u00e1za; Mv. V\u00e1rosh\u00e1za.<\/br><\/p>\n","protected":false},"excerpt":{"rendered":"<p>? \u2020 ?: harangk\u00e9sz\u00edt\u0151. \u2013 A mv.-i volt V\u00e1rosh\u00e1za (ma prefektusi hivatal) \u00e9p\u00fclet\u00e9nek harangj\u00e1t k\u00e9sz\u00edtette (1906\u201307). \u2013 Irod.: Kereszetes Gyula: Szecesszi\u00f3 Mv.-en 4.: A V\u00e1rosh\u00e1za (N\u00fa., 1991. okt. 26.); Maros megye; Mv. r\u00e9gi V\u00e1rosh\u00e1za; Mv. V\u00e1rosh\u00e1za.<\/p>\n","protected":false},"featured_media":0,"comment_status":"open","ping_status":"closed","template":"","meta":[],"product_brand":[],"product_cat":[137],"product_tag":[],"class_list":{"0":"post-23022","1":"product","2":"type-product","3":"status-publish","5":"product_cat-maros-megyei-eletrajzi-lexikon","7":"first","8":"instock","9":"shipping-taxable","10":"product-type-simple"},"_links":{"self":[{"href":"https:\/\/uj.adatbank.ro\/lexikon\/wp-json\/wp\/v2\/product\/23022","targetHints":{"allow":["GET"]}}],"collection":[{"href":"https:\/\/uj.adatbank.ro\/lexikon\/wp-json\/wp\/v2\/product"}],"about":[{"href":"https:\/\/uj.adatbank.ro\/lexikon\/wp-json\/wp\/v2\/types\/product"}],"replies":[{"embeddable":true,"href":"https:\/\/uj.adatbank.ro\/lexikon\/wp-json\/wp\/v2\/comments?post=23022"}],"wp:attachment":[{"href":"https:\/\/uj.adatbank.ro\/lexikon\/wp-json\/wp\/v2\/media?parent=23022"}],"wp:term":[{"taxonomy":"product_brand","embeddable":true,"href":"https:\/\/uj.adatbank.ro\/lexikon\/wp-json\/wp\/v2\/product_brand?post=23022"},{"taxonomy":"product_cat","embeddable":true,"href":"https:\/\/uj.adatbank.ro\/lexikon\/wp-json\/wp\/v2\/product_cat?post=23022"},{"taxonomy":"product_tag","embeddable":true,"href":"https:\/\/uj.adatbank.ro\/lexikon\/wp-json\/wp\/v2\/product_tag?post=23022"}],"curies":[{"name":"wp","href":"https:\/\/api.w.org\/{rel}","templated":true}]}}