{"id":23023,"date":"2025-08-01T17:09:58","date_gmt":"2025-08-01T15:09:58","guid":{"rendered":"https:\/\/uj.adatbank.ro\/lexikon\/termek\/thuri-gergely-thury-tamasfalvi\/"},"modified":"2025-08-01T17:09:58","modified_gmt":"2025-08-01T15:09:58","slug":"thuri-gergely-thury-tamasfalvi","status":"publish","type":"product","link":"https:\/\/uj.adatbank.ro\/lexikon\/termek\/thuri-gergely-thury-tamasfalvi\/","title":{"rendered":"TH\u00daRI Gergely, Thury, tam\u00e1sfalvi"},"content":{"rendered":"<p>1826., \u2020 Tam\u00e1sfalva, 1888. dec. 3.: f\u0151isp\u00e1n. \u2013 Ferenc kir hivatalos \u00e9s gelenczei Csoma Anna fia. Testv\u00e9rei: T. Juli\u00e1nna \u2013 Vitkay Ferencn\u00e9; T. Katalin; T. M\u00e1ria \u2013 l\u00e9czfalvi Gy\u00e1rf\u00e1s J\u00e1nosn\u00e9. Feles\u00e9ge kadicsfalvi T\u00f6r\u00f6k Ter\u00e9zia, homor\u00f3dszentm\u00e1rtoni Bir\u00f3 M\u00e1ria. A honv\u00e9ds\u00e9g fel\u00e1ll\u00edt\u00e1sakor husz\u00e1rkapit\u00e1nynak lett kinevezve. 1848\u201349-es honv\u00e9dsz\u00e1zados. Fels\u0151-Feh\u00e9r megye ogy.-i k\u00e9pvisel\u0151je volt. Ferenc J\u00f3zsef kir\u00e1ly Mv., Erzs\u00e9betv\u00e1ros, Fogaras \u00e9s Sz\u00e1szr\u00e9gen t\u00f6rv\u00e9nyhat\u00f3s\u00e1ggal b\u00edr\u00f3 v\u00e1rosok f\u0151isp\u00e1nj\u00e1v\u00e1 nevezte ki (1870. t\u00f6rv\u00e9ny 42. c. alapj\u00e1n). Mv.-i sz. kir. v\u00e1ros els\u0151 f\u0151isp\u00e1nja (beiktat\u00e1sa: 1871. szept. 16.\u201376). A v\u00e1rosi f\u0151isp\u00e1ns\u00e1gok a megyerendez\u00e9skor megsz\u0171ntek (1876). <br \/><strong>\u2013 Irod.:<\/strong> Gy\u00e1szjelent\u0151; Moln\u00e1r G\u00e1bor: Mv. els\u0151 f\u0151isp\u00e1nja (Marosv\u00e1s\u00e1rhely, 1913. jan. 1.).<\/br><\/p>\n","protected":false},"excerpt":{"rendered":"<p>1826., \u2020 Tam\u00e1sfalva, 1888. dec. 3.: f\u0151isp\u00e1n. \u2013 Ferenc kir hivatalos \u00e9s gelenczei Csoma Anna fia. Testv\u00e9rei: T. Juli\u00e1nna \u2013 Vitkay Ferencn\u00e9; T. Katalin; T. M\u00e1ria \u2013 l\u00e9czfalvi Gy\u00e1rf\u00e1s J\u00e1nosn\u00e9. Feles\u00e9ge kadicsfalvi T\u00f6r\u00f6k Ter\u00e9zia, homor\u00f3dszentm\u00e1rtoni Bir\u00f3 M\u00e1ria. A honv\u00e9ds\u00e9g fel\u00e1ll\u00edt\u00e1sakor husz\u00e1rkapit\u00e1nynak lett kinevezve. 1848\u201349-es honv\u00e9dsz\u00e1zados. Fels\u0151-Feh\u00e9r megye ogy.-i k\u00e9pvisel\u0151je volt. Ferenc J\u00f3zsef kir\u00e1ly Mv., Erzs\u00e9betv\u00e1ros, [&hellip;]<\/p>\n","protected":false},"featured_media":0,"comment_status":"open","ping_status":"closed","template":"","meta":[],"product_brand":[],"product_cat":[137],"product_tag":[],"class_list":{"0":"post-23023","1":"product","2":"type-product","3":"status-publish","5":"product_cat-maros-megyei-eletrajzi-lexikon","7":"first","8":"instock","9":"shipping-taxable","10":"product-type-simple"},"_links":{"self":[{"href":"https:\/\/uj.adatbank.ro\/lexikon\/wp-json\/wp\/v2\/product\/23023","targetHints":{"allow":["GET"]}}],"collection":[{"href":"https:\/\/uj.adatbank.ro\/lexikon\/wp-json\/wp\/v2\/product"}],"about":[{"href":"https:\/\/uj.adatbank.ro\/lexikon\/wp-json\/wp\/v2\/types\/product"}],"replies":[{"embeddable":true,"href":"https:\/\/uj.adatbank.ro\/lexikon\/wp-json\/wp\/v2\/comments?post=23023"}],"wp:attachment":[{"href":"https:\/\/uj.adatbank.ro\/lexikon\/wp-json\/wp\/v2\/media?parent=23023"}],"wp:term":[{"taxonomy":"product_brand","embeddable":true,"href":"https:\/\/uj.adatbank.ro\/lexikon\/wp-json\/wp\/v2\/product_brand?post=23023"},{"taxonomy":"product_cat","embeddable":true,"href":"https:\/\/uj.adatbank.ro\/lexikon\/wp-json\/wp\/v2\/product_cat?post=23023"},{"taxonomy":"product_tag","embeddable":true,"href":"https:\/\/uj.adatbank.ro\/lexikon\/wp-json\/wp\/v2\/product_tag?post=23023"}],"curies":[{"name":"wp","href":"https:\/\/api.w.org\/{rel}","templated":true}]}}