{"id":23025,"date":"2025-08-01T17:10:03","date_gmt":"2025-08-01T15:10:03","guid":{"rendered":"https:\/\/uj.adatbank.ro\/lexikon\/termek\/thuri-josef-thury-tamasfalvi\/"},"modified":"2025-08-01T17:10:03","modified_gmt":"2025-08-01T15:10:03","slug":"thuri-josef-thury-tamasfalvi","status":"publish","type":"product","link":"https:\/\/uj.adatbank.ro\/lexikon\/termek\/thuri-josef-thury-tamasfalvi\/","title":{"rendered":"THURI J\u00f3sef, Th\u00fary, tam\u00e1sfalvi"},"content":{"rendered":"<p>1804? \u2020 Mv., 1861. szept. 20., Egerszegen temett\u00e9k: f\u00f6ldbirtokos. \u2013 J\u00f3zsef gub. tan\u00e1csos \u00e9s \u00e1rapataki Ger\u00e9b Jozefa fia. Feles\u00e9ge hinkovai Macsk\u00e1si Polix\u00e9nia. Le\u00e1nya T. Bertha br. Rothenthal Henrichn\u00e9 <br \/><strong>\u2013 Irod.:<\/strong> Gy\u00e1szjelent\u0151; P\u00e1lmay 2.<\/br><\/p>\n","protected":false},"excerpt":{"rendered":"<p>1804? \u2020 Mv., 1861. szept. 20., Egerszegen temett\u00e9k: f\u00f6ldbirtokos. \u2013 J\u00f3zsef gub. tan\u00e1csos \u00e9s \u00e1rapataki Ger\u00e9b Jozefa fia. Feles\u00e9ge hinkovai Macsk\u00e1si Polix\u00e9nia. Le\u00e1nya T. Bertha br. Rothenthal Henrichn\u00e9 \u2013 Irod.: Gy\u00e1szjelent\u0151; P\u00e1lmay 2.<\/p>\n","protected":false},"featured_media":0,"comment_status":"open","ping_status":"closed","template":"","meta":[],"product_brand":[],"product_cat":[137],"product_tag":[],"class_list":{"0":"post-23025","1":"product","2":"type-product","3":"status-publish","5":"product_cat-maros-megyei-eletrajzi-lexikon","7":"first","8":"instock","9":"shipping-taxable","10":"product-type-simple"},"_links":{"self":[{"href":"https:\/\/uj.adatbank.ro\/lexikon\/wp-json\/wp\/v2\/product\/23025","targetHints":{"allow":["GET"]}}],"collection":[{"href":"https:\/\/uj.adatbank.ro\/lexikon\/wp-json\/wp\/v2\/product"}],"about":[{"href":"https:\/\/uj.adatbank.ro\/lexikon\/wp-json\/wp\/v2\/types\/product"}],"replies":[{"embeddable":true,"href":"https:\/\/uj.adatbank.ro\/lexikon\/wp-json\/wp\/v2\/comments?post=23025"}],"wp:attachment":[{"href":"https:\/\/uj.adatbank.ro\/lexikon\/wp-json\/wp\/v2\/media?parent=23025"}],"wp:term":[{"taxonomy":"product_brand","embeddable":true,"href":"https:\/\/uj.adatbank.ro\/lexikon\/wp-json\/wp\/v2\/product_brand?post=23025"},{"taxonomy":"product_cat","embeddable":true,"href":"https:\/\/uj.adatbank.ro\/lexikon\/wp-json\/wp\/v2\/product_cat?post=23025"},{"taxonomy":"product_tag","embeddable":true,"href":"https:\/\/uj.adatbank.ro\/lexikon\/wp-json\/wp\/v2\/product_tag?post=23025"}],"curies":[{"name":"wp","href":"https:\/\/api.w.org\/{rel}","templated":true}]}}