{"id":23026,"date":"2025-08-01T17:10:05","date_gmt":"2025-08-01T15:10:05","guid":{"rendered":"https:\/\/uj.adatbank.ro\/lexikon\/termek\/thuroczi-v-turoczy-adolf\/"},"modified":"2025-08-01T17:10:05","modified_gmt":"2025-08-01T15:10:05","slug":"thuroczi-v-turoczy-adolf","status":"publish","type":"product","link":"https:\/\/uj.adatbank.ro\/lexikon\/termek\/thuroczi-v-turoczy-adolf\/","title":{"rendered":"THUR\u00d3CZI v. TUR\u00d3CZY Adolf"},"content":{"rendered":"<p>? \u2020 ?: A Sz\u00e9kely M\u0171vel\u0151d\u00e9si \u00e9s K\u00f6zgazdas\u00e1gi Egylet eln\u00f6ke, az \u201eiparm\u00fazeumi bizotts\u00e1g\u201d t\u00e1rseln\u00f6kek\u00e9nt v\u00e9gezte a mv.-i Sz\u00e9kelyf\u00f6ldi Iparm\u00fazeum szervez\u00e9si munk\u00e1j\u00e1t (1885). <br \/><strong>\u2013 Irod.:<\/strong> Ga\u00e1l K.: A Sz\u00e9kelyf\u00f6ldi Iparm\u00fazeum Marosv\u00e1s\u00e1rhelyt; Id\u0151t\u00e1r 2.<\/br><\/p>\n","protected":false},"excerpt":{"rendered":"<p>? \u2020 ?: A Sz\u00e9kely M\u0171vel\u0151d\u00e9si \u00e9s K\u00f6zgazdas\u00e1gi Egylet eln\u00f6ke, az \u201eiparm\u00fazeumi bizotts\u00e1g\u201d t\u00e1rseln\u00f6kek\u00e9nt v\u00e9gezte a mv.-i Sz\u00e9kelyf\u00f6ldi Iparm\u00fazeum szervez\u00e9si munk\u00e1j\u00e1t (1885). \u2013 Irod.: Ga\u00e1l K.: A Sz\u00e9kelyf\u00f6ldi Iparm\u00fazeum Marosv\u00e1s\u00e1rhelyt; Id\u0151t\u00e1r 2.<\/p>\n","protected":false},"featured_media":0,"comment_status":"open","ping_status":"closed","template":"","meta":[],"product_brand":[],"product_cat":[137],"product_tag":[],"class_list":{"0":"post-23026","1":"product","2":"type-product","3":"status-publish","5":"product_cat-maros-megyei-eletrajzi-lexikon","7":"first","8":"instock","9":"shipping-taxable","10":"product-type-simple"},"_links":{"self":[{"href":"https:\/\/uj.adatbank.ro\/lexikon\/wp-json\/wp\/v2\/product\/23026","targetHints":{"allow":["GET"]}}],"collection":[{"href":"https:\/\/uj.adatbank.ro\/lexikon\/wp-json\/wp\/v2\/product"}],"about":[{"href":"https:\/\/uj.adatbank.ro\/lexikon\/wp-json\/wp\/v2\/types\/product"}],"replies":[{"embeddable":true,"href":"https:\/\/uj.adatbank.ro\/lexikon\/wp-json\/wp\/v2\/comments?post=23026"}],"wp:attachment":[{"href":"https:\/\/uj.adatbank.ro\/lexikon\/wp-json\/wp\/v2\/media?parent=23026"}],"wp:term":[{"taxonomy":"product_brand","embeddable":true,"href":"https:\/\/uj.adatbank.ro\/lexikon\/wp-json\/wp\/v2\/product_brand?post=23026"},{"taxonomy":"product_cat","embeddable":true,"href":"https:\/\/uj.adatbank.ro\/lexikon\/wp-json\/wp\/v2\/product_cat?post=23026"},{"taxonomy":"product_tag","embeddable":true,"href":"https:\/\/uj.adatbank.ro\/lexikon\/wp-json\/wp\/v2\/product_tag?post=23026"}],"curies":[{"name":"wp","href":"https:\/\/api.w.org\/{rel}","templated":true}]}}