{"id":23027,"date":"2025-08-01T17:10:07","date_gmt":"2025-08-01T15:10:07","guid":{"rendered":"https:\/\/uj.adatbank.ro\/lexikon\/termek\/thuroczy-istvan\/"},"modified":"2025-08-01T17:10:07","modified_gmt":"2025-08-01T15:10:07","slug":"thuroczy-istvan","status":"publish","type":"product","link":"https:\/\/uj.adatbank.ro\/lexikon\/termek\/thuroczy-istvan\/","title":{"rendered":"THUR\u00d3CZY Istv\u00e1n"},"content":{"rendered":"<p>Maroscsap\u00f3 (Maros), 1876. dec. 13., \u2020 ?: vas\u00fati tisztvisel\u0151. \u2013 Sz\u00fclei T. K\u00e1lm\u00e1n f\u00f6ldbirtokos \u00e9s S\u00e1ndor Lujza. Feles\u00e9ge \u00dajhelyi M\u00e1ria Anaszt\u00e1zia. \u00c9retts\u00e9gi \u00e9s katonas\u00e1g ut\u00e1n a M. Kir. \u00c1llamvasutak szolg\u00e1lat\u00e1ba l\u00e9pett (1900. m\u00e1j. 30.\u2013), t\u00e1vir\u00e1szati, forgalmi, kereskedelmi, vas\u00fati tisztk\u00e9pz\u0151 vizsg\u00e1kat tett. Dolgozott Tokajban, Bustyah\u00e1z\u00e1n, Kir\u00e1lyh\u00e1z\u00e1n, M\u00e1ramarosszigeten, Debrecenben. A Mo.-i Szoci\u00e1ldemokrata P\u00e1rt tagja volt, a M\u00c1V Debreceni Igazgat\u00f3s\u00e1ga ter\u00fclet\u00e9n munk\u00e1lkodott a M. Vasutas Sz\u00f6vets\u00e9g helyi szervezet\u00e9nek megalak\u00edt\u00e1s\u00e1n, de kil\u00e9pett mind a kett\u0151b\u0151l, mert a forradalom elt\u00e9rt a nemzeti ir\u00e1nyt\u00f3l (1918. dec.). Bel\u00e9pett a F\u00fcggetlens\u00e9gi P\u00e1rtba, majd kil\u00e9pett. A Debreceni Sz\u00e9kely T\u00e1rsas\u00e1g tagja, majd titk\u00e1ra. Megalak\u00edtott\u00e1k a Sz\u00e9kely Hadoszt\u00e1ly Titkos Katonai- \u00e9s Politikai Bizotts\u00e1g\u00e1t (1919), amelyben vezet\u0151 szerepe volt. Szegeden megalak\u00edtott\u00e1k az Orsz\u00e1gos Sz\u00e9kely Nemzeti Tan\u00e1csot, amelynek v\u00e1lasztm\u00e1nyi tagja lett \u00e9s megfogalmaztak egy tilatkoz\u00f3 memorandumot Erd\u00e9ly Rom\u00e1ni\u00e1hoz csatol\u00e1sa miatt. Kil\u00e9pett a M\u00c1V szolg\u00e1lat\u00e1b\u00f3l (1920. dec.). Bej\u00e1rta Erd\u00e9lyt, sikertelen mer\u00e9nyletet tervezett a rom\u00e1n kir. ellen (1922), letart\u00f3ztatt\u00e1k, \u00e9s t\u00edz \u00e9v b\u00f6rt\u00f6nb\u00fcntet\u00e9sre \u00edt\u00e9lt\u00e9k (1924. febr. 26), b\u0171n\u00f6snek tal\u00e1lt\u00e1k a kir. elleni \u00f6sszeesk\u00fcv\u00e9s- \u00e9s mer\u00e9nylet el\u0151k\u00e9sz\u00edt\u00e9s\u00e9ben. Zsil\u00e1va, V\u0103c\u0103re\u015fti, Craiova b\u00f6rt\u00f6neiben szenvedett, betegen, depresszi\u00f3san, amneszti\u00e1val szabadult (1930. aug. 27.). M\u00c1V-titk\u00e1ri rangban dolgozott, m\u00edg nyug\u00e1llom\u00e1nyba vonult (1931\u201336). <br \/><strong>\u2013 Irod.:<\/strong> Gottfried Barna: T. I. \u00e9s a rom\u00e1n kir\u00e1ly elleni mer\u00e9nyletterv (Sz\u00e9kelyf\u00f6ld, 2010. j\u00fal., 7. sz.,); Gottfried\u2013Nagy.<\/br><\/p>\n","protected":false},"excerpt":{"rendered":"<p>Maroscsap\u00f3 (Maros), 1876. dec. 13., \u2020 ?: vas\u00fati tisztvisel\u0151. \u2013 Sz\u00fclei T. K\u00e1lm\u00e1n f\u00f6ldbirtokos \u00e9s S\u00e1ndor Lujza. Feles\u00e9ge \u00dajhelyi M\u00e1ria Anaszt\u00e1zia. \u00c9retts\u00e9gi \u00e9s katonas\u00e1g ut\u00e1n a M. Kir. \u00c1llamvasutak szolg\u00e1lat\u00e1ba l\u00e9pett (1900. m\u00e1j. 30.\u2013), t\u00e1vir\u00e1szati, forgalmi, kereskedelmi, vas\u00fati tisztk\u00e9pz\u0151 vizsg\u00e1kat tett. Dolgozott Tokajban, Bustyah\u00e1z\u00e1n, Kir\u00e1lyh\u00e1z\u00e1n, M\u00e1ramarosszigeten, Debrecenben. A Mo.-i Szoci\u00e1ldemokrata P\u00e1rt tagja volt, a M\u00c1V [&hellip;]<\/p>\n","protected":false},"featured_media":0,"comment_status":"open","ping_status":"closed","template":"","meta":[],"product_brand":[],"product_cat":[137],"product_tag":[],"class_list":{"0":"post-23027","1":"product","2":"type-product","3":"status-publish","5":"product_cat-maros-megyei-eletrajzi-lexikon","7":"first","8":"instock","9":"shipping-taxable","10":"product-type-simple"},"_links":{"self":[{"href":"https:\/\/uj.adatbank.ro\/lexikon\/wp-json\/wp\/v2\/product\/23027","targetHints":{"allow":["GET"]}}],"collection":[{"href":"https:\/\/uj.adatbank.ro\/lexikon\/wp-json\/wp\/v2\/product"}],"about":[{"href":"https:\/\/uj.adatbank.ro\/lexikon\/wp-json\/wp\/v2\/types\/product"}],"replies":[{"embeddable":true,"href":"https:\/\/uj.adatbank.ro\/lexikon\/wp-json\/wp\/v2\/comments?post=23027"}],"wp:attachment":[{"href":"https:\/\/uj.adatbank.ro\/lexikon\/wp-json\/wp\/v2\/media?parent=23027"}],"wp:term":[{"taxonomy":"product_brand","embeddable":true,"href":"https:\/\/uj.adatbank.ro\/lexikon\/wp-json\/wp\/v2\/product_brand?post=23027"},{"taxonomy":"product_cat","embeddable":true,"href":"https:\/\/uj.adatbank.ro\/lexikon\/wp-json\/wp\/v2\/product_cat?post=23027"},{"taxonomy":"product_tag","embeddable":true,"href":"https:\/\/uj.adatbank.ro\/lexikon\/wp-json\/wp\/v2\/product_tag?post=23027"}],"curies":[{"name":"wp","href":"https:\/\/api.w.org\/{rel}","templated":true}]}}