{"id":23031,"date":"2025-08-01T17:10:19","date_gmt":"2025-08-01T15:10:19","guid":{"rendered":"https:\/\/uj.adatbank.ro\/lexikon\/termek\/tibald-miklos-sepsikorospataki\/"},"modified":"2025-08-01T17:10:19","modified_gmt":"2025-08-01T15:10:19","slug":"tibald-miklos-sepsikorospataki","status":"publish","type":"product","link":"https:\/\/uj.adatbank.ro\/lexikon\/termek\/tibald-miklos-sepsikorospataki\/","title":{"rendered":"TIB\u00c1LD Mikl\u00f3s, sepsik\u00f6r\u00f6spataki"},"content":{"rendered":"<p>Mv., 1868, \u2020 Mv., 1930. j\u00fal. 3.: orvos. \u2013 Iskol\u00e1it Szebenben kezdte, Kv.-on \u00e9retts\u00e9gizett, az orvosi egyetemet Bp.-en v\u00e9gezte (1892\u201393, orvos dr.1895). Orvos Bar\u00f3ton (1895). <br \/><strong>\u2013 Irod.:<\/strong> H\u00f6gyes; Kiss\u2013P\u00e9terffy\u2013P\u00e9terffy; Kiss Cs. M 4.; P\u00e1lmay.<\/br><\/p>\n","protected":false},"excerpt":{"rendered":"<p>Mv., 1868, \u2020 Mv., 1930. j\u00fal. 3.: orvos. \u2013 Iskol\u00e1it Szebenben kezdte, Kv.-on \u00e9retts\u00e9gizett, az orvosi egyetemet Bp.-en v\u00e9gezte (1892\u201393, orvos dr.1895). Orvos Bar\u00f3ton (1895). \u2013 Irod.: H\u00f6gyes; Kiss\u2013P\u00e9terffy\u2013P\u00e9terffy; Kiss Cs. M 4.; P\u00e1lmay.<\/p>\n","protected":false},"featured_media":0,"comment_status":"open","ping_status":"closed","template":"","meta":[],"product_brand":[],"product_cat":[137],"product_tag":[],"class_list":{"0":"post-23031","1":"product","2":"type-product","3":"status-publish","5":"product_cat-maros-megyei-eletrajzi-lexikon","7":"first","8":"instock","9":"shipping-taxable","10":"product-type-simple"},"_links":{"self":[{"href":"https:\/\/uj.adatbank.ro\/lexikon\/wp-json\/wp\/v2\/product\/23031","targetHints":{"allow":["GET"]}}],"collection":[{"href":"https:\/\/uj.adatbank.ro\/lexikon\/wp-json\/wp\/v2\/product"}],"about":[{"href":"https:\/\/uj.adatbank.ro\/lexikon\/wp-json\/wp\/v2\/types\/product"}],"replies":[{"embeddable":true,"href":"https:\/\/uj.adatbank.ro\/lexikon\/wp-json\/wp\/v2\/comments?post=23031"}],"wp:attachment":[{"href":"https:\/\/uj.adatbank.ro\/lexikon\/wp-json\/wp\/v2\/media?parent=23031"}],"wp:term":[{"taxonomy":"product_brand","embeddable":true,"href":"https:\/\/uj.adatbank.ro\/lexikon\/wp-json\/wp\/v2\/product_brand?post=23031"},{"taxonomy":"product_cat","embeddable":true,"href":"https:\/\/uj.adatbank.ro\/lexikon\/wp-json\/wp\/v2\/product_cat?post=23031"},{"taxonomy":"product_tag","embeddable":true,"href":"https:\/\/uj.adatbank.ro\/lexikon\/wp-json\/wp\/v2\/product_tag?post=23031"}],"curies":[{"name":"wp","href":"https:\/\/api.w.org\/{rel}","templated":true}]}}