{"id":23032,"date":"2025-08-01T17:10:21","date_gmt":"2025-08-01T15:10:21","guid":{"rendered":"https:\/\/uj.adatbank.ro\/lexikon\/termek\/tiboldi-istvan-%c2%a7-szentmiklosi\/"},"modified":"2025-08-01T17:10:21","modified_gmt":"2025-08-01T15:10:21","slug":"tiboldi-istvan-%c2%a7-szentmiklosi","status":"publish","type":"product","link":"https:\/\/uj.adatbank.ro\/lexikon\/termek\/tiboldi-istvan-%c2%a7-szentmiklosi\/","title":{"rendered":"TIBOLDI Istv\u00e1n, \u00a7 szentmikl\u00f3si"},"content":{"rendered":"<p>Tarcsfalva, 1792. dec. 26., \u2020 Nagykede, 1880. \u00e1pr. 17.: tan\u00edt\u00f3, k\u00f6lt\u0151, n\u00e9pk\u00f6lt\u00e9sgy\u0171jt\u0151. \u2013 Apja (\u2020 1811) f\u00f6ld\u00e9sz, f\u00f6ldm\u00e9r\u0151, falusi assessor. Anyja \u00dcrm\u00f6si M\u00e1ria, a sim\u00e9nfalvi lelk\u00e9sz, \u00dcrm\u00f6si J\u00e1nos le\u00e1nya. \u2013 Apja sz\u00e9kelyszentmikl\u00f3si birtok\u00e1ra k\u00f6lt\u00f6z\u00f6tt a csal\u00e1d. H\u00e9t \u00e9vesen kezdett tanulni a sim\u00e9nfalvi iskol\u00e1ban, majd Sz\u00e9kelykereszt\u00faron (1805\u201313), Kv.-on tanult (1813\u201317), ahol apja hal\u00e1la ut\u00e1n egy \u00fcgyv\u00e9dn\u00e9l seg\u00e9dkezett \u00e9s ez\u00e9rt eb\u00e9det kapott. A tordai k\u00f6z\u00e9piskol\u00e1ban k\u00f6ztan\u00edt\u00f3 (1817\u2013). Szentgeric\u00e9n volt unit. n\u00e9ptan\u00edt\u00f3 (1819\u201344). Jakab Elek tan\u00edtv\u00e1nya volt. Betegs\u00e9ge miatt szentmikl\u00f3si birtok\u00e1n \u00e9lt (1844\u2013). Felgy\u00f3gyul\u00e1sa ut\u00e1n a falubeli \u00e9s a kis- \u00e9s nagykedei iskol\u00e1ban tan\u00edtott, ahol a szomsz\u00e9d falvak gyermekeit is tan\u00edtotta (1845\u201348). Els\u0151 verseit a Rem\u00e9ny k\u00f6z\u00f6lte (1840), Sz\u00e9kely K\u00f6zl\u00f6ny, Vas\u00e1rnapi Ujs\u00e1g. Hal\u00e1la ut\u00e1n \u00edr\u00e1sait k\u00f6z\u00f6lte a Kereszt\u00e9ny Magvet\u0151, Unit\u00e1rius Egyh\u00e1z mell\u00e9klete (1928), Igaz Sz\u00f3. Kor\u00e1nak ismert n\u00e9pk\u00f6lt\u0151je volt: \u00edrt lakodalmi \u00e9s s\u00edrverseket, kopors\u00f3feliratokat, halotti b\u00facs\u00faztat\u00f3kat, n\u00e9vnapi k\u00f6sz\u00f6nt\u0151ket, vid\u00e1m, enyh\u00e9n csipkel\u0151d\u0151 epigramm\u00e1kat, mes\u00e9ket. Az utols\u00f3 versezet\u00e9t Kereszt\u00fari vend\u00e9gl\u0151 c.-mel \u00edrta (83 \u00e9vesen). Kriza J\u00e1nos \u00e9s Szentiv\u00e1ni Mih\u00e1ly k\u00f6r\u00e9ben megszerette a n\u00e9pk\u00f6lt\u00e9si gy\u0171jt\u00e9st \u00e9s a n\u00e9pdal m\u0171vel\u00e9s\u00e9t, Kriza J\u00e1nos seg\u00edt\u0151je volt a Vadr\u00f3zs\u00e1k anyag\u00e1nak \u00f6sszegy\u0171jt\u00e9s\u00e9ben. Jakab Eleknek t\u00f6bb \u00e9ven \u00e1t k\u00fcld\u00f6tt mes\u00e9ket, kar\u00e1csonyi verseket, adom\u00e1kat, n\u00e9pies- \u00e9s t\u00fcnd\u00e9rmes\u00e9ket, sz\u00e9kely sz\u00f3lamokat, t\u00e1ncokban ki\u00e1ltott versmondatokat \u00e9s t\u00e1jsz\u00f3kat. Az adom\u00e1kb\u00f3l \u00dcst\u00f6k\u00f6s \u00e9s a Sz\u00e9kely K\u00f6zl\u00f6ny is k\u00f6z\u00f6lt. Jakab Elek a n\u00e1la \u00f6sszegy\u0171lt Tiboldi-f\u00e9le k\u00e9ziratk\u00f6teget eladta Mik\u00f3 Imr\u00e9nek, aki azokat Kriza rendelkez\u00e9s\u00e9re bocs\u00e1totta. Kriza hal\u00e1la ut\u00e1n visszaker\u00fclt Jakab Elekhez, s \u0151 a kereszt\u00fari Unit. Gimn.-nak adta, \u00e9s itt tal\u00e1lt r\u00e1 M\u00e9sz\u00e1ros J\u00f3zsef. M\u00e9sz\u00e1ros a k\u00e9ziratban maradt gy\u0171jt\u00e9s\u00e9t k\u00f6zreadta, az Adom\u00e1k \u00e9s tan\u00edt\u00f3mes\u00e9k (Buk., 1988) c. alatt, Hagyom\u00e1ny \u00e9s humor sz\u00e1zados sorsa c. bevezet\u0151 tanulm\u00e1ny\u00e1val. A n\u00e9pdalok mellett mindent lejegyzett, amit \u00e9rdemesnek tartott: k\u00f6zmond\u00e1sokat, t\u00e1ncmond\u00f3k\u00e1kat, t\u00fcnd\u00e9rreg\u00e9ket, adom\u00e1kat. tr\u00e9f\u00e1s, humoros t\u00f6rt\u00e9neteket, hat\u00e1rr\u00e9szneveket is. Szentgerice h\u00edres borait k\u00fcl\u00f6n f\u00fczetben \u00e9nekelte meg, amely sok\u00e1ig volt kedvelt olvasm\u00e1nya Ny\u00e1r\u00e1dremete olvas\u00f3inak. K\u00e9ziratait az OSZK \u00e9s az MTA k\u00e9ziratt\u00e1ra \u0151rzi. Eml\u00e9k\u00e9t Szentgeric\u00e9n egy k\u00f6zhaszn\u00fa alap\u00edtv\u00e1ny \u0151rzi (1996\u2013). \u2013  <strong>F. m..:<\/strong> A hamis v\u00e1dakot szenved\u0151 tan\u00edt\u00f3nak j\u00f3 bar\u00e1tj\u00e1hoz \u00edrt levele Dapph\u00f3 m\u00e9rt\u00e9ke szer\u00e9nt (Torda, 1819); Bacchus&#8217; szent gerlicei v. Gericzei utaz\u00e1sa (Mv., 1841); Bacchus&#8217; szent gerlicei utaz\u00e1sa \/ Megjelent Bal\u00e1zs S\u00e1ndor szentgericei unit\u00e1rius lelk\u00e9sz gondoz\u00e1s\u00e1ban (Pom\u00e1z, 2005); Adom\u00e1k \u00e9s tan\u00edt\u00f3mes\u00e9k: Kriza J\u00e1nos k\u00e9ziratos hagyat\u00e9k\u00e1b\u00f3l; T. I. gy\u0171jt\u00e9se; kiad. M\u00e9sz\u00e1ros J\u00f3zsef (Buk.\u2013Bp., 1988.); <strong>antol\u00f3g.:<\/strong> Rem\u00e9ny Zsebk\u00f6nyv (Kv, 1840, 1841); Sz\u00e9kelyek a k\u00f6lt\u0151k dalaiban (Bp. 1908). <br \/><strong>\u2013 Irod.:<\/strong> B\u00f6l\u00f6ni Domokos: Bacchus k\u00f6rbej\u00e1rja a falut (N\u00fa., M\u00fazsa, 707. sz., 2005. szept. 24.); Jakab Elek: T. I. (N\u00e9ptan\u00edt\u00f3k Lapja 1879); Kelemen Lajos 2009, Kriza 2; M\u00e9sz\u00e1ros J\u00f3zsef: Visszat\u00e9r-e T. I. Szentgeric\u00e9re?&#8230; (N\u00fa., M\u00fazsa, 97. sz., 1993. m\u00e1j. 20.); Mih\u00e1ly J\u00e1nos: T. I. adom\u00e1i (\u00d6r\u00f6ks\u00e9g\u00fcnk, 2007, 3. sz.); Nagy Mikl\u00f3s Kund: Egy k\u00e9zirat \u00e9letre kel (V. Z., 1988. aug. 13.); Olosz Katalin: Adom\u00e1k \u00e9s tan\u00edt\u00f3mes\u00e9k (Igaz Sz\u00f3, 2. sz., 1989); Rugonfalvi Kiss; Sepsisz\u00e9ki; Szak\u00e1l Anna: A folkl\u00f3rgy\u0171jt\u0151 Tiboldi k\u00e9ziratos anyaga \u00e9s folklorisztikai \u00e9rt\u00e9kel\u00e9se. = Voigtloristica: Tanulm\u00e1nyok a 70 \u00e9ves Voigt Vilmos tisztelet\u00e9re \/  <strong> szerk.:<\/strong> Filk\u00f3 Veronika, K\u0151halmy N\u00f3ra, Smid Bernadett (Bp. 2010); Tiboldi Istv\u00e1n autobiogr\u00e1fi\u00e1ja (Szak\u00e1l Anna kutat\u00f3 k\u00f6zl\u00e9se); Szentgerice; Szinnyei; Szinnyei J.; \u00daM\u00c9L.<\/br><\/p>\n","protected":false},"excerpt":{"rendered":"<p>Tarcsfalva, 1792. dec. 26., \u2020 Nagykede, 1880. \u00e1pr. 17.: tan\u00edt\u00f3, k\u00f6lt\u0151, n\u00e9pk\u00f6lt\u00e9sgy\u0171jt\u0151. \u2013 Apja (\u2020 1811) f\u00f6ld\u00e9sz, f\u00f6ldm\u00e9r\u0151, falusi assessor. Anyja \u00dcrm\u00f6si M\u00e1ria, a sim\u00e9nfalvi lelk\u00e9sz, \u00dcrm\u00f6si J\u00e1nos le\u00e1nya. \u2013 Apja sz\u00e9kelyszentmikl\u00f3si birtok\u00e1ra k\u00f6lt\u00f6z\u00f6tt a csal\u00e1d. H\u00e9t \u00e9vesen kezdett tanulni a sim\u00e9nfalvi iskol\u00e1ban, majd Sz\u00e9kelykereszt\u00faron (1805\u201313), Kv.-on tanult (1813\u201317), ahol apja hal\u00e1la ut\u00e1n egy \u00fcgyv\u00e9dn\u00e9l [&hellip;]<\/p>\n","protected":false},"featured_media":0,"comment_status":"open","ping_status":"closed","template":"","meta":[],"product_brand":[],"product_cat":[137],"product_tag":[],"class_list":{"0":"post-23032","1":"product","2":"type-product","3":"status-publish","5":"product_cat-maros-megyei-eletrajzi-lexikon","7":"first","8":"instock","9":"shipping-taxable","10":"product-type-simple"},"_links":{"self":[{"href":"https:\/\/uj.adatbank.ro\/lexikon\/wp-json\/wp\/v2\/product\/23032","targetHints":{"allow":["GET"]}}],"collection":[{"href":"https:\/\/uj.adatbank.ro\/lexikon\/wp-json\/wp\/v2\/product"}],"about":[{"href":"https:\/\/uj.adatbank.ro\/lexikon\/wp-json\/wp\/v2\/types\/product"}],"replies":[{"embeddable":true,"href":"https:\/\/uj.adatbank.ro\/lexikon\/wp-json\/wp\/v2\/comments?post=23032"}],"wp:attachment":[{"href":"https:\/\/uj.adatbank.ro\/lexikon\/wp-json\/wp\/v2\/media?parent=23032"}],"wp:term":[{"taxonomy":"product_brand","embeddable":true,"href":"https:\/\/uj.adatbank.ro\/lexikon\/wp-json\/wp\/v2\/product_brand?post=23032"},{"taxonomy":"product_cat","embeddable":true,"href":"https:\/\/uj.adatbank.ro\/lexikon\/wp-json\/wp\/v2\/product_cat?post=23032"},{"taxonomy":"product_tag","embeddable":true,"href":"https:\/\/uj.adatbank.ro\/lexikon\/wp-json\/wp\/v2\/product_tag?post=23032"}],"curies":[{"name":"wp","href":"https:\/\/api.w.org\/{rel}","templated":true}]}}