{"id":23033,"date":"2025-08-01T17:10:23","date_gmt":"2025-08-01T15:10:23","guid":{"rendered":"https:\/\/uj.adatbank.ro\/lexikon\/termek\/tiboldi-zoltan\/"},"modified":"2025-08-01T17:10:23","modified_gmt":"2025-08-01T15:10:23","slug":"tiboldi-zoltan","status":"publish","type":"product","link":"https:\/\/uj.adatbank.ro\/lexikon\/termek\/tiboldi-zoltan\/","title":{"rendered":"TIBOLDI Zolt\u00e1n"},"content":{"rendered":"<p>Gerendkereszt\u00far, 1929., \u2020 ?: tan\u00e1r, m\u00fazeol\u00f3gus, k\u00f6nyvt\u00e1ros. \u2013 Kult\u00fart\u00f6rt\u00e9neti cikkeit az Acta, H\u00e1romsz\u00e9kben \u00e9s a Rom\u00e1niai Magyar Sz\u00f3ban k\u00f6z\u00f6lte. \u2013  <strong>F. m..:<\/strong>  <strong>t\u00e1rssz.:<\/strong> K\u0151r\u00f6si Csoma S\u00e1ndor \u00e9s a magyars\u00e1g keleti eredete (Sepsiszentgy\u00f6rgy, 2000). <br \/><strong>\u2013 Irod.:<\/strong> K\u0151r\u00f6si Csoma S\u00e1ndor \u00e9s a magyars\u00e1g keleti eredete.<\/br><\/p>\n","protected":false},"excerpt":{"rendered":"<p>Gerendkereszt\u00far, 1929., \u2020 ?: tan\u00e1r, m\u00fazeol\u00f3gus, k\u00f6nyvt\u00e1ros. \u2013 Kult\u00fart\u00f6rt\u00e9neti cikkeit az Acta, H\u00e1romsz\u00e9kben \u00e9s a Rom\u00e1niai Magyar Sz\u00f3ban k\u00f6z\u00f6lte. \u2013 F. m..: t\u00e1rssz.: K\u0151r\u00f6si Csoma S\u00e1ndor \u00e9s a magyars\u00e1g keleti eredete (Sepsiszentgy\u00f6rgy, 2000). \u2013 Irod.: K\u0151r\u00f6si Csoma S\u00e1ndor \u00e9s a magyars\u00e1g keleti eredete.<\/p>\n","protected":false},"featured_media":0,"comment_status":"open","ping_status":"closed","template":"","meta":[],"product_brand":[],"product_cat":[137],"product_tag":[],"class_list":{"0":"post-23033","1":"product","2":"type-product","3":"status-publish","5":"product_cat-maros-megyei-eletrajzi-lexikon","7":"first","8":"instock","9":"shipping-taxable","10":"product-type-simple"},"_links":{"self":[{"href":"https:\/\/uj.adatbank.ro\/lexikon\/wp-json\/wp\/v2\/product\/23033","targetHints":{"allow":["GET"]}}],"collection":[{"href":"https:\/\/uj.adatbank.ro\/lexikon\/wp-json\/wp\/v2\/product"}],"about":[{"href":"https:\/\/uj.adatbank.ro\/lexikon\/wp-json\/wp\/v2\/types\/product"}],"replies":[{"embeddable":true,"href":"https:\/\/uj.adatbank.ro\/lexikon\/wp-json\/wp\/v2\/comments?post=23033"}],"wp:attachment":[{"href":"https:\/\/uj.adatbank.ro\/lexikon\/wp-json\/wp\/v2\/media?parent=23033"}],"wp:term":[{"taxonomy":"product_brand","embeddable":true,"href":"https:\/\/uj.adatbank.ro\/lexikon\/wp-json\/wp\/v2\/product_brand?post=23033"},{"taxonomy":"product_cat","embeddable":true,"href":"https:\/\/uj.adatbank.ro\/lexikon\/wp-json\/wp\/v2\/product_cat?post=23033"},{"taxonomy":"product_tag","embeddable":true,"href":"https:\/\/uj.adatbank.ro\/lexikon\/wp-json\/wp\/v2\/product_tag?post=23033"}],"curies":[{"name":"wp","href":"https:\/\/api.w.org\/{rel}","templated":true}]}}