{"id":23036,"date":"2025-08-01T17:10:30","date_gmt":"2025-08-01T15:10:30","guid":{"rendered":"https:\/\/uj.adatbank.ro\/lexikon\/termek\/tige-joseph\/"},"modified":"2025-08-01T17:10:30","modified_gmt":"2025-08-01T15:10:30","slug":"tige-joseph","status":"publish","type":"product","link":"https:\/\/uj.adatbank.ro\/lexikon\/termek\/tige-joseph\/","title":{"rendered":"TIGE, Joseph"},"content":{"rendered":"<p>B\u00e1tos, 1787. \u00e1pr. 26., \u2020 ? 1870. aug. 10.: m\u00e9rn\u00f6k. \u2013 Hadm\u00e9rn\u00f6ki tanulm\u00e1nyait B\u00e9csben v\u00e9gezte (1798\u20131801). <br \/><strong>\u2013 Irod.:<\/strong> Szab\u00f3\u2013Sz\u00f6gi.<\/br><\/p>\n","protected":false},"excerpt":{"rendered":"<p>B\u00e1tos, 1787. \u00e1pr. 26., \u2020 ? 1870. aug. 10.: m\u00e9rn\u00f6k. \u2013 Hadm\u00e9rn\u00f6ki tanulm\u00e1nyait B\u00e9csben v\u00e9gezte (1798\u20131801). \u2013 Irod.: Szab\u00f3\u2013Sz\u00f6gi.<\/p>\n","protected":false},"featured_media":0,"comment_status":"open","ping_status":"closed","template":"","meta":[],"product_brand":[],"product_cat":[137],"product_tag":[],"class_list":{"0":"post-23036","1":"product","2":"type-product","3":"status-publish","5":"product_cat-maros-megyei-eletrajzi-lexikon","7":"first","8":"instock","9":"shipping-taxable","10":"product-type-simple"},"_links":{"self":[{"href":"https:\/\/uj.adatbank.ro\/lexikon\/wp-json\/wp\/v2\/product\/23036","targetHints":{"allow":["GET"]}}],"collection":[{"href":"https:\/\/uj.adatbank.ro\/lexikon\/wp-json\/wp\/v2\/product"}],"about":[{"href":"https:\/\/uj.adatbank.ro\/lexikon\/wp-json\/wp\/v2\/types\/product"}],"replies":[{"embeddable":true,"href":"https:\/\/uj.adatbank.ro\/lexikon\/wp-json\/wp\/v2\/comments?post=23036"}],"wp:attachment":[{"href":"https:\/\/uj.adatbank.ro\/lexikon\/wp-json\/wp\/v2\/media?parent=23036"}],"wp:term":[{"taxonomy":"product_brand","embeddable":true,"href":"https:\/\/uj.adatbank.ro\/lexikon\/wp-json\/wp\/v2\/product_brand?post=23036"},{"taxonomy":"product_cat","embeddable":true,"href":"https:\/\/uj.adatbank.ro\/lexikon\/wp-json\/wp\/v2\/product_cat?post=23036"},{"taxonomy":"product_tag","embeddable":true,"href":"https:\/\/uj.adatbank.ro\/lexikon\/wp-json\/wp\/v2\/product_tag?post=23036"}],"curies":[{"name":"wp","href":"https:\/\/api.w.org\/{rel}","templated":true}]}}