{"id":23041,"date":"2025-08-01T17:10:43","date_gmt":"2025-08-01T15:10:43","guid":{"rendered":"https:\/\/uj.adatbank.ro\/lexikon\/termek\/tima-boldizsar-ferenc-p\/"},"modified":"2025-08-01T17:10:43","modified_gmt":"2025-08-01T15:10:43","slug":"tima-boldizsar-ferenc-p","status":"publish","type":"product","link":"https:\/\/uj.adatbank.ro\/lexikon\/termek\/tima-boldizsar-ferenc-p\/","title":{"rendered":"TIMA Boldizs\u00e1r Ferenc, P."},"content":{"rendered":"<p>K\u00e1szon\u00fajfalu, 1749., \u2020 Mikh\u00e1za, 1814. febr. 20.: ferences szerzetes. \u2013 Be\u00f6lt\u00f6z\u00f6tt (1768. \u00e1pr. 19.), felszentelt\u00e9k (1773. okt. 16.). Magister novitiorum. Definitor (1801\u201304). <br \/><strong>\u2013 Irod.:<\/strong> Gy\u00f6rgy: A ferencrendiek.<\/br><\/p>\n","protected":false},"excerpt":{"rendered":"<p>K\u00e1szon\u00fajfalu, 1749., \u2020 Mikh\u00e1za, 1814. febr. 20.: ferences szerzetes. \u2013 Be\u00f6lt\u00f6z\u00f6tt (1768. \u00e1pr. 19.), felszentelt\u00e9k (1773. okt. 16.). Magister novitiorum. Definitor (1801\u201304). \u2013 Irod.: Gy\u00f6rgy: A ferencrendiek.<\/p>\n","protected":false},"featured_media":0,"comment_status":"open","ping_status":"closed","template":"","meta":[],"product_brand":[],"product_cat":[137],"product_tag":[],"class_list":{"0":"post-23041","1":"product","2":"type-product","3":"status-publish","5":"product_cat-maros-megyei-eletrajzi-lexikon","7":"first","8":"instock","9":"shipping-taxable","10":"product-type-simple"},"_links":{"self":[{"href":"https:\/\/uj.adatbank.ro\/lexikon\/wp-json\/wp\/v2\/product\/23041","targetHints":{"allow":["GET"]}}],"collection":[{"href":"https:\/\/uj.adatbank.ro\/lexikon\/wp-json\/wp\/v2\/product"}],"about":[{"href":"https:\/\/uj.adatbank.ro\/lexikon\/wp-json\/wp\/v2\/types\/product"}],"replies":[{"embeddable":true,"href":"https:\/\/uj.adatbank.ro\/lexikon\/wp-json\/wp\/v2\/comments?post=23041"}],"wp:attachment":[{"href":"https:\/\/uj.adatbank.ro\/lexikon\/wp-json\/wp\/v2\/media?parent=23041"}],"wp:term":[{"taxonomy":"product_brand","embeddable":true,"href":"https:\/\/uj.adatbank.ro\/lexikon\/wp-json\/wp\/v2\/product_brand?post=23041"},{"taxonomy":"product_cat","embeddable":true,"href":"https:\/\/uj.adatbank.ro\/lexikon\/wp-json\/wp\/v2\/product_cat?post=23041"},{"taxonomy":"product_tag","embeddable":true,"href":"https:\/\/uj.adatbank.ro\/lexikon\/wp-json\/wp\/v2\/product_tag?post=23041"}],"curies":[{"name":"wp","href":"https:\/\/api.w.org\/{rel}","templated":true}]}}