{"id":23044,"date":"2025-08-01T17:10:51","date_gmt":"2025-08-01T15:10:51","guid":{"rendered":"https:\/\/uj.adatbank.ro\/lexikon\/termek\/timar-gyorgy\/"},"modified":"2025-08-01T17:10:51","modified_gmt":"2025-08-01T15:10:51","slug":"timar-gyorgy","status":"publish","type":"product","link":"https:\/\/uj.adatbank.ro\/lexikon\/termek\/timar-gyorgy\/","title":{"rendered":"TIM\u00c1R Gy\u00f6rgy"},"content":{"rendered":"<p>? \u2020 ?: \u00e9p\u00edt\u0151mester, k\u0151m\u0171ves. \u2013 Feles\u00e9ge: Tarcsa Ilka (1860? \u2013 Mv., 1889. jan. 6.). \u2013 Mv.-en a 19. sz v\u00e9g\u00e9n, 20. sz. elej\u00e9n m\u0171k\u00f6d\u00f6tt. Nev\u00e9hez f\u0171z\u0151dik t\u00f6bb jellegzetes neoklasszicista lak\u00f3h\u00e1z \u00e9p\u00edt\u00e9se: a Sz\u00e1nt\u00f3n\u00e9 sz. Nagy Julianna (Borsos Tam\u00e1s u.14 sz., 1892); a Berger M\u00f3r (Kossuth u. 61. \u00e9s 65 sz. alatt lev\u0151 \u00e9p\u00fcletek; 1898); a Kossuth u. 80 sz. alatti lak\u00f3h\u00e1z; a Bretler Vilmos (Kossuth u. 75. sz., 1900) h\u00e1za \u00e9s m\u00e1sok, valamint a Katonai k\u00f3rh\u00e1z \u00e9s m\u00e1s k\u00f6z\u00e9rdek\u0171 \u00e9p\u00fclet. Nev\u00e9hez f\u0171z\u0151dik Fazakas J\u00e1nos h\u00e1z\u00e1nak tervez\u00e9se \u00e9s \u00e9p\u00edt\u00e9se (Oltului u. 4. sz. alatt; 1925); a Koros S\u00e1ndor h\u00e1za (Iuliu Maniu u. 34. sz.; 1928), Ignat Ferencnek, a vas\u00fati f\u0171t\u0151h\u00e1z f\u0151n\u00f6k\u00e9nek a h\u00e1za (D\u00f3zsa Gy\u00f6rgy u. 57. sz.; 1925), a Ceoca Vasile h\u00e1za, amelyet Ga\u00e1l P\u00e1l tervezett (1938) <br \/><strong>\u2013 Irod.:<\/strong> Gy\u00e1szjelent\u0151; Man: Tg. M. 1\u20133; Orb\u00e1n J\u00e1nos \u2013 Oniga.<\/br><\/p>\n","protected":false},"excerpt":{"rendered":"<p>? \u2020 ?: \u00e9p\u00edt\u0151mester, k\u0151m\u0171ves. \u2013 Feles\u00e9ge: Tarcsa Ilka (1860? \u2013 Mv., 1889. jan. 6.). \u2013 Mv.-en a 19. sz v\u00e9g\u00e9n, 20. sz. elej\u00e9n m\u0171k\u00f6d\u00f6tt. Nev\u00e9hez f\u0171z\u0151dik t\u00f6bb jellegzetes neoklasszicista lak\u00f3h\u00e1z \u00e9p\u00edt\u00e9se: a Sz\u00e1nt\u00f3n\u00e9 sz. Nagy Julianna (Borsos Tam\u00e1s u.14 sz., 1892); a Berger M\u00f3r (Kossuth u. 61. \u00e9s 65 sz. alatt lev\u0151 \u00e9p\u00fcletek; 1898); [&hellip;]<\/p>\n","protected":false},"featured_media":0,"comment_status":"open","ping_status":"closed","template":"","meta":[],"product_brand":[],"product_cat":[137],"product_tag":[],"class_list":{"0":"post-23044","1":"product","2":"type-product","3":"status-publish","5":"product_cat-maros-megyei-eletrajzi-lexikon","7":"first","8":"instock","9":"shipping-taxable","10":"product-type-simple"},"_links":{"self":[{"href":"https:\/\/uj.adatbank.ro\/lexikon\/wp-json\/wp\/v2\/product\/23044","targetHints":{"allow":["GET"]}}],"collection":[{"href":"https:\/\/uj.adatbank.ro\/lexikon\/wp-json\/wp\/v2\/product"}],"about":[{"href":"https:\/\/uj.adatbank.ro\/lexikon\/wp-json\/wp\/v2\/types\/product"}],"replies":[{"embeddable":true,"href":"https:\/\/uj.adatbank.ro\/lexikon\/wp-json\/wp\/v2\/comments?post=23044"}],"wp:attachment":[{"href":"https:\/\/uj.adatbank.ro\/lexikon\/wp-json\/wp\/v2\/media?parent=23044"}],"wp:term":[{"taxonomy":"product_brand","embeddable":true,"href":"https:\/\/uj.adatbank.ro\/lexikon\/wp-json\/wp\/v2\/product_brand?post=23044"},{"taxonomy":"product_cat","embeddable":true,"href":"https:\/\/uj.adatbank.ro\/lexikon\/wp-json\/wp\/v2\/product_cat?post=23044"},{"taxonomy":"product_tag","embeddable":true,"href":"https:\/\/uj.adatbank.ro\/lexikon\/wp-json\/wp\/v2\/product_tag?post=23044"}],"curies":[{"name":"wp","href":"https:\/\/api.w.org\/{rel}","templated":true}]}}