{"id":23045,"date":"2025-08-01T17:10:52","date_gmt":"2025-08-01T15:10:52","guid":{"rendered":"https:\/\/uj.adatbank.ro\/lexikon\/termek\/timar-gyula\/"},"modified":"2025-08-01T17:10:52","modified_gmt":"2025-08-01T15:10:52","slug":"timar-gyula","status":"publish","type":"product","link":"https:\/\/uj.adatbank.ro\/lexikon\/termek\/timar-gyula\/","title":{"rendered":"TIM\u00c1R Gyula"},"content":{"rendered":"<p>? \u2020 ?: igazgat\u00f3tan\u00edt\u00f3. \u2013 Mez\u0151gerebenesben tan\u00edtott (1923\u201339). B\u00e1nd k\u00f6rzet altanfel\u00fcgyel\u0151j\u00e9v\u00e9 nevezt\u00e9k ki (1938). Ebben az id\u0151ben lett h\u00e9toszt\u00e1lyos iskola, \u00e9s mivel a Teleki K\u00e1roly gr. adom\u00e1nyozta \u00e9p\u00fclet kicsinek bizonyult, \u00faj iskola, tan\u00e1ri szoba \u00e9s tan\u00edt\u00f3i lak\u00e1s \u00e9p\u00edt\u00e9s\u00e9be kezdtek (1926). Ez a r\u00e9gi iskola n\u00e9ven, ma is \u00e1ll, az I.-IV. oszt., \u00f3voda \u00e9s iskolai m\u0171hely m\u0171k\u00f6dik benne. <br \/><strong>\u2013 Irod.:<\/strong> Grebeni\u015ful de C\u00e2mpie.<\/br><\/p>\n","protected":false},"excerpt":{"rendered":"<p>? \u2020 ?: igazgat\u00f3tan\u00edt\u00f3. \u2013 Mez\u0151gerebenesben tan\u00edtott (1923\u201339). B\u00e1nd k\u00f6rzet altanfel\u00fcgyel\u0151j\u00e9v\u00e9 nevezt\u00e9k ki (1938). Ebben az id\u0151ben lett h\u00e9toszt\u00e1lyos iskola, \u00e9s mivel a Teleki K\u00e1roly gr. adom\u00e1nyozta \u00e9p\u00fclet kicsinek bizonyult, \u00faj iskola, tan\u00e1ri szoba \u00e9s tan\u00edt\u00f3i lak\u00e1s \u00e9p\u00edt\u00e9s\u00e9be kezdtek (1926). Ez a r\u00e9gi iskola n\u00e9ven, ma is \u00e1ll, az I.-IV. oszt., \u00f3voda \u00e9s iskolai m\u0171hely [&hellip;]<\/p>\n","protected":false},"featured_media":0,"comment_status":"open","ping_status":"closed","template":"","meta":[],"product_brand":[],"product_cat":[137],"product_tag":[],"class_list":{"0":"post-23045","1":"product","2":"type-product","3":"status-publish","5":"product_cat-maros-megyei-eletrajzi-lexikon","7":"first","8":"instock","9":"shipping-taxable","10":"product-type-simple"},"_links":{"self":[{"href":"https:\/\/uj.adatbank.ro\/lexikon\/wp-json\/wp\/v2\/product\/23045","targetHints":{"allow":["GET"]}}],"collection":[{"href":"https:\/\/uj.adatbank.ro\/lexikon\/wp-json\/wp\/v2\/product"}],"about":[{"href":"https:\/\/uj.adatbank.ro\/lexikon\/wp-json\/wp\/v2\/types\/product"}],"replies":[{"embeddable":true,"href":"https:\/\/uj.adatbank.ro\/lexikon\/wp-json\/wp\/v2\/comments?post=23045"}],"wp:attachment":[{"href":"https:\/\/uj.adatbank.ro\/lexikon\/wp-json\/wp\/v2\/media?parent=23045"}],"wp:term":[{"taxonomy":"product_brand","embeddable":true,"href":"https:\/\/uj.adatbank.ro\/lexikon\/wp-json\/wp\/v2\/product_brand?post=23045"},{"taxonomy":"product_cat","embeddable":true,"href":"https:\/\/uj.adatbank.ro\/lexikon\/wp-json\/wp\/v2\/product_cat?post=23045"},{"taxonomy":"product_tag","embeddable":true,"href":"https:\/\/uj.adatbank.ro\/lexikon\/wp-json\/wp\/v2\/product_tag?post=23045"}],"curies":[{"name":"wp","href":"https:\/\/api.w.org\/{rel}","templated":true}]}}