{"id":23046,"date":"2025-08-01T17:10:54","date_gmt":"2025-08-01T15:10:54","guid":{"rendered":"https:\/\/uj.adatbank.ro\/lexikon\/termek\/timar-ioan\/"},"modified":"2025-08-01T17:10:54","modified_gmt":"2025-08-01T15:10:54","slug":"timar-ioan","status":"publish","type":"product","link":"https:\/\/uj.adatbank.ro\/lexikon\/termek\/timar-ioan\/","title":{"rendered":"TIMAR, Ioan"},"content":{"rendered":"<p>? \u2020 Beszterce, 1975. szept., 24.: tan\u00edt\u00f3. \u2013 Az egyes\u00fcl\u00e9s \u00e9lharcosa (1918), a nemzeti parasztp\u00e1rt h\u00edve, ami\u00e9rt b\u00f6rt\u00f6nt is viselt k\u00e9s\u0151bb. D\u00e9d\u00e1n volt tan\u00edt\u00f3 (1939\u201340). <br \/><strong>\u2013 Irod.:<\/strong> Bosoanc\u0103\u2013Opri\u015f; MMK.<\/br><\/p>\n","protected":false},"excerpt":{"rendered":"<p>? \u2020 Beszterce, 1975. szept., 24.: tan\u00edt\u00f3. \u2013 Az egyes\u00fcl\u00e9s \u00e9lharcosa (1918), a nemzeti parasztp\u00e1rt h\u00edve, ami\u00e9rt b\u00f6rt\u00f6nt is viselt k\u00e9s\u0151bb. D\u00e9d\u00e1n volt tan\u00edt\u00f3 (1939\u201340). \u2013 Irod.: Bosoanc\u0103\u2013Opri\u015f; MMK.<\/p>\n","protected":false},"featured_media":0,"comment_status":"open","ping_status":"closed","template":"","meta":[],"product_brand":[],"product_cat":[137],"product_tag":[],"class_list":{"0":"post-23046","1":"product","2":"type-product","3":"status-publish","5":"product_cat-maros-megyei-eletrajzi-lexikon","7":"first","8":"instock","9":"shipping-taxable","10":"product-type-simple"},"_links":{"self":[{"href":"https:\/\/uj.adatbank.ro\/lexikon\/wp-json\/wp\/v2\/product\/23046","targetHints":{"allow":["GET"]}}],"collection":[{"href":"https:\/\/uj.adatbank.ro\/lexikon\/wp-json\/wp\/v2\/product"}],"about":[{"href":"https:\/\/uj.adatbank.ro\/lexikon\/wp-json\/wp\/v2\/types\/product"}],"replies":[{"embeddable":true,"href":"https:\/\/uj.adatbank.ro\/lexikon\/wp-json\/wp\/v2\/comments?post=23046"}],"wp:attachment":[{"href":"https:\/\/uj.adatbank.ro\/lexikon\/wp-json\/wp\/v2\/media?parent=23046"}],"wp:term":[{"taxonomy":"product_brand","embeddable":true,"href":"https:\/\/uj.adatbank.ro\/lexikon\/wp-json\/wp\/v2\/product_brand?post=23046"},{"taxonomy":"product_cat","embeddable":true,"href":"https:\/\/uj.adatbank.ro\/lexikon\/wp-json\/wp\/v2\/product_cat?post=23046"},{"taxonomy":"product_tag","embeddable":true,"href":"https:\/\/uj.adatbank.ro\/lexikon\/wp-json\/wp\/v2\/product_tag?post=23046"}],"curies":[{"name":"wp","href":"https:\/\/api.w.org\/{rel}","templated":true}]}}