{"id":23047,"date":"2025-08-01T17:10:56","date_gmt":"2025-08-01T15:10:56","guid":{"rendered":"https:\/\/uj.adatbank.ro\/lexikon\/termek\/timar-janos-m-marosi-timar-janos\/"},"modified":"2025-08-01T17:10:56","modified_gmt":"2025-08-01T15:10:56","slug":"timar-janos-m-marosi-timar-janos","status":"publish","type":"product","link":"https:\/\/uj.adatbank.ro\/lexikon\/termek\/timar-janos-m-marosi-timar-janos\/","title":{"rendered":"TIM\u00c1R J\u00e1nos M., Marosi Tim\u00e1r J\u00e1nos"},"content":{"rendered":"<p>? \u2020 ?: fest\u0151, szobr\u00e1sz. \u2013 Fest\u0151iskol\u00e1t vezetett a mv.-i Kult\u00farpalot\u00e1ban (1925). A Kult\u00farpalota el\u0151csarnok\u00e1ban a hangversenyterem bej\u00e1rat\u00e1nak k\u00e9t oldal\u00e1n \u00e1lltak szobrai: I. Ferdin\u00e1nd kir\u00e1ly \u00e9s M\u00e1ria kir\u00e1lyn\u00e9. Ma m\u00e1r ezek a szobrok elt\u0171ntek. <br \/><strong>\u2013 Irod.:<\/strong> Moln\u00e1r; \u00d6kr\u00f6s.<\/br><\/p>\n","protected":false},"excerpt":{"rendered":"<p>? \u2020 ?: fest\u0151, szobr\u00e1sz. \u2013 Fest\u0151iskol\u00e1t vezetett a mv.-i Kult\u00farpalot\u00e1ban (1925). A Kult\u00farpalota el\u0151csarnok\u00e1ban a hangversenyterem bej\u00e1rat\u00e1nak k\u00e9t oldal\u00e1n \u00e1lltak szobrai: I. Ferdin\u00e1nd kir\u00e1ly \u00e9s M\u00e1ria kir\u00e1lyn\u00e9. Ma m\u00e1r ezek a szobrok elt\u0171ntek. \u2013 Irod.: Moln\u00e1r; \u00d6kr\u00f6s.<\/p>\n","protected":false},"featured_media":0,"comment_status":"open","ping_status":"closed","template":"","meta":[],"product_brand":[],"product_cat":[137],"product_tag":[],"class_list":{"0":"post-23047","1":"product","2":"type-product","3":"status-publish","5":"product_cat-maros-megyei-eletrajzi-lexikon","7":"first","8":"instock","9":"shipping-taxable","10":"product-type-simple"},"_links":{"self":[{"href":"https:\/\/uj.adatbank.ro\/lexikon\/wp-json\/wp\/v2\/product\/23047","targetHints":{"allow":["GET"]}}],"collection":[{"href":"https:\/\/uj.adatbank.ro\/lexikon\/wp-json\/wp\/v2\/product"}],"about":[{"href":"https:\/\/uj.adatbank.ro\/lexikon\/wp-json\/wp\/v2\/types\/product"}],"replies":[{"embeddable":true,"href":"https:\/\/uj.adatbank.ro\/lexikon\/wp-json\/wp\/v2\/comments?post=23047"}],"wp:attachment":[{"href":"https:\/\/uj.adatbank.ro\/lexikon\/wp-json\/wp\/v2\/media?parent=23047"}],"wp:term":[{"taxonomy":"product_brand","embeddable":true,"href":"https:\/\/uj.adatbank.ro\/lexikon\/wp-json\/wp\/v2\/product_brand?post=23047"},{"taxonomy":"product_cat","embeddable":true,"href":"https:\/\/uj.adatbank.ro\/lexikon\/wp-json\/wp\/v2\/product_cat?post=23047"},{"taxonomy":"product_tag","embeddable":true,"href":"https:\/\/uj.adatbank.ro\/lexikon\/wp-json\/wp\/v2\/product_tag?post=23047"}],"curies":[{"name":"wp","href":"https:\/\/api.w.org\/{rel}","templated":true}]}}