{"id":23049,"date":"2025-08-01T17:11:04","date_gmt":"2025-08-01T15:11:04","guid":{"rendered":"https:\/\/uj.adatbank.ro\/lexikon\/termek\/timar-karoly\/"},"modified":"2025-08-01T17:11:04","modified_gmt":"2025-08-01T15:11:04","slug":"timar-karoly","status":"publish","type":"product","link":"https:\/\/uj.adatbank.ro\/lexikon\/termek\/timar-karoly\/","title":{"rendered":"TIM\u00c1R K\u00e1roly"},"content":{"rendered":"<p>V\u00edzakna, 1823. m\u00e1rc. 12., \u2020 Marosszentkir\u00e1ly, 1905. szept. 8.: f\u00f6ldbirtokos, tan\u00e1r. \u2013 V\u00edzaknai f\u00f6ldbirtokos. Az 1848\u201349-es forradalom \u00e9s szabads\u00e1gharc honv\u00e9d f\u0151hadnagya. A nagyszebeni ref. egyh\u00e1zmegye f\u0151gondnoka; Kv.-on az EGE titk\u00e1ra; a Kolozsmonostori Gazdas\u00e1gi Int\u00e9zet tan\u00e1ra (1869\u201370). Megalap\u00edtotta az Erd\u00e9lyi Gazda c. lapot (1869. \u00e1pr. 15)., melynek szerkeszt\u0151je volt (\u20131870). <br \/><strong>\u2013 Irod.:<\/strong> Szinnyei.<\/br><\/p>\n","protected":false},"excerpt":{"rendered":"<p>V\u00edzakna, 1823. m\u00e1rc. 12., \u2020 Marosszentkir\u00e1ly, 1905. szept. 8.: f\u00f6ldbirtokos, tan\u00e1r. \u2013 V\u00edzaknai f\u00f6ldbirtokos. Az 1848\u201349-es forradalom \u00e9s szabads\u00e1gharc honv\u00e9d f\u0151hadnagya. A nagyszebeni ref. egyh\u00e1zmegye f\u0151gondnoka; Kv.-on az EGE titk\u00e1ra; a Kolozsmonostori Gazdas\u00e1gi Int\u00e9zet tan\u00e1ra (1869\u201370). Megalap\u00edtotta az Erd\u00e9lyi Gazda c. lapot (1869. \u00e1pr. 15)., melynek szerkeszt\u0151je volt (\u20131870). \u2013 Irod.: Szinnyei.<\/p>\n","protected":false},"featured_media":0,"comment_status":"open","ping_status":"closed","template":"","meta":[],"product_brand":[],"product_cat":[137],"product_tag":[],"class_list":{"0":"post-23049","1":"product","2":"type-product","3":"status-publish","5":"product_cat-maros-megyei-eletrajzi-lexikon","7":"first","8":"instock","9":"shipping-taxable","10":"product-type-simple"},"_links":{"self":[{"href":"https:\/\/uj.adatbank.ro\/lexikon\/wp-json\/wp\/v2\/product\/23049","targetHints":{"allow":["GET"]}}],"collection":[{"href":"https:\/\/uj.adatbank.ro\/lexikon\/wp-json\/wp\/v2\/product"}],"about":[{"href":"https:\/\/uj.adatbank.ro\/lexikon\/wp-json\/wp\/v2\/types\/product"}],"replies":[{"embeddable":true,"href":"https:\/\/uj.adatbank.ro\/lexikon\/wp-json\/wp\/v2\/comments?post=23049"}],"wp:attachment":[{"href":"https:\/\/uj.adatbank.ro\/lexikon\/wp-json\/wp\/v2\/media?parent=23049"}],"wp:term":[{"taxonomy":"product_brand","embeddable":true,"href":"https:\/\/uj.adatbank.ro\/lexikon\/wp-json\/wp\/v2\/product_brand?post=23049"},{"taxonomy":"product_cat","embeddable":true,"href":"https:\/\/uj.adatbank.ro\/lexikon\/wp-json\/wp\/v2\/product_cat?post=23049"},{"taxonomy":"product_tag","embeddable":true,"href":"https:\/\/uj.adatbank.ro\/lexikon\/wp-json\/wp\/v2\/product_tag?post=23049"}],"curies":[{"name":"wp","href":"https:\/\/api.w.org\/{rel}","templated":true}]}}