{"id":23050,"date":"2025-08-01T17:11:05","date_gmt":"2025-08-01T15:11:05","guid":{"rendered":"https:\/\/uj.adatbank.ro\/lexikon\/termek\/timar-mihaly\/"},"modified":"2025-08-01T17:11:05","modified_gmt":"2025-08-01T15:11:05","slug":"timar-mihaly","status":"publish","type":"product","link":"https:\/\/uj.adatbank.ro\/lexikon\/termek\/timar-mihaly\/","title":{"rendered":"TIM\u00c1R Mih\u00e1ly"},"content":{"rendered":"<p>1898. m\u00e1j. 20., \u2020 ?: g\u00e9plakatos, munk\u00e1sigazgat\u00f3. \u2013 A sz\u00e1szr\u00e9geni Mara \u015fi Vultur B\u0151rgy\u00e1r \u00e1llamos\u00edt\u00e1sakor kinevezett \u00faj igazgat\u00f3ja. A RMP tagja (1945\u2013). Az \u00e1llamos\u00edt\u00e1s el\u0151tt a r\u00e9geni F\u0171r\u00e9sz\u00e1rugy\u00e1r g\u00e9plakatosak\u00e9nt dolgozott. A b\u0151rgy\u00e1rat k\u00f6z\u00f6ss\u00e9gi t\u00e1rsul\u00e1sk\u00e9nt alap\u00edtott\u00e1k t\u00edz \u00e9vre Mara Desideriu \u00e9s Vultur Dumitru (1946. jan. 1.), \u00e9s 12 alkalmazottal b\u0151rcserz\u00e9ssel, nyers b\u0151r\u00f6k feldolgoz\u00e1s\u00e1val \u00e9s forgalmaz\u00e1s\u00e1val foglalkozott. Az \u00e1llamos\u00edt\u00e1s zavarmentesen ment v\u00e9gbe (1948. j\u00fan. 11.). Az \u00fajonnan kinevezett igazgat\u00f3t hanyags\u00e1g v\u00e1dj\u00e1val lev\u00e1ltott\u00e1k tiszts\u00e9g\u00e9b\u0151l, \u00e9s hely\u00e9be Bal\u00e1zs Gy\u00f6rgy\u00f6t nevezt\u00e9k ki. (1948. dec. 7.). Vultur Dumitru volt tulajdonost cserz\u0151 mesternek nevezt\u00e9k ki a mv.-i \u00e1llamos\u00edtott Dermagant \u00c1llami Iparv\u00e1llalathoz (1948. szept. 16.). Mara Desideriu Marosh\u00e9v\u00edzre k\u00f6lt\u00f6z\u00f6tt. <br \/><strong>\u2013 Irod.:<\/strong> Bartos Zolt\u00e1n.<\/br><\/p>\n","protected":false},"excerpt":{"rendered":"<p>1898. m\u00e1j. 20., \u2020 ?: g\u00e9plakatos, munk\u00e1sigazgat\u00f3. \u2013 A sz\u00e1szr\u00e9geni Mara \u015fi Vultur B\u0151rgy\u00e1r \u00e1llamos\u00edt\u00e1sakor kinevezett \u00faj igazgat\u00f3ja. A RMP tagja (1945\u2013). Az \u00e1llamos\u00edt\u00e1s el\u0151tt a r\u00e9geni F\u0171r\u00e9sz\u00e1rugy\u00e1r g\u00e9plakatosak\u00e9nt dolgozott. A b\u0151rgy\u00e1rat k\u00f6z\u00f6ss\u00e9gi t\u00e1rsul\u00e1sk\u00e9nt alap\u00edtott\u00e1k t\u00edz \u00e9vre Mara Desideriu \u00e9s Vultur Dumitru (1946. jan. 1.), \u00e9s 12 alkalmazottal b\u0151rcserz\u00e9ssel, nyers b\u0151r\u00f6k feldolgoz\u00e1s\u00e1val \u00e9s forgalmaz\u00e1s\u00e1val foglalkozott. [&hellip;]<\/p>\n","protected":false},"featured_media":0,"comment_status":"open","ping_status":"closed","template":"","meta":[],"product_brand":[],"product_cat":[137],"product_tag":[],"class_list":{"0":"post-23050","1":"product","2":"type-product","3":"status-publish","5":"product_cat-maros-megyei-eletrajzi-lexikon","7":"first","8":"instock","9":"shipping-taxable","10":"product-type-simple"},"_links":{"self":[{"href":"https:\/\/uj.adatbank.ro\/lexikon\/wp-json\/wp\/v2\/product\/23050","targetHints":{"allow":["GET"]}}],"collection":[{"href":"https:\/\/uj.adatbank.ro\/lexikon\/wp-json\/wp\/v2\/product"}],"about":[{"href":"https:\/\/uj.adatbank.ro\/lexikon\/wp-json\/wp\/v2\/types\/product"}],"replies":[{"embeddable":true,"href":"https:\/\/uj.adatbank.ro\/lexikon\/wp-json\/wp\/v2\/comments?post=23050"}],"wp:attachment":[{"href":"https:\/\/uj.adatbank.ro\/lexikon\/wp-json\/wp\/v2\/media?parent=23050"}],"wp:term":[{"taxonomy":"product_brand","embeddable":true,"href":"https:\/\/uj.adatbank.ro\/lexikon\/wp-json\/wp\/v2\/product_brand?post=23050"},{"taxonomy":"product_cat","embeddable":true,"href":"https:\/\/uj.adatbank.ro\/lexikon\/wp-json\/wp\/v2\/product_cat?post=23050"},{"taxonomy":"product_tag","embeddable":true,"href":"https:\/\/uj.adatbank.ro\/lexikon\/wp-json\/wp\/v2\/product_tag?post=23050"}],"curies":[{"name":"wp","href":"https:\/\/api.w.org\/{rel}","templated":true}]}}