{"id":23051,"date":"2025-08-01T17:11:07","date_gmt":"2025-08-01T15:11:07","guid":{"rendered":"https:\/\/uj.adatbank.ro\/lexikon\/termek\/timar-sandor\/"},"modified":"2025-08-01T17:11:07","modified_gmt":"2025-08-01T15:11:07","slug":"timar-sandor","status":"publish","type":"product","link":"https:\/\/uj.adatbank.ro\/lexikon\/termek\/timar-sandor\/","title":{"rendered":"TIM\u00c1R S\u00e1ndor"},"content":{"rendered":"<p>Brass\u00f3, 1895. nov. 14., \u2020 ?: r. k. pap. \u2013 A gimn.-ot Cs\u00edksomly\u00f3n \u00e9s Gyulafeh\u00e9rv\u00e1rt, a teol\u00f3gi\u00e1t a b\u00e9csi Pazmaneumban v\u00e9gezte (1914\u201317), ahova az Erd\u00e9lyi R. K. Egyh\u00e1zmegye k\u00fcldte tanulni. Papp\u00e1 szentelt\u00e9k (1918. szept. 22.). Gyergy\u00f3szentmikl\u00f3son \u00e9s Mv.-en k\u00e1pl\u00e1n \u00e9s hitoktat\u00f3 (1918\u201323). Pl\u00e9b\u00e1nos Homor\u00f3dkar\u00e1csonyfalv\u00e1n (1923), G\u00f6rg\u00e9ny\u00fcvegcs\u0171r\u00f6n (1925\u201330), Aninosz\u00e1n (1930), Sz\u00e9pv\u00edzen (1930\u201340). G\u00f6rg\u00e9ny\u00fcvegcs\u0171r\u00f6n meg\u00edrta a Domus Historia c. h\u00e1romk\u00f6tetes m\u0171v\u00e9t, amely sajnos, k\u00e9ziratban maradt (1928). Ebb\u0151l a k\u00e9ziratb\u00f3l sok fontos adatot tudhatunk meg G\u00f6rg\u00e9ny\u00fcvegcs\u0171r t\u00f6rt\u00e9net\u00e9b\u0151l. Felf\u00fcggesztett\u00e9k hivatal\u00e1b\u00f3l (1942). A Sajt\u00f3kamara \u00fajs\u00e1g\u00edr\u00f3i szakoszt\u00e1ly tagja (1941\u201342). <strong>\u00cdr\u00e1sai:<\/strong> K\u00f6zm\u0171vel\u0151d\u00e9s (Gyulafeh\u00e9rv\u00e1r, 1914; 1917), Erd\u00e9lyi Tud\u00f3s\u00edt\u00f3 (1918), Sz\u00e9kelyf\u00f6ld (1922), kv.-i M\u00e1ria Kongreg\u00e1ci\u00f3 (1924), Sz\u00e9kely K\u00f6z\u00e9let (1924), Vas\u00e1rnapi Harangsz\u00f3ban jelentek meg (1941). \u2013  <strong>F. m..:<\/strong> Levelek h\u00fagomhoz. (Brass\u00f3, 1923). <br \/><strong>\u2013 Irod.:<\/strong> Ferenczi S\u00e1ndor 2009; Gl\u0103j\u0103rie; Maros-k\u00fck\u00fcll\u0151i f\u0151esp.; MKL; Szab\u00f3\u2013Simon\u2013Sz\u00f6gi.<\/br><\/p>\n","protected":false},"excerpt":{"rendered":"<p>Brass\u00f3, 1895. nov. 14., \u2020 ?: r. k. pap. \u2013 A gimn.-ot Cs\u00edksomly\u00f3n \u00e9s Gyulafeh\u00e9rv\u00e1rt, a teol\u00f3gi\u00e1t a b\u00e9csi Pazmaneumban v\u00e9gezte (1914\u201317), ahova az Erd\u00e9lyi R. K. Egyh\u00e1zmegye k\u00fcldte tanulni. Papp\u00e1 szentelt\u00e9k (1918. szept. 22.). Gyergy\u00f3szentmikl\u00f3son \u00e9s Mv.-en k\u00e1pl\u00e1n \u00e9s hitoktat\u00f3 (1918\u201323). Pl\u00e9b\u00e1nos Homor\u00f3dkar\u00e1csonyfalv\u00e1n (1923), G\u00f6rg\u00e9ny\u00fcvegcs\u0171r\u00f6n (1925\u201330), Aninosz\u00e1n (1930), Sz\u00e9pv\u00edzen (1930\u201340). G\u00f6rg\u00e9ny\u00fcvegcs\u0171r\u00f6n meg\u00edrta a Domus [&hellip;]<\/p>\n","protected":false},"featured_media":0,"comment_status":"open","ping_status":"closed","template":"","meta":[],"product_brand":[],"product_cat":[137],"product_tag":[],"class_list":{"0":"post-23051","1":"product","2":"type-product","3":"status-publish","5":"product_cat-maros-megyei-eletrajzi-lexikon","7":"first","8":"instock","9":"shipping-taxable","10":"product-type-simple"},"_links":{"self":[{"href":"https:\/\/uj.adatbank.ro\/lexikon\/wp-json\/wp\/v2\/product\/23051","targetHints":{"allow":["GET"]}}],"collection":[{"href":"https:\/\/uj.adatbank.ro\/lexikon\/wp-json\/wp\/v2\/product"}],"about":[{"href":"https:\/\/uj.adatbank.ro\/lexikon\/wp-json\/wp\/v2\/types\/product"}],"replies":[{"embeddable":true,"href":"https:\/\/uj.adatbank.ro\/lexikon\/wp-json\/wp\/v2\/comments?post=23051"}],"wp:attachment":[{"href":"https:\/\/uj.adatbank.ro\/lexikon\/wp-json\/wp\/v2\/media?parent=23051"}],"wp:term":[{"taxonomy":"product_brand","embeddable":true,"href":"https:\/\/uj.adatbank.ro\/lexikon\/wp-json\/wp\/v2\/product_brand?post=23051"},{"taxonomy":"product_cat","embeddable":true,"href":"https:\/\/uj.adatbank.ro\/lexikon\/wp-json\/wp\/v2\/product_cat?post=23051"},{"taxonomy":"product_tag","embeddable":true,"href":"https:\/\/uj.adatbank.ro\/lexikon\/wp-json\/wp\/v2\/product_tag?post=23051"}],"curies":[{"name":"wp","href":"https:\/\/api.w.org\/{rel}","templated":true}]}}