{"id":23052,"date":"2025-08-01T17:11:09","date_gmt":"2025-08-01T15:11:09","guid":{"rendered":"https:\/\/uj.adatbank.ro\/lexikon\/termek\/timer-josephus\/"},"modified":"2025-08-01T17:11:09","modified_gmt":"2025-08-01T15:11:09","slug":"timer-josephus","status":"publish","type":"product","link":"https:\/\/uj.adatbank.ro\/lexikon\/termek\/timer-josephus\/","title":{"rendered":"TIMER Josephus"},"content":{"rendered":"<p>Sz\u00e1szr\u00e9gen, 1793? \u2020 ?: egyetemi hallgat\u00f3. \u2013 T. Josephus, Nagyenyeden \u00e9l\u0151 nyugalmazott sz\u00e1zados fia. \u2013 Pesten gy\u00f3gyszer\u00e9szhallgat\u00f3 (1813\u201314). <br \/><strong>\u2013 Irod.:<\/strong> Szab\u00f3 Mikl\u00f3s 2005.<\/br><\/p>\n","protected":false},"excerpt":{"rendered":"<p>Sz\u00e1szr\u00e9gen, 1793? \u2020 ?: egyetemi hallgat\u00f3. \u2013 T. Josephus, Nagyenyeden \u00e9l\u0151 nyugalmazott sz\u00e1zados fia. \u2013 Pesten gy\u00f3gyszer\u00e9szhallgat\u00f3 (1813\u201314). \u2013 Irod.: Szab\u00f3 Mikl\u00f3s 2005.<\/p>\n","protected":false},"featured_media":0,"comment_status":"open","ping_status":"closed","template":"","meta":[],"product_brand":[],"product_cat":[137],"product_tag":[],"class_list":{"0":"post-23052","1":"product","2":"type-product","3":"status-publish","5":"product_cat-maros-megyei-eletrajzi-lexikon","7":"first","8":"instock","9":"shipping-taxable","10":"product-type-simple"},"_links":{"self":[{"href":"https:\/\/uj.adatbank.ro\/lexikon\/wp-json\/wp\/v2\/product\/23052","targetHints":{"allow":["GET"]}}],"collection":[{"href":"https:\/\/uj.adatbank.ro\/lexikon\/wp-json\/wp\/v2\/product"}],"about":[{"href":"https:\/\/uj.adatbank.ro\/lexikon\/wp-json\/wp\/v2\/types\/product"}],"replies":[{"embeddable":true,"href":"https:\/\/uj.adatbank.ro\/lexikon\/wp-json\/wp\/v2\/comments?post=23052"}],"wp:attachment":[{"href":"https:\/\/uj.adatbank.ro\/lexikon\/wp-json\/wp\/v2\/media?parent=23052"}],"wp:term":[{"taxonomy":"product_brand","embeddable":true,"href":"https:\/\/uj.adatbank.ro\/lexikon\/wp-json\/wp\/v2\/product_brand?post=23052"},{"taxonomy":"product_cat","embeddable":true,"href":"https:\/\/uj.adatbank.ro\/lexikon\/wp-json\/wp\/v2\/product_cat?post=23052"},{"taxonomy":"product_tag","embeddable":true,"href":"https:\/\/uj.adatbank.ro\/lexikon\/wp-json\/wp\/v2\/product_tag?post=23052"}],"curies":[{"name":"wp","href":"https:\/\/api.w.org\/{rel}","templated":true}]}}