{"id":23054,"date":"2025-08-01T17:11:13","date_gmt":"2025-08-01T15:11:13","guid":{"rendered":"https:\/\/uj.adatbank.ro\/lexikon\/termek\/timlich-karl\/"},"modified":"2025-08-01T17:11:13","modified_gmt":"2025-08-01T15:11:13","slug":"timlich-karl","status":"publish","type":"product","link":"https:\/\/uj.adatbank.ro\/lexikon\/termek\/timlich-karl\/","title":{"rendered":"TIMLICH, Karl"},"content":{"rendered":"<p>? \u2020 ?: sportol\u00f3 ?. <br \/><strong>\u2013 Irod.:<\/strong> P\u00e1lfy Gy\u00f6rgy: A magyar sport enciklop\u00e9di\u00e1ja (Bp., 1928).<\/br><\/p>\n","protected":false},"excerpt":{"rendered":"<p>? \u2020 ?: sportol\u00f3 ?. \u2013 Irod.: P\u00e1lfy Gy\u00f6rgy: A magyar sport enciklop\u00e9di\u00e1ja (Bp., 1928).<\/p>\n","protected":false},"featured_media":0,"comment_status":"open","ping_status":"closed","template":"","meta":[],"product_brand":[],"product_cat":[137],"product_tag":[],"class_list":{"0":"post-23054","1":"product","2":"type-product","3":"status-publish","5":"product_cat-maros-megyei-eletrajzi-lexikon","7":"first","8":"instock","9":"shipping-taxable","10":"product-type-simple"},"_links":{"self":[{"href":"https:\/\/uj.adatbank.ro\/lexikon\/wp-json\/wp\/v2\/product\/23054","targetHints":{"allow":["GET"]}}],"collection":[{"href":"https:\/\/uj.adatbank.ro\/lexikon\/wp-json\/wp\/v2\/product"}],"about":[{"href":"https:\/\/uj.adatbank.ro\/lexikon\/wp-json\/wp\/v2\/types\/product"}],"replies":[{"embeddable":true,"href":"https:\/\/uj.adatbank.ro\/lexikon\/wp-json\/wp\/v2\/comments?post=23054"}],"wp:attachment":[{"href":"https:\/\/uj.adatbank.ro\/lexikon\/wp-json\/wp\/v2\/media?parent=23054"}],"wp:term":[{"taxonomy":"product_brand","embeddable":true,"href":"https:\/\/uj.adatbank.ro\/lexikon\/wp-json\/wp\/v2\/product_brand?post=23054"},{"taxonomy":"product_cat","embeddable":true,"href":"https:\/\/uj.adatbank.ro\/lexikon\/wp-json\/wp\/v2\/product_cat?post=23054"},{"taxonomy":"product_tag","embeddable":true,"href":"https:\/\/uj.adatbank.ro\/lexikon\/wp-json\/wp\/v2\/product_tag?post=23054"}],"curies":[{"name":"wp","href":"https:\/\/api.w.org\/{rel}","templated":true}]}}