{"id":23055,"date":"2025-08-01T17:11:15","date_gmt":"2025-08-01T15:11:15","guid":{"rendered":"https:\/\/uj.adatbank.ro\/lexikon\/termek\/tinca-ioan\/"},"modified":"2025-08-01T17:11:15","modified_gmt":"2025-08-01T15:11:15","slug":"tinca-ioan","status":"publish","type":"product","link":"https:\/\/uj.adatbank.ro\/lexikon\/termek\/tinca-ioan\/","title":{"rendered":"TINCA, Ioan"},"content":{"rendered":"<p>G\u00f6rg\u00e9nyhod\u00e1k, 1901. szept. 30., \u2020 ?: keresked\u0151, kul\u00e1k. \u2013 N\u0151s, 2 gyermekes apa. \u2013 K\u00e9nyszermunkat\u00e1borba k\u00fcldte a securitate (1952), a p\u00e9nzbev\u00e1lt\u00e1ssal kapcsolatos negat\u00edv h\u00edrkelt\u00e9s miatt. Tov\u00e1bbra is fel\u00fcgyelet alatt tartott\u00e1k (1953). <br \/><strong>\u2013 Irod.:<\/strong> Bartos 2012.<\/br><\/p>\n","protected":false},"excerpt":{"rendered":"<p>G\u00f6rg\u00e9nyhod\u00e1k, 1901. szept. 30., \u2020 ?: keresked\u0151, kul\u00e1k. \u2013 N\u0151s, 2 gyermekes apa. \u2013 K\u00e9nyszermunkat\u00e1borba k\u00fcldte a securitate (1952), a p\u00e9nzbev\u00e1lt\u00e1ssal kapcsolatos negat\u00edv h\u00edrkelt\u00e9s miatt. Tov\u00e1bbra is fel\u00fcgyelet alatt tartott\u00e1k (1953). \u2013 Irod.: Bartos 2012.<\/p>\n","protected":false},"featured_media":0,"comment_status":"open","ping_status":"closed","template":"","meta":[],"product_brand":[],"product_cat":[137],"product_tag":[],"class_list":{"0":"post-23055","1":"product","2":"type-product","3":"status-publish","5":"product_cat-maros-megyei-eletrajzi-lexikon","7":"first","8":"instock","9":"shipping-taxable","10":"product-type-simple"},"_links":{"self":[{"href":"https:\/\/uj.adatbank.ro\/lexikon\/wp-json\/wp\/v2\/product\/23055","targetHints":{"allow":["GET"]}}],"collection":[{"href":"https:\/\/uj.adatbank.ro\/lexikon\/wp-json\/wp\/v2\/product"}],"about":[{"href":"https:\/\/uj.adatbank.ro\/lexikon\/wp-json\/wp\/v2\/types\/product"}],"replies":[{"embeddable":true,"href":"https:\/\/uj.adatbank.ro\/lexikon\/wp-json\/wp\/v2\/comments?post=23055"}],"wp:attachment":[{"href":"https:\/\/uj.adatbank.ro\/lexikon\/wp-json\/wp\/v2\/media?parent=23055"}],"wp:term":[{"taxonomy":"product_brand","embeddable":true,"href":"https:\/\/uj.adatbank.ro\/lexikon\/wp-json\/wp\/v2\/product_brand?post=23055"},{"taxonomy":"product_cat","embeddable":true,"href":"https:\/\/uj.adatbank.ro\/lexikon\/wp-json\/wp\/v2\/product_cat?post=23055"},{"taxonomy":"product_tag","embeddable":true,"href":"https:\/\/uj.adatbank.ro\/lexikon\/wp-json\/wp\/v2\/product_tag?post=23055"}],"curies":[{"name":"wp","href":"https:\/\/api.w.org\/{rel}","templated":true}]}}