{"id":23057,"date":"2025-08-01T17:11:18","date_gmt":"2025-08-01T15:11:18","guid":{"rendered":"https:\/\/uj.adatbank.ro\/lexikon\/termek\/tirca-aurel\/"},"modified":"2025-08-01T17:11:18","modified_gmt":"2025-08-01T15:11:18","slug":"tirca-aurel","status":"publish","type":"product","link":"https:\/\/uj.adatbank.ro\/lexikon\/termek\/tirca-aurel\/","title":{"rendered":"TIRCA, Aurel"},"content":{"rendered":"<p>Marosugra, ? \u2020 ?: ort. pap. \u2013 Maroscsap\u00f3n a Sepsiszentgy\u00f6rgyr\u0151l megv\u00e1s\u00e1rolt \u00e9s \u00e1tk\u00f6lt\u00f6ztetett kis templomban szolg\u00e1lt (1880\u20131916). <br \/><strong>\u2013 Irod.:<\/strong> \u015eincan 2006.<\/br><\/p>\n","protected":false},"excerpt":{"rendered":"<p>Marosugra, ? \u2020 ?: ort. pap. \u2013 Maroscsap\u00f3n a Sepsiszentgy\u00f6rgyr\u0151l megv\u00e1s\u00e1rolt \u00e9s \u00e1tk\u00f6lt\u00f6ztetett kis templomban szolg\u00e1lt (1880\u20131916). \u2013 Irod.: \u015eincan 2006.<\/p>\n","protected":false},"featured_media":0,"comment_status":"open","ping_status":"closed","template":"","meta":[],"product_brand":[],"product_cat":[137],"product_tag":[],"class_list":{"0":"post-23057","1":"product","2":"type-product","3":"status-publish","5":"product_cat-maros-megyei-eletrajzi-lexikon","7":"first","8":"instock","9":"shipping-taxable","10":"product-type-simple"},"_links":{"self":[{"href":"https:\/\/uj.adatbank.ro\/lexikon\/wp-json\/wp\/v2\/product\/23057","targetHints":{"allow":["GET"]}}],"collection":[{"href":"https:\/\/uj.adatbank.ro\/lexikon\/wp-json\/wp\/v2\/product"}],"about":[{"href":"https:\/\/uj.adatbank.ro\/lexikon\/wp-json\/wp\/v2\/types\/product"}],"replies":[{"embeddable":true,"href":"https:\/\/uj.adatbank.ro\/lexikon\/wp-json\/wp\/v2\/comments?post=23057"}],"wp:attachment":[{"href":"https:\/\/uj.adatbank.ro\/lexikon\/wp-json\/wp\/v2\/media?parent=23057"}],"wp:term":[{"taxonomy":"product_brand","embeddable":true,"href":"https:\/\/uj.adatbank.ro\/lexikon\/wp-json\/wp\/v2\/product_brand?post=23057"},{"taxonomy":"product_cat","embeddable":true,"href":"https:\/\/uj.adatbank.ro\/lexikon\/wp-json\/wp\/v2\/product_cat?post=23057"},{"taxonomy":"product_tag","embeddable":true,"href":"https:\/\/uj.adatbank.ro\/lexikon\/wp-json\/wp\/v2\/product_tag?post=23057"}],"curies":[{"name":"wp","href":"https:\/\/api.w.org\/{rel}","templated":true}]}}