{"id":23058,"date":"2025-08-01T17:11:21","date_gmt":"2025-08-01T15:11:21","guid":{"rendered":"https:\/\/uj.adatbank.ro\/lexikon\/termek\/tirnaveanu-emil\/"},"modified":"2025-08-01T17:11:21","modified_gmt":"2025-08-01T15:11:21","slug":"tirnaveanu-emil","status":"publish","type":"product","link":"https:\/\/uj.adatbank.ro\/lexikon\/termek\/tirnaveanu-emil\/","title":{"rendered":"T\u00ceRN\u0102VEANU, Emil"},"content":{"rendered":"<p>G\u00f6rg\u00e9nylib\u00e1nfalva, 1907. nov.1. \u2020 G\u00f6rg\u00e9nylib\u00e1nfalva?: f\u00f6ldm\u0171ves, katonai b\u00edr\u00f3. \u2013 A Nemzeti Parasztp\u00e1rt tagja. Katonai b\u00edr\u00f3 volt Galacon, amely min\u0151s\u00e9g\u00e9ben kiterjedt n\u00e9pellenes tev\u00e9kenys\u00e9get fejtett ki (1944\u2013). \u00c1ll\u00e1s\u00e1b\u00f3l elbocs\u00e1tott\u00e1k, letart\u00f3ztatt\u00e1k (1959. szept. 28.). Szabadul\u00e1sa ut\u00e1n sz\u00fcl\u0151hely\u00e9n folytatta ellenforradalmi tev\u00e9kenys\u00e9g\u00e9t, igyekezett zavart kelteni a lakoss\u00e1gban, a rendszer ellen agit\u00e1lt, akad\u00e1lyozta a mez\u0151gazdas\u00e1g szoc. \u00e1talak\u00edt\u00e1s\u00e1t. <br \/><strong>\u2013 Irod.:<\/strong> \u00c1ldozatok.<\/br><\/p>\n","protected":false},"excerpt":{"rendered":"<p>G\u00f6rg\u00e9nylib\u00e1nfalva, 1907. nov.1. \u2020 G\u00f6rg\u00e9nylib\u00e1nfalva?: f\u00f6ldm\u0171ves, katonai b\u00edr\u00f3. \u2013 A Nemzeti Parasztp\u00e1rt tagja. Katonai b\u00edr\u00f3 volt Galacon, amely min\u0151s\u00e9g\u00e9ben kiterjedt n\u00e9pellenes tev\u00e9kenys\u00e9get fejtett ki (1944\u2013). \u00c1ll\u00e1s\u00e1b\u00f3l elbocs\u00e1tott\u00e1k, letart\u00f3ztatt\u00e1k (1959. szept. 28.). Szabadul\u00e1sa ut\u00e1n sz\u00fcl\u0151hely\u00e9n folytatta ellenforradalmi tev\u00e9kenys\u00e9g\u00e9t, igyekezett zavart kelteni a lakoss\u00e1gban, a rendszer ellen agit\u00e1lt, akad\u00e1lyozta a mez\u0151gazdas\u00e1g szoc. \u00e1talak\u00edt\u00e1s\u00e1t. \u2013 Irod.: \u00c1ldozatok.<\/p>\n","protected":false},"featured_media":0,"comment_status":"open","ping_status":"closed","template":"","meta":[],"product_brand":[],"product_cat":[137],"product_tag":[],"class_list":{"0":"post-23058","1":"product","2":"type-product","3":"status-publish","5":"product_cat-maros-megyei-eletrajzi-lexikon","7":"first","8":"instock","9":"shipping-taxable","10":"product-type-simple"},"_links":{"self":[{"href":"https:\/\/uj.adatbank.ro\/lexikon\/wp-json\/wp\/v2\/product\/23058","targetHints":{"allow":["GET"]}}],"collection":[{"href":"https:\/\/uj.adatbank.ro\/lexikon\/wp-json\/wp\/v2\/product"}],"about":[{"href":"https:\/\/uj.adatbank.ro\/lexikon\/wp-json\/wp\/v2\/types\/product"}],"replies":[{"embeddable":true,"href":"https:\/\/uj.adatbank.ro\/lexikon\/wp-json\/wp\/v2\/comments?post=23058"}],"wp:attachment":[{"href":"https:\/\/uj.adatbank.ro\/lexikon\/wp-json\/wp\/v2\/media?parent=23058"}],"wp:term":[{"taxonomy":"product_brand","embeddable":true,"href":"https:\/\/uj.adatbank.ro\/lexikon\/wp-json\/wp\/v2\/product_brand?post=23058"},{"taxonomy":"product_cat","embeddable":true,"href":"https:\/\/uj.adatbank.ro\/lexikon\/wp-json\/wp\/v2\/product_cat?post=23058"},{"taxonomy":"product_tag","embeddable":true,"href":"https:\/\/uj.adatbank.ro\/lexikon\/wp-json\/wp\/v2\/product_tag?post=23058"}],"curies":[{"name":"wp","href":"https:\/\/api.w.org\/{rel}","templated":true}]}}