{"id":23060,"date":"2025-08-01T17:11:29","date_gmt":"2025-08-01T15:11:29","guid":{"rendered":"https:\/\/uj.adatbank.ro\/lexikon\/termek\/tirnovan-vid-%c2%a7\/"},"modified":"2025-08-01T17:11:29","modified_gmt":"2025-08-01T15:11:29","slug":"tirnovan-vid-%c2%a7","status":"publish","type":"product","link":"https:\/\/uj.adatbank.ro\/lexikon\/termek\/tirnovan-vid-%c2%a7\/","title":{"rendered":"TIRNOV\u00c1N Vid, \u00a7"},"content":{"rendered":"<p>Segesv\u00e1r, 1933. j\u00fal. 15., \u2020 P\u00e1pa, 2015.: szobr\u00e1sz, k\u00e9pz\u0151m\u0171v\u00e9sz. \u2013 Sz\u00fclei: Tirnov\u00e1n J\u00e1nos tan\u00edt\u00f3 \u00e9s Nagy Margit zongoratan\u00e1r. Feles\u00e9ge: Katona Magdolna. Gyermekei: Radu (1968), Art\u00far (1970), Tam\u00e1s (1980), Kata (1982). \u2013 A Kolozsv\u00e1ri K\u00e9pz\u0151m\u0171v\u00e9szeti Akad\u00e9mia szobr\u00e1sz szak\u00e1t k\u00e9t r\u00e9szletben v\u00e9gezte el, 1953\u20131956 \u00e9s 1966\u20131969 k\u00f6z\u00f6tt. A f\u0151iskol\u00e1n okt. 24-\u00e9n tartott di\u00e1kgy\u0171l\u00e9s egyik szervez\u0151jek\u00e9nt letart\u00f3ztatt\u00e1k, a kv.-i Katonai B\u00edr\u00f3s\u00e1g nyilv\u00e1nos l\u00e1z\u00edt\u00e1s v\u00e1dj\u00e1val 7 \u00e9vre \u00edt\u00e9lte. M\u00e1sodfokon az \u00edt\u00e9letet 5 \u00e9vre m\u00e9rs\u00e9kelt\u00e9k. B\u00f6rt\u00f6n\u00e9veit Szamos\u00fajv\u00e1ron t\u00f6lt\u00f6tte. Kegyelemi rendelettel szabadult (1959. dec. 10.). A Ion Andreescu K\u00e9pz\u0151m\u0171v\u00e9szeti Int\u00e9zetben v\u00e9gzett. El\u0151sz\u00f6r a kv.-i fiatalok ki\u00e1ll\u00edt\u00e1s\u00e1n szerepelt (1960) Kaz\u00e1nkov\u00e1cs c. szobr\u00e1val. Ker\u00e1mia ki\u00e1ll\u00edt\u00e1sa volt Nagyv\u00e1radon (1963); Nagyb\u00e1ny\u00e1n (1962). Fest\u00e9szeti \u00e9s grafikai ki\u00e1ll\u00edt\u00e1sa volt Nagyv\u00e1radon (1965); Kv.-on szobr\u00e1szati m\u0171veket \u00e1ll\u00edtott ki (1968); Nagyv\u00e1radon \u00e9s Szatm\u00e1ron fa- \u00e9s \u00fcvegmunk\u00e1kkal vett r\u00e9szt iparm\u0171v\u00e9szeti ki\u00e1ll\u00edt\u00e1sokon (1975). Monument\u00e1lis jel c. m\u0171ve Kv.-on az Ipari Ki\u00e1ll\u00edt\u00e1sok csarnoka el\u0151tti t\u00e9ren, Genezis-\u00edv c. szobra a magurai szobr\u00e1szt\u00e1borban nyert elhelyez\u00e9st. 1988-ban \u00e1ttelepedett Magyarorsz\u00e1gra, P\u00e1p\u00e1n \u00e9lt. <br \/><strong>\u2013 Irod.:<\/strong> 100 \u00e9v; 1956 Erd\u00e9lyben; Gazda J\u00f3zsef: Az emberk\u00ednz\u00e1s sz\u00ednterei Rom\u00e1ni\u00e1ban (Sz\u00e9kelyf\u00f6ld, 2006. okt., 10. sz.) Katona Szab\u00f3 Istv\u00e1n: Az \u00daj \u00c9let lexikona, 150. (\u00daj \u00c9let, 1976, 19. sz.).<\/br><\/p>\n","protected":false},"excerpt":{"rendered":"<p>Segesv\u00e1r, 1933. j\u00fal. 15., \u2020 P\u00e1pa, 2015.: szobr\u00e1sz, k\u00e9pz\u0151m\u0171v\u00e9sz. \u2013 Sz\u00fclei: Tirnov\u00e1n J\u00e1nos tan\u00edt\u00f3 \u00e9s Nagy Margit zongoratan\u00e1r. Feles\u00e9ge: Katona Magdolna. Gyermekei: Radu (1968), Art\u00far (1970), Tam\u00e1s (1980), Kata (1982). \u2013 A Kolozsv\u00e1ri K\u00e9pz\u0151m\u0171v\u00e9szeti Akad\u00e9mia szobr\u00e1sz szak\u00e1t k\u00e9t r\u00e9szletben v\u00e9gezte el, 1953\u20131956 \u00e9s 1966\u20131969 k\u00f6z\u00f6tt. A f\u0151iskol\u00e1n okt. 24-\u00e9n tartott di\u00e1kgy\u0171l\u00e9s egyik szervez\u0151jek\u00e9nt letart\u00f3ztatt\u00e1k, a [&hellip;]<\/p>\n","protected":false},"featured_media":0,"comment_status":"open","ping_status":"closed","template":"","meta":[],"product_brand":[],"product_cat":[137],"product_tag":[],"class_list":{"0":"post-23060","1":"product","2":"type-product","3":"status-publish","5":"product_cat-maros-megyei-eletrajzi-lexikon","7":"first","8":"instock","9":"shipping-taxable","10":"product-type-simple"},"_links":{"self":[{"href":"https:\/\/uj.adatbank.ro\/lexikon\/wp-json\/wp\/v2\/product\/23060","targetHints":{"allow":["GET"]}}],"collection":[{"href":"https:\/\/uj.adatbank.ro\/lexikon\/wp-json\/wp\/v2\/product"}],"about":[{"href":"https:\/\/uj.adatbank.ro\/lexikon\/wp-json\/wp\/v2\/types\/product"}],"replies":[{"embeddable":true,"href":"https:\/\/uj.adatbank.ro\/lexikon\/wp-json\/wp\/v2\/comments?post=23060"}],"wp:attachment":[{"href":"https:\/\/uj.adatbank.ro\/lexikon\/wp-json\/wp\/v2\/media?parent=23060"}],"wp:term":[{"taxonomy":"product_brand","embeddable":true,"href":"https:\/\/uj.adatbank.ro\/lexikon\/wp-json\/wp\/v2\/product_brand?post=23060"},{"taxonomy":"product_cat","embeddable":true,"href":"https:\/\/uj.adatbank.ro\/lexikon\/wp-json\/wp\/v2\/product_cat?post=23060"},{"taxonomy":"product_tag","embeddable":true,"href":"https:\/\/uj.adatbank.ro\/lexikon\/wp-json\/wp\/v2\/product_tag?post=23060"}],"curies":[{"name":"wp","href":"https:\/\/api.w.org\/{rel}","templated":true}]}}