{"id":23061,"date":"2025-08-01T17:11:32","date_gmt":"2025-08-01T15:11:32","guid":{"rendered":"https:\/\/uj.adatbank.ro\/lexikon\/termek\/tirnoveanu-alexandru\/"},"modified":"2025-08-01T17:11:32","modified_gmt":"2025-08-01T15:11:32","slug":"tirnoveanu-alexandru","status":"publish","type":"product","link":"https:\/\/uj.adatbank.ro\/lexikon\/termek\/tirnoveanu-alexandru\/","title":{"rendered":"T\u00ceRNOVEANU, Alexandru"},"content":{"rendered":"<p>?, \u2020 ??: g. k. pap. \u2013 Szov\u00e1t\u00e1n m\u0171k\u00f6d\u00f6tt (1940-ig). <br \/><strong>\u2013 Irod.:<\/strong> Szov\u00e1ta.<\/br><\/p>\n","protected":false},"excerpt":{"rendered":"<p>?, \u2020 ??: g. k. pap. \u2013 Szov\u00e1t\u00e1n m\u0171k\u00f6d\u00f6tt (1940-ig). \u2013 Irod.: Szov\u00e1ta.<\/p>\n","protected":false},"featured_media":0,"comment_status":"open","ping_status":"closed","template":"","meta":[],"product_brand":[],"product_cat":[137],"product_tag":[],"class_list":{"0":"post-23061","1":"product","2":"type-product","3":"status-publish","5":"product_cat-maros-megyei-eletrajzi-lexikon","7":"first","8":"instock","9":"shipping-taxable","10":"product-type-simple"},"_links":{"self":[{"href":"https:\/\/uj.adatbank.ro\/lexikon\/wp-json\/wp\/v2\/product\/23061","targetHints":{"allow":["GET"]}}],"collection":[{"href":"https:\/\/uj.adatbank.ro\/lexikon\/wp-json\/wp\/v2\/product"}],"about":[{"href":"https:\/\/uj.adatbank.ro\/lexikon\/wp-json\/wp\/v2\/types\/product"}],"replies":[{"embeddable":true,"href":"https:\/\/uj.adatbank.ro\/lexikon\/wp-json\/wp\/v2\/comments?post=23061"}],"wp:attachment":[{"href":"https:\/\/uj.adatbank.ro\/lexikon\/wp-json\/wp\/v2\/media?parent=23061"}],"wp:term":[{"taxonomy":"product_brand","embeddable":true,"href":"https:\/\/uj.adatbank.ro\/lexikon\/wp-json\/wp\/v2\/product_brand?post=23061"},{"taxonomy":"product_cat","embeddable":true,"href":"https:\/\/uj.adatbank.ro\/lexikon\/wp-json\/wp\/v2\/product_cat?post=23061"},{"taxonomy":"product_tag","embeddable":true,"href":"https:\/\/uj.adatbank.ro\/lexikon\/wp-json\/wp\/v2\/product_tag?post=23061"}],"curies":[{"name":"wp","href":"https:\/\/api.w.org\/{rel}","templated":true}]}}