{"id":23062,"date":"2025-08-01T17:11:34","date_gmt":"2025-08-01T15:11:34","guid":{"rendered":"https:\/\/uj.adatbank.ro\/lexikon\/termek\/tischler-gyula\/"},"modified":"2025-08-01T17:11:34","modified_gmt":"2025-08-01T15:11:34","slug":"tischler-gyula","status":"publish","type":"product","link":"https:\/\/uj.adatbank.ro\/lexikon\/termek\/tischler-gyula\/","title":{"rendered":"TISCHLER Gyula"},"content":{"rendered":"<p>1862., \u2020 Mv., 1930. m\u00e1j. 3: fogorvos. \u2013 Apja \u00fczletember. Feles\u00e9ge: B\u00fcrger Gizella (1864? \u2013 1919. dec. 20). Gyermekeik: dr. T. Jen\u0151, feles\u00e9ge M\u00e1rk Hel\u00e9n; dr. T. Ferenc. \u2013 Tanult a B\u00e9csi Egy. Orv. Kar\u00e1n (1872\u201375). Mv.-re telepedett (1881). A Szentgy\u00f6rgy u. 38. sz.-ban lakott. A v\u00e1ros els\u0151, egyetlen fogorvosa (1885 k. \u2013). K\u00e9s\u0151bbi fogorvosok Perl J\u00f3zsef \u00e9s bikfalvi id. M\u00e1th\u00e9 D\u00e9nes. <br \/><strong>\u2013 Irod.:<\/strong> Gy\u00e1szjelent\u0151; Id\u0151t\u00e1r 3; Nagy L; Szab\u00f3\u2013Simon\u2013Sz\u00f6gi.<\/br><\/p>\n","protected":false},"excerpt":{"rendered":"<p>1862., \u2020 Mv., 1930. m\u00e1j. 3: fogorvos. \u2013 Apja \u00fczletember. Feles\u00e9ge: B\u00fcrger Gizella (1864? \u2013 1919. dec. 20). Gyermekeik: dr. T. Jen\u0151, feles\u00e9ge M\u00e1rk Hel\u00e9n; dr. T. Ferenc. \u2013 Tanult a B\u00e9csi Egy. Orv. Kar\u00e1n (1872\u201375). Mv.-re telepedett (1881). A Szentgy\u00f6rgy u. 38. sz.-ban lakott. A v\u00e1ros els\u0151, egyetlen fogorvosa (1885 k. \u2013). K\u00e9s\u0151bbi fogorvosok [&hellip;]<\/p>\n","protected":false},"featured_media":0,"comment_status":"open","ping_status":"closed","template":"","meta":[],"product_brand":[],"product_cat":[137],"product_tag":[],"class_list":{"0":"post-23062","1":"product","2":"type-product","3":"status-publish","5":"product_cat-maros-megyei-eletrajzi-lexikon","7":"first","8":"instock","9":"shipping-taxable","10":"product-type-simple"},"_links":{"self":[{"href":"https:\/\/uj.adatbank.ro\/lexikon\/wp-json\/wp\/v2\/product\/23062","targetHints":{"allow":["GET"]}}],"collection":[{"href":"https:\/\/uj.adatbank.ro\/lexikon\/wp-json\/wp\/v2\/product"}],"about":[{"href":"https:\/\/uj.adatbank.ro\/lexikon\/wp-json\/wp\/v2\/types\/product"}],"replies":[{"embeddable":true,"href":"https:\/\/uj.adatbank.ro\/lexikon\/wp-json\/wp\/v2\/comments?post=23062"}],"wp:attachment":[{"href":"https:\/\/uj.adatbank.ro\/lexikon\/wp-json\/wp\/v2\/media?parent=23062"}],"wp:term":[{"taxonomy":"product_brand","embeddable":true,"href":"https:\/\/uj.adatbank.ro\/lexikon\/wp-json\/wp\/v2\/product_brand?post=23062"},{"taxonomy":"product_cat","embeddable":true,"href":"https:\/\/uj.adatbank.ro\/lexikon\/wp-json\/wp\/v2\/product_cat?post=23062"},{"taxonomy":"product_tag","embeddable":true,"href":"https:\/\/uj.adatbank.ro\/lexikon\/wp-json\/wp\/v2\/product_tag?post=23062"}],"curies":[{"name":"wp","href":"https:\/\/api.w.org\/{rel}","templated":true}]}}