{"id":23063,"date":"2025-08-01T17:11:36","date_gmt":"2025-08-01T15:11:36","guid":{"rendered":"https:\/\/uj.adatbank.ro\/lexikon\/termek\/tischler-hermanne-burger-roza\/"},"modified":"2025-08-01T17:11:36","modified_gmt":"2025-08-01T15:11:36","slug":"tischler-hermanne-burger-roza","status":"publish","type":"product","link":"https:\/\/uj.adatbank.ro\/lexikon\/termek\/tischler-hermanne-burger-roza\/","title":{"rendered":"TISCHLER Hermann\u00e9, B\u00fcrger R\u00f3za"},"content":{"rendered":"<p>1864?, \u2020 Mv., 1922. okt. 28.Marosszentkir\u00e1lyon temett\u00e9k: ? . \u2013 Testv\u00e9rei: B\u00fcrger Jenny \u2013 Salamon Simonn\u00e9; B\u00fcrger Albert, feles\u00e9ge b. Tischler Julia; B\u00fcrger Lip\u00f3t, feles\u00e9ge Adler Frida; B\u00fcrger Regina \u2013 Rohrlich Ed\u00e9n\u00e9; B\u00fcrger Berta \u2013 Sz\u00f6ll\u0151sy Ed\u00e9n\u00e9; B\u00fcrger Erna \u2013Roth Bern\u00e1tn\u00e9; B\u00fcrger Leona \u2013 dr. Egyed M\u00e1rtonn\u00e9; dr. Tischler Gyula. Gyermekei: dr. Tak\u00e1cs Man\u00f3; b. Farkas Herm\u00e1nn\u00e9 Tischler M\u00e1ria.\u2013 Irod: Gy\u00e1szjelent\u0151.<\/br><\/p>\n","protected":false},"excerpt":{"rendered":"<p>1864?, \u2020 Mv., 1922. okt. 28.Marosszentkir\u00e1lyon temett\u00e9k: ? . \u2013 Testv\u00e9rei: B\u00fcrger Jenny \u2013 Salamon Simonn\u00e9; B\u00fcrger Albert, feles\u00e9ge b. Tischler Julia; B\u00fcrger Lip\u00f3t, feles\u00e9ge Adler Frida; B\u00fcrger Regina \u2013 Rohrlich Ed\u00e9n\u00e9; B\u00fcrger Berta \u2013 Sz\u00f6ll\u0151sy Ed\u00e9n\u00e9; B\u00fcrger Erna \u2013Roth Bern\u00e1tn\u00e9; B\u00fcrger Leona \u2013 dr. Egyed M\u00e1rtonn\u00e9; dr. Tischler Gyula. Gyermekei: dr. Tak\u00e1cs Man\u00f3; b. [&hellip;]<\/p>\n","protected":false},"featured_media":0,"comment_status":"open","ping_status":"closed","template":"","meta":[],"product_brand":[],"product_cat":[137],"product_tag":[],"class_list":{"0":"post-23063","1":"product","2":"type-product","3":"status-publish","5":"product_cat-maros-megyei-eletrajzi-lexikon","7":"first","8":"instock","9":"shipping-taxable","10":"product-type-simple"},"_links":{"self":[{"href":"https:\/\/uj.adatbank.ro\/lexikon\/wp-json\/wp\/v2\/product\/23063","targetHints":{"allow":["GET"]}}],"collection":[{"href":"https:\/\/uj.adatbank.ro\/lexikon\/wp-json\/wp\/v2\/product"}],"about":[{"href":"https:\/\/uj.adatbank.ro\/lexikon\/wp-json\/wp\/v2\/types\/product"}],"replies":[{"embeddable":true,"href":"https:\/\/uj.adatbank.ro\/lexikon\/wp-json\/wp\/v2\/comments?post=23063"}],"wp:attachment":[{"href":"https:\/\/uj.adatbank.ro\/lexikon\/wp-json\/wp\/v2\/media?parent=23063"}],"wp:term":[{"taxonomy":"product_brand","embeddable":true,"href":"https:\/\/uj.adatbank.ro\/lexikon\/wp-json\/wp\/v2\/product_brand?post=23063"},{"taxonomy":"product_cat","embeddable":true,"href":"https:\/\/uj.adatbank.ro\/lexikon\/wp-json\/wp\/v2\/product_cat?post=23063"},{"taxonomy":"product_tag","embeddable":true,"href":"https:\/\/uj.adatbank.ro\/lexikon\/wp-json\/wp\/v2\/product_tag?post=23063"}],"curies":[{"name":"wp","href":"https:\/\/api.w.org\/{rel}","templated":true}]}}