{"id":23064,"date":"2025-08-01T17:11:38","date_gmt":"2025-08-01T15:11:38","guid":{"rendered":"https:\/\/uj.adatbank.ro\/lexikon\/termek\/tischler-jeno-tischler-eugen\/"},"modified":"2025-08-01T17:11:38","modified_gmt":"2025-08-01T15:11:38","slug":"tischler-jeno-tischler-eugen","status":"publish","type":"product","link":"https:\/\/uj.adatbank.ro\/lexikon\/termek\/tischler-jeno-tischler-eugen\/","title":{"rendered":"TISCHLER Jen\u0151, Tischler Eugen"},"content":{"rendered":"<p>Mv., 1883., \u2020 ?: fogorvos, sz\u00e1jseb\u00e9sz. \u2013 Dr. T. Gyula \u00e9s B\u00fcrger Gizella fia. Feles\u00e9ge M\u00e1rk Hel\u00e9n. \u2013 Egyetemet Bp.-en v\u00e9gzett, doktor\u00e1lt (1914). Tanulm\u00e1nyai befejez\u00e9se ut\u00e1n a bp.-i Stomatol\u00f3giai Klinik\u00e1n gyakornok, majd Bp.-en munk\u00e1sbiztos\u00edt\u00f3 orvos volt. R\u00e9szt vett az I. vh.-ban (1915\u201319), a montenegr\u00f3i, olasz \u00e9s az alb\u00e1n fronton harcolt, megsebes\u00fclt. F\u0151hadnagyi rangban szerelt le kit\u00fcntet\u00e9sekkel. Az \u00f6sszeoml\u00e1s ut\u00e1n egy \u00e9vig az Auguszta k\u00f3rh\u00e1zban dolgozott Mv.- re ker\u00fclt (1920), ahol fogorvosi \u00e9s sz\u00e1jseb\u00e9szeti rendel\u0151t nyitott. Szakm\u00e1j\u00e1ban v\u00e9gzett tudom\u00e1nyos kutat\u00e1sai t\u00f6bb tanulm\u00e1nyt eredm\u00e9nyeztek, amelyeket szabadalmaztatott: pl. Anesteticum dent. Dr. Tischler mo.-i szabadalmaztatott injekci\u00f3; a dr. Tischler f\u00e9le sz\u00e1jv\u00edz. A rom\u00e1niai fogtechnikusok \u00e1llami ellen\u0151rz\u0151 fogorvosa volt. Szakir\u00e1ny\u00fa cikkeket \u00edrt bel- \u00e9s k\u00fclf\u00f6ldi foly\u00f3iratokban. Mv.-r\u0151l a feles\u00e9g\u00e9vel (1892) egy\u00fctt deport\u00e1lt\u00e1k (1944. m\u00e1j. 29.). Hazat\u00e9rte ut\u00e1n m\u00e9g \u00e9vekig dolgozott. <br \/><strong>\u2013 Irod.:<\/strong> Almanah Tg. M.; Erd\u00e9lyi ezredek, Ki kicsoda?; Mv. zsid\u00f3s\u00e1ga.<\/br><\/p>\n","protected":false},"excerpt":{"rendered":"<p>Mv., 1883., \u2020 ?: fogorvos, sz\u00e1jseb\u00e9sz. \u2013 Dr. T. Gyula \u00e9s B\u00fcrger Gizella fia. Feles\u00e9ge M\u00e1rk Hel\u00e9n. \u2013 Egyetemet Bp.-en v\u00e9gzett, doktor\u00e1lt (1914). Tanulm\u00e1nyai befejez\u00e9se ut\u00e1n a bp.-i Stomatol\u00f3giai Klinik\u00e1n gyakornok, majd Bp.-en munk\u00e1sbiztos\u00edt\u00f3 orvos volt. R\u00e9szt vett az I. vh.-ban (1915\u201319), a montenegr\u00f3i, olasz \u00e9s az alb\u00e1n fronton harcolt, megsebes\u00fclt. F\u0151hadnagyi rangban szerelt le [&hellip;]<\/p>\n","protected":false},"featured_media":0,"comment_status":"open","ping_status":"closed","template":"","meta":[],"product_brand":[],"product_cat":[137],"product_tag":[],"class_list":{"0":"post-23064","1":"product","2":"type-product","3":"status-publish","5":"product_cat-maros-megyei-eletrajzi-lexikon","7":"first","8":"instock","9":"shipping-taxable","10":"product-type-simple"},"_links":{"self":[{"href":"https:\/\/uj.adatbank.ro\/lexikon\/wp-json\/wp\/v2\/product\/23064","targetHints":{"allow":["GET"]}}],"collection":[{"href":"https:\/\/uj.adatbank.ro\/lexikon\/wp-json\/wp\/v2\/product"}],"about":[{"href":"https:\/\/uj.adatbank.ro\/lexikon\/wp-json\/wp\/v2\/types\/product"}],"replies":[{"embeddable":true,"href":"https:\/\/uj.adatbank.ro\/lexikon\/wp-json\/wp\/v2\/comments?post=23064"}],"wp:attachment":[{"href":"https:\/\/uj.adatbank.ro\/lexikon\/wp-json\/wp\/v2\/media?parent=23064"}],"wp:term":[{"taxonomy":"product_brand","embeddable":true,"href":"https:\/\/uj.adatbank.ro\/lexikon\/wp-json\/wp\/v2\/product_brand?post=23064"},{"taxonomy":"product_cat","embeddable":true,"href":"https:\/\/uj.adatbank.ro\/lexikon\/wp-json\/wp\/v2\/product_cat?post=23064"},{"taxonomy":"product_tag","embeddable":true,"href":"https:\/\/uj.adatbank.ro\/lexikon\/wp-json\/wp\/v2\/product_tag?post=23064"}],"curies":[{"name":"wp","href":"https:\/\/api.w.org\/{rel}","templated":true}]}}