{"id":23067,"date":"2025-08-01T17:11:47","date_gmt":"2025-08-01T15:11:47","guid":{"rendered":"https:\/\/uj.adatbank.ro\/lexikon\/termek\/tischler-marton\/"},"modified":"2025-08-01T17:11:47","modified_gmt":"2025-08-01T15:11:47","slug":"tischler-marton","status":"publish","type":"product","link":"https:\/\/uj.adatbank.ro\/lexikon\/termek\/tischler-marton\/","title":{"rendered":"TISCHLER M\u00e1rton"},"content":{"rendered":"<p>? \u2020 ?: v\u00e1llalkoz\u00f3. \u2013 Mv.-en a Ref. Koll.-ban \u00e9retts\u00e9gizett (1895). Auschwitzba hurcolt\u00e1k (1944). <br \/><strong>\u2013 Irod.:<\/strong> Kincses El\u0151d: Az iskola m\u00e1rt\u00edrjai (N\u00fa., 2007. aug. 28.).<\/br><\/p>\n","protected":false},"excerpt":{"rendered":"<p>? \u2020 ?: v\u00e1llalkoz\u00f3. \u2013 Mv.-en a Ref. Koll.-ban \u00e9retts\u00e9gizett (1895). Auschwitzba hurcolt\u00e1k (1944). \u2013 Irod.: Kincses El\u0151d: Az iskola m\u00e1rt\u00edrjai (N\u00fa., 2007. aug. 28.).<\/p>\n","protected":false},"featured_media":0,"comment_status":"open","ping_status":"closed","template":"","meta":[],"product_brand":[],"product_cat":[137],"product_tag":[],"class_list":{"0":"post-23067","1":"product","2":"type-product","3":"status-publish","5":"product_cat-maros-megyei-eletrajzi-lexikon","7":"first","8":"instock","9":"shipping-taxable","10":"product-type-simple"},"_links":{"self":[{"href":"https:\/\/uj.adatbank.ro\/lexikon\/wp-json\/wp\/v2\/product\/23067","targetHints":{"allow":["GET"]}}],"collection":[{"href":"https:\/\/uj.adatbank.ro\/lexikon\/wp-json\/wp\/v2\/product"}],"about":[{"href":"https:\/\/uj.adatbank.ro\/lexikon\/wp-json\/wp\/v2\/types\/product"}],"replies":[{"embeddable":true,"href":"https:\/\/uj.adatbank.ro\/lexikon\/wp-json\/wp\/v2\/comments?post=23067"}],"wp:attachment":[{"href":"https:\/\/uj.adatbank.ro\/lexikon\/wp-json\/wp\/v2\/media?parent=23067"}],"wp:term":[{"taxonomy":"product_brand","embeddable":true,"href":"https:\/\/uj.adatbank.ro\/lexikon\/wp-json\/wp\/v2\/product_brand?post=23067"},{"taxonomy":"product_cat","embeddable":true,"href":"https:\/\/uj.adatbank.ro\/lexikon\/wp-json\/wp\/v2\/product_cat?post=23067"},{"taxonomy":"product_tag","embeddable":true,"href":"https:\/\/uj.adatbank.ro\/lexikon\/wp-json\/wp\/v2\/product_tag?post=23067"}],"curies":[{"name":"wp","href":"https:\/\/api.w.org\/{rel}","templated":true}]}}