{"id":23068,"date":"2025-08-01T17:11:50","date_gmt":"2025-08-01T15:11:50","guid":{"rendered":"https:\/\/uj.adatbank.ro\/lexikon\/termek\/tischler-marton-tischler-martin\/"},"modified":"2025-08-01T17:11:50","modified_gmt":"2025-08-01T15:11:50","slug":"tischler-marton-tischler-martin","status":"publish","type":"product","link":"https:\/\/uj.adatbank.ro\/lexikon\/termek\/tischler-marton-tischler-martin\/","title":{"rendered":"TISCHLER M\u00e1rton, Tischler Martin"},"content":{"rendered":"<p>Mv., 1877., \u2020 Mv., 1932. jan. 11.: \u00fcgyv\u00e9d, bankvez\u00e9rigazgat\u00f3. \u2013 Kv.-on v\u00e9gezte az egyetemet, majd Bp.-en jog- \u00e9s \u00e1llamtudom\u00e1nyi doktor\u00e1tust tett. Tanulm\u00e1nyai befejez\u00e9se ut\u00e1n Mv.-en \u00fcgyv\u00e9di irod\u00e1t nyitott. Virilista Mv.-en (1913). A Koron\u00e1s Takar\u00e9k Sz\u00f6v. alap\u00edt\u00f3ja, k\u00e9s\u0151bb az Agr\u00e1r Takar\u00e9kp\u00e9nzt\u00e1r RT (alap\u00edt\u00e1si \u00e9v 1896) jogtan\u00e1csosa, majd vez\u00e9rigazgat\u00f3ja (1925\u2013), t\u00e1rstulajdonosa volt. Ez a bank t\u00f6nkrement, Bern\u00e1dy, Kem\u00e9ny J\u00e1nos harcoltak a tisztvisel\u0151k nyugd\u00edjalapja megment\u00e9s\u00e9\u00e9rt. Kiv\u00e1l\u00f3 \u00fczleti \u00e9rz\u00e9ke \u00e9s el\u0151rel\u00e1t\u00e1sa dikt\u00e1lta, hogy az int\u00e9zet \u00e1ltal finansz\u00edrozott v\u00e1llalatokat likvid\u00e1lja \u00e9s ez\u00e1ltal bonit\u00e1s\u00e1t emelje. Szakk\u00f6r\u00f6kben elismer\u00e9ssel nyilatkoztak munk\u00e1ss\u00e1g\u00e1r\u00f3l, Mv. \u00e9s a k\u00f6rny\u00e9k gazdas\u00e1gi vil\u00e1g\u00e1ban tekint\u00e9lye volt. T\u00f6bb ipari v\u00e1llalat l\u00e9tes\u00edt\u0151je, ir\u00e1ny\u00edt\u00f3ja volt, a Sz\u00e9kelyf\u00f6ld gazdas\u00e1gi viszonyainak fejl\u0151d\u00e9s\u00e9t szorgalmazta \u2013 az Aragonit M\u0171vek eln\u00f6ke \u00e9s igazgat\u00f3s\u00e1gi tagja, a T\u00e9gla- \u00e9s Agyaggy\u00e1r rt. eln\u00f6ke, a B\u00fcrger s\u00f6rgy\u00e1r, az \u201eAgr\u00e1r\u201d Takar\u00e9kp\u00e9nzt\u00e1r igazgat\u00f3s\u00e1gi tagja volt. Az Erd\u00e9lyi Helikon mv.-i tagjai k\u00f6zt szerepelt (1930). A mv.-i palot\u00e1ja ma az \u00e1rvagyerekek h\u00e1za. <br \/><strong>\u2013 Irod.:<\/strong> Almanah Tg. M.; Bern\u00e1dy; EBKL; Id\u0151t\u00e1r 2; Ki kicsoda?; Marosi-Helikon; Marosi-KZST; Mv.-i zsid\u00f3 temet\u0151 dok.; \u00d6kr\u00f6s; Pan\u0103; Sebesty\u00e9n Mih\u00e1ly 2000.<\/br><\/p>\n","protected":false},"excerpt":{"rendered":"<p>Mv., 1877., \u2020 Mv., 1932. jan. 11.: \u00fcgyv\u00e9d, bankvez\u00e9rigazgat\u00f3. \u2013 Kv.-on v\u00e9gezte az egyetemet, majd Bp.-en jog- \u00e9s \u00e1llamtudom\u00e1nyi doktor\u00e1tust tett. Tanulm\u00e1nyai befejez\u00e9se ut\u00e1n Mv.-en \u00fcgyv\u00e9di irod\u00e1t nyitott. Virilista Mv.-en (1913). A Koron\u00e1s Takar\u00e9k Sz\u00f6v. alap\u00edt\u00f3ja, k\u00e9s\u0151bb az Agr\u00e1r Takar\u00e9kp\u00e9nzt\u00e1r RT (alap\u00edt\u00e1si \u00e9v 1896) jogtan\u00e1csosa, majd vez\u00e9rigazgat\u00f3ja (1925\u2013), t\u00e1rstulajdonosa volt. Ez a bank t\u00f6nkrement, Bern\u00e1dy, [&hellip;]<\/p>\n","protected":false},"featured_media":0,"comment_status":"open","ping_status":"closed","template":"","meta":[],"product_brand":[],"product_cat":[137],"product_tag":[],"class_list":{"0":"post-23068","1":"product","2":"type-product","3":"status-publish","5":"product_cat-maros-megyei-eletrajzi-lexikon","7":"first","8":"instock","9":"shipping-taxable","10":"product-type-simple"},"_links":{"self":[{"href":"https:\/\/uj.adatbank.ro\/lexikon\/wp-json\/wp\/v2\/product\/23068","targetHints":{"allow":["GET"]}}],"collection":[{"href":"https:\/\/uj.adatbank.ro\/lexikon\/wp-json\/wp\/v2\/product"}],"about":[{"href":"https:\/\/uj.adatbank.ro\/lexikon\/wp-json\/wp\/v2\/types\/product"}],"replies":[{"embeddable":true,"href":"https:\/\/uj.adatbank.ro\/lexikon\/wp-json\/wp\/v2\/comments?post=23068"}],"wp:attachment":[{"href":"https:\/\/uj.adatbank.ro\/lexikon\/wp-json\/wp\/v2\/media?parent=23068"}],"wp:term":[{"taxonomy":"product_brand","embeddable":true,"href":"https:\/\/uj.adatbank.ro\/lexikon\/wp-json\/wp\/v2\/product_brand?post=23068"},{"taxonomy":"product_cat","embeddable":true,"href":"https:\/\/uj.adatbank.ro\/lexikon\/wp-json\/wp\/v2\/product_cat?post=23068"},{"taxonomy":"product_tag","embeddable":true,"href":"https:\/\/uj.adatbank.ro\/lexikon\/wp-json\/wp\/v2\/product_tag?post=23068"}],"curies":[{"name":"wp","href":"https:\/\/api.w.org\/{rel}","templated":true}]}}