{"id":23071,"date":"2025-08-01T17:11:58","date_gmt":"2025-08-01T15:11:58","guid":{"rendered":"https:\/\/uj.adatbank.ro\/lexikon\/termek\/tisza-aimee-erzsebet-borosjenoi-es-szegedi-gr-teleki-mihalyne\/"},"modified":"2025-08-01T17:11:58","modified_gmt":"2025-08-01T15:11:58","slug":"tisza-aimee-erzsebet-borosjenoi-es-szegedi-gr-teleki-mihalyne","status":"publish","type":"product","link":"https:\/\/uj.adatbank.ro\/lexikon\/termek\/tisza-aimee-erzsebet-borosjenoi-es-szegedi-gr-teleki-mihalyne\/","title":{"rendered":"TISZA Aim\u00e9e-Erzs\u00e9bet, borosjen\u0151i \u00e9s szegedi gr.; Teleki Mih\u00e1lyn\u00e9"},"content":{"rendered":"<p>Bp., 1914. dec. 6 \u2020 M\u00fcnchen, 1991. szept. 27. \u00dajratemett\u00e9k f\u00e9rj\u00e9vel egy\u00fctt Gernyeszegen a Teleki csal\u00e1d kript\u00e1j\u00e1ba (2011. szept. 3).: birtokos gr\u00f3fn\u0151. \u2013 Sz\u00fclei: T. K\u00e1lm\u00e1n (1867\u20131947) \u00e9s ebecki Blaskovich Klementina Erzs\u00e9bet (Gudenis szerint: buzini gr. Keglevich Erzs\u00e9bet, Abony, 1879. szept. 10. \u2013 Cseg\u0151d, 1920. nov. 25.). F\u00e9rje gr. Teleki Mih\u00e1ly (1908\u20131988) gernyeszegi f\u00f6ldbirtokos. Gyermekei: Mih\u00e1ly (1935\u201368), Erzs\u00e9bet, Julianna, K\u00e1lm\u00e1n. <br \/><strong>\u2013 Irod.:<\/strong> \u00c1ll\u00f3- \u00e9s mozg\u00f3k\u00e9pek; Castellum \u00c9rtes\u00edt\u0151, (2001. 6. sz.); Gudenus; [Nekrol\u00f3g] (N\u00fa., 1991. okt. 2.).<\/br><\/p>\n","protected":false},"excerpt":{"rendered":"<p>Bp., 1914. dec. 6 \u2020 M\u00fcnchen, 1991. szept. 27. \u00dajratemett\u00e9k f\u00e9rj\u00e9vel egy\u00fctt Gernyeszegen a Teleki csal\u00e1d kript\u00e1j\u00e1ba (2011. szept. 3).: birtokos gr\u00f3fn\u0151. \u2013 Sz\u00fclei: T. K\u00e1lm\u00e1n (1867\u20131947) \u00e9s ebecki Blaskovich Klementina Erzs\u00e9bet (Gudenis szerint: buzini gr. Keglevich Erzs\u00e9bet, Abony, 1879. szept. 10. \u2013 Cseg\u0151d, 1920. nov. 25.). F\u00e9rje gr. Teleki Mih\u00e1ly (1908\u20131988) gernyeszegi f\u00f6ldbirtokos. Gyermekei: [&hellip;]<\/p>\n","protected":false},"featured_media":0,"comment_status":"open","ping_status":"closed","template":"","meta":[],"product_brand":[],"product_cat":[137],"product_tag":[],"class_list":{"0":"post-23071","1":"product","2":"type-product","3":"status-publish","5":"product_cat-maros-megyei-eletrajzi-lexikon","7":"first","8":"instock","9":"shipping-taxable","10":"product-type-simple"},"_links":{"self":[{"href":"https:\/\/uj.adatbank.ro\/lexikon\/wp-json\/wp\/v2\/product\/23071","targetHints":{"allow":["GET"]}}],"collection":[{"href":"https:\/\/uj.adatbank.ro\/lexikon\/wp-json\/wp\/v2\/product"}],"about":[{"href":"https:\/\/uj.adatbank.ro\/lexikon\/wp-json\/wp\/v2\/types\/product"}],"replies":[{"embeddable":true,"href":"https:\/\/uj.adatbank.ro\/lexikon\/wp-json\/wp\/v2\/comments?post=23071"}],"wp:attachment":[{"href":"https:\/\/uj.adatbank.ro\/lexikon\/wp-json\/wp\/v2\/media?parent=23071"}],"wp:term":[{"taxonomy":"product_brand","embeddable":true,"href":"https:\/\/uj.adatbank.ro\/lexikon\/wp-json\/wp\/v2\/product_brand?post=23071"},{"taxonomy":"product_cat","embeddable":true,"href":"https:\/\/uj.adatbank.ro\/lexikon\/wp-json\/wp\/v2\/product_cat?post=23071"},{"taxonomy":"product_tag","embeddable":true,"href":"https:\/\/uj.adatbank.ro\/lexikon\/wp-json\/wp\/v2\/product_tag?post=23071"}],"curies":[{"name":"wp","href":"https:\/\/api.w.org\/{rel}","templated":true}]}}