{"id":23072,"date":"2025-08-01T17:12:00","date_gmt":"2025-08-01T15:12:00","guid":{"rendered":"https:\/\/uj.adatbank.ro\/lexikon\/termek\/tisza-anna-borosjenoi-gr-sandor-janosne\/"},"modified":"2025-08-01T17:12:00","modified_gmt":"2025-08-01T15:12:00","slug":"tisza-anna-borosjenoi-gr-sandor-janosne","status":"publish","type":"product","link":"https:\/\/uj.adatbank.ro\/lexikon\/termek\/tisza-anna-borosjenoi-gr-sandor-janosne\/","title":{"rendered":"TISZA Anna, borosjen\u0151i gr, S\u00e1ndor J\u00e1nosn\u00e9"},"content":{"rendered":"<p>? 1863. m\u00e1j. 13., \u2020 Mv. 1918. nov. 19, temetve Mez\u0151kapusi csal\u00e1di s\u00edrbolt.: birtokos. \u2013 L\u00e1szl\u00f3 (1829\u20131902) \u00e9s n\u00e9metpr\u00f3nai Holles Ottilia (1831\u20131904) l\u00e1nya. F\u00e9rje cs\u00edkszentmih\u00e1lyi S\u00e1ndor J\u00e1nos (Mv., 1860. nov. 14-Bp., 1922. j\u00fal. 16) Torda-Aranyos megye alisp\u00e1nja, Kisk\u00fck\u00fcll\u0151, Maros-Torda vm. \u00e9s Mv. f\u0151isp\u00e1nja, m. k. bel\u00fcgyminiszter (1890. j\u00fal. 26). Hamvaik a mez\u0151kapusi csal\u00e1di s\u00edrboltban nyugszanak. \u00d6t gyermek\u00fck volt. A mez\u0151kapusi birtokon \u00e9ltek. <br \/><strong>\u2013 Irod.:<\/strong> \u00c1ll\u00f3- \u00e9s mozg\u00f3k\u00e9pek; Gudenus; Kornis, Ravasz L\u00e1szl\u00f3: Orgonaz\u00fag\u00e1s (Bp., 1923).<\/br><\/p>\n","protected":false},"excerpt":{"rendered":"<p>? 1863. m\u00e1j. 13., \u2020 Mv. 1918. nov. 19, temetve Mez\u0151kapusi csal\u00e1di s\u00edrbolt.: birtokos. \u2013 L\u00e1szl\u00f3 (1829\u20131902) \u00e9s n\u00e9metpr\u00f3nai Holles Ottilia (1831\u20131904) l\u00e1nya. F\u00e9rje cs\u00edkszentmih\u00e1lyi S\u00e1ndor J\u00e1nos (Mv., 1860. nov. 14-Bp., 1922. j\u00fal. 16) Torda-Aranyos megye alisp\u00e1nja, Kisk\u00fck\u00fcll\u0151, Maros-Torda vm. \u00e9s Mv. f\u0151isp\u00e1nja, m. k. bel\u00fcgyminiszter (1890. j\u00fal. 26). Hamvaik a mez\u0151kapusi csal\u00e1di s\u00edrboltban nyugszanak. [&hellip;]<\/p>\n","protected":false},"featured_media":0,"comment_status":"open","ping_status":"closed","template":"","meta":[],"product_brand":[],"product_cat":[137],"product_tag":[],"class_list":{"0":"post-23072","1":"product","2":"type-product","3":"status-publish","5":"product_cat-maros-megyei-eletrajzi-lexikon","7":"first","8":"instock","9":"shipping-taxable","10":"product-type-simple"},"_links":{"self":[{"href":"https:\/\/uj.adatbank.ro\/lexikon\/wp-json\/wp\/v2\/product\/23072","targetHints":{"allow":["GET"]}}],"collection":[{"href":"https:\/\/uj.adatbank.ro\/lexikon\/wp-json\/wp\/v2\/product"}],"about":[{"href":"https:\/\/uj.adatbank.ro\/lexikon\/wp-json\/wp\/v2\/types\/product"}],"replies":[{"embeddable":true,"href":"https:\/\/uj.adatbank.ro\/lexikon\/wp-json\/wp\/v2\/comments?post=23072"}],"wp:attachment":[{"href":"https:\/\/uj.adatbank.ro\/lexikon\/wp-json\/wp\/v2\/media?parent=23072"}],"wp:term":[{"taxonomy":"product_brand","embeddable":true,"href":"https:\/\/uj.adatbank.ro\/lexikon\/wp-json\/wp\/v2\/product_brand?post=23072"},{"taxonomy":"product_cat","embeddable":true,"href":"https:\/\/uj.adatbank.ro\/lexikon\/wp-json\/wp\/v2\/product_cat?post=23072"},{"taxonomy":"product_tag","embeddable":true,"href":"https:\/\/uj.adatbank.ro\/lexikon\/wp-json\/wp\/v2\/product_tag?post=23072"}],"curies":[{"name":"wp","href":"https:\/\/api.w.org\/{rel}","templated":true}]}}