{"id":23073,"date":"2025-08-01T17:12:02","date_gmt":"2025-08-01T15:12:02","guid":{"rendered":"https:\/\/uj.adatbank.ro\/lexikon\/termek\/tisza-etelka-borosjenoi-es-szegedi-gr-zeyk-karolyne\/"},"modified":"2025-08-01T17:12:02","modified_gmt":"2025-08-01T15:12:02","slug":"tisza-etelka-borosjenoi-es-szegedi-gr-zeyk-karolyne","status":"publish","type":"product","link":"https:\/\/uj.adatbank.ro\/lexikon\/termek\/tisza-etelka-borosjenoi-es-szegedi-gr-zeyk-karolyne\/","title":{"rendered":"TISZA Etelka, borosjen\u0151i \u00e9s szegedi gr. Zeyk K\u00e1rolyn\u00e9"},"content":{"rendered":"<p>1858. nov. 28., \u2020 1931: m\u0171ford\u00edt\u00f3. \u2013 L\u00e1szl\u00f3 (1829\u20131902), \u00e9s n\u00e9metpr\u00f3nai Holles Ot\u00edlia l\u00e1nya. F\u00e9rje zeykfalvi Zeyk K\u00e1roly (1848\u20131924) ogy.-i k\u00e9pvisel\u0151, Als\u00f3feh\u00e9r vm. f\u0151isp\u00e1nja. Ford\u00edtott f\u0151leg az angol gyermekirodalomb\u00f3l. <br \/><strong>\u2013 Irod.:<\/strong> \u00c1ll\u00f3- \u00e9s mozg\u00f3k\u00e9pek; Gudenus.<\/br><\/p>\n","protected":false},"excerpt":{"rendered":"<p>1858. nov. 28., \u2020 1931: m\u0171ford\u00edt\u00f3. \u2013 L\u00e1szl\u00f3 (1829\u20131902), \u00e9s n\u00e9metpr\u00f3nai Holles Ot\u00edlia l\u00e1nya. F\u00e9rje zeykfalvi Zeyk K\u00e1roly (1848\u20131924) ogy.-i k\u00e9pvisel\u0151, Als\u00f3feh\u00e9r vm. f\u0151isp\u00e1nja. Ford\u00edtott f\u0151leg az angol gyermekirodalomb\u00f3l. \u2013 Irod.: \u00c1ll\u00f3- \u00e9s mozg\u00f3k\u00e9pek; Gudenus.<\/p>\n","protected":false},"featured_media":0,"comment_status":"open","ping_status":"closed","template":"","meta":[],"product_brand":[],"product_cat":[137],"product_tag":[],"class_list":{"0":"post-23073","1":"product","2":"type-product","3":"status-publish","5":"product_cat-maros-megyei-eletrajzi-lexikon","7":"first","8":"instock","9":"shipping-taxable","10":"product-type-simple"},"_links":{"self":[{"href":"https:\/\/uj.adatbank.ro\/lexikon\/wp-json\/wp\/v2\/product\/23073","targetHints":{"allow":["GET"]}}],"collection":[{"href":"https:\/\/uj.adatbank.ro\/lexikon\/wp-json\/wp\/v2\/product"}],"about":[{"href":"https:\/\/uj.adatbank.ro\/lexikon\/wp-json\/wp\/v2\/types\/product"}],"replies":[{"embeddable":true,"href":"https:\/\/uj.adatbank.ro\/lexikon\/wp-json\/wp\/v2\/comments?post=23073"}],"wp:attachment":[{"href":"https:\/\/uj.adatbank.ro\/lexikon\/wp-json\/wp\/v2\/media?parent=23073"}],"wp:term":[{"taxonomy":"product_brand","embeddable":true,"href":"https:\/\/uj.adatbank.ro\/lexikon\/wp-json\/wp\/v2\/product_brand?post=23073"},{"taxonomy":"product_cat","embeddable":true,"href":"https:\/\/uj.adatbank.ro\/lexikon\/wp-json\/wp\/v2\/product_cat?post=23073"},{"taxonomy":"product_tag","embeddable":true,"href":"https:\/\/uj.adatbank.ro\/lexikon\/wp-json\/wp\/v2\/product_tag?post=23073"}],"curies":[{"name":"wp","href":"https:\/\/api.w.org\/{rel}","templated":true}]}}