{"id":23175,"date":"2025-08-01T17:16:22","date_gmt":"2025-08-01T15:16:22","guid":{"rendered":"https:\/\/uj.adatbank.ro\/lexikon\/termek\/toldalagi-nagyiklodi-nemes-nagyercsei-es-gelencei-gr-tholdalaghi-tholdalagi-tholdalac\/"},"modified":"2025-08-01T17:16:22","modified_gmt":"2025-08-01T15:16:22","slug":"toldalagi-nagyiklodi-nemes-nagyercsei-es-gelencei-gr-tholdalaghi-tholdalagi-tholdalac","status":"publish","type":"product","link":"https:\/\/uj.adatbank.ro\/lexikon\/termek\/toldalagi-nagyiklodi-nemes-nagyercsei-es-gelencei-gr-tholdalaghi-tholdalagi-tholdalac\/","title":{"rendered":"TOLDALAGI, nagyikl\u00f3di nemes, nagyercsei, \u00e9s gelencei gr; Tholdalaghi, Tholdalagi, Tholdalac."},"content":{"rendered":"<p>Erd\u00e9ly r\u00e9gi m\u00e1gn\u00e1s csal\u00e1djainak egyike, amely a honfoglal\u00f3 K\u00e1ta (Megyer) nemzets\u00e9g tisz\u00e1nt\u00fali f\u0151\u00e1gazat\u00e1nak egyik \u00e1g\u00e1b\u00f3l a tat\u00e1rj\u00e1r\u00e1s ur\u00e1n telep\u00fclt Erd\u00e9lybe. Az egyik \u0151s m\u00e1r b\u00edrta Toldalagot, a g\u00f6rg\u00e9nyi v\u00e1rbirtokok tartoz\u00e9k\u00e1t (1268). P\u00e9ter fia J\u00e1nos vette fel a Toldalagi nevet (1380). A Hunyadiak adom\u00e1nylevele Tholdalaghi Tam\u00e1st mint kir\u00e1lyi embert (homo regius) eml\u00edti (1453). C\u00edmeres nemeslevelet Bal\u00e1zs kancell\u00e1riai jegyz\u0151 kapott (B\u00e9cs, 1455. augusztus 27.), val\u00f3sz\u00edn\u0171leg ekkor kapt\u00e1k meg a szomsz\u00e9dos Nagyercs\u00e9t is, ahonnan egyik el\u0151nev\u00fcket \u00edrj\u00e1k. Izabella kir\u00e1lyn\u0151 oklev\u00e9llel meger\u0151s\u00edtette az unit\u00e1rius Andr\u00e1st \u00e9s b\u00e1tyj\u00e1t Bal\u00e1zs g\u00f6rg\u00e9nyi kapit\u00e1nyt a toldalagi \u00e9s nagyercsei birtokaiban (1557. m\u00e1rc. 13), Benedek fiait pedig a nagyikl\u00f3di birtokban. A nagyikl\u00f3di \u00e1g alap\u00edt\u00f3ja Benedek fia Andr\u00e1s. Az ikl\u00f3di unit\u00e1rius \u00e1g kihalt fi\u00fa\u00e1gon (1849). A nagyercsei \u00e1g alap\u00edt\u00f3ja Bal\u00e1zs g\u00f6rg\u00e9nyi v\u00e1rkapit\u00e1ny, aki rabl\u00f3gyilkoss\u00e1g \u00e1ldozata lett (1586). Fia Mih\u00e1ly (1580\u20131642) a csal\u00e1d vagyon\u00e1nak \u00e9s tekint\u00e9ly\u00e9nek a megalapoz\u00f3ja. Els\u0151 feles\u00e9ge birtoka ut\u00e1n vette fel m\u00e1sodik el\u0151n\u00e9vk\u00e9nt a gelencei nevet. Bethlen G\u00e1bor fejedelemt\u0151l sz\u00e9kely primori rangot kapott (1614) A gr\u00f3fi c\u00edmet T. Mih\u00e1ly \u00e9s gyermekei: L\u00e1szl\u00f3, J\u00e1nos, Ferenc, P\u00e1l, Erzs\u00e9bet, Katalin \u00e9s S\u00e1ra \u2013 M\u00e1ria Ter\u00e9zi\u00e1t\u00f3l kapta (B\u00e9cs 1744. nov. 13.). \u0150seiknek Sz\u00e1szr\u00e9gen \u00e9s Mv. k\u00f6z\u00f6tti vid\u00e9ken, majd a Maros \u00e9s Ny\u00e1r\u00e1d foly\u00f3k ment\u00e9n voltak birtokaik. Az \u0151si f\u00e9szek Koronk\u00e1n volt. Ott az els\u0151 k\u00e9tszintes udvarh\u00e1z \u00e9p\u00edttet\u0151je T. Mih\u00e1ly (1580\u20131642). A mai \u00faj kast\u00e9ly \u00e9p\u00edttet\u0151je T. Ferenc (1803\u201364). Klasszicista st\u00edlus\u00fa kast\u00e9ly Weixbraun tervei nyom\u00e1n k\u00e9sz\u00fclt (1829\u2013). A dendrol\u00f3giai parkot Bodor P\u00e9ter tervezte. A gazdag berendez\u00e9s\u0171 kast\u00e9ly legfigyelemrem\u00e9lt\u00f3bb r\u00e9sze a korabeli Erd\u00e9ly egyik legszebb \u00e9s leg\u00e9rt\u00e9kesebb k\u00f6nyvt\u00e1ra volt. T. Ferenc \u00e9s feles\u00e9ge Katona Anna k\u00f6nyv\u00e1llom\u00e1ny\u00e1t a lesz\u00e1rmazottak tov\u00e1bb b\u0151v\u00edtett\u00e9k. A gy\u0171jtem\u00e9ny leg\u00e9rt\u00e9kesebb darabjai: n\u00fcrnbergi Biblia (1514), Titus Livius incunabuluma (1598), k\u00e9t Corvina, sz\u00e1mos \u0151snyomtatv\u00e1ny, gazdag koh\u00e1szati, b\u00e1ny\u00e1szati, geneal\u00f3giai \u00e9s heraldikai szakk\u00f6nyv. Szinte minden megsemmis\u00fclt (1945 ut\u00e1n), a m\u0171kincseket sz\u00e9thordt\u00e1k, a k\u00f6nyveket el\u00e9gett\u00e9k, az \u00e9p\u00fcletek elpusztulnak. A II vh.-ban a front k\u00f6zeledt\u00e9vel S\u00e9nyi L\u00e1szl\u00f3nak siker\u00fclt megmentenie 2353 r\u00e9gi k\u00f6nyvet, 44 miniat\u0171r k\u00f6tetet, festm\u00e9nyeket, empire b\u00fatorokat, amelyek k\u00e9s\u0151bb a Teleki T\u00e9ka tulajdon\u00e1ba ker\u00fcltek. A romos kast\u00e9ly \u00e9s a kripta \u201eA\u201d kateg\u00f3ri\u00e1j\u00fa m\u0171eml\u00e9k. A csal\u00e1d t\u00e1mogat\u00e1s\u00e1val \u00e9p\u00fclt a koronkai ref. templom (1769\u20131778), a faragott sz\u00fcrke m\u00e1rv\u00e1ny sz\u00f3sz\u00e9ket, az \u00farasztal\u00e1t gr. T. L\u00e1szl\u00f3n\u00e9, Korda Anna k\u00e9sz\u00edttette f\u00e9rje eml\u00e9k\u00e9re (1806). Az \u00dajhegyen lev\u0151 domboldali temet\u0151ben volt a csal\u00e1d kript\u00e1ja melyet \u00fajj\u00e1\u00e9p\u00edtettek (1806) 1991-ben fedeztek fel v\u00e9letlen\u00fcl. Ny\u00e1r\u00e1dszentbenedeken a 19. sz.-ban \u00e9p\u00fclt barokkos klasszicista st\u00edlus\u00fa kast\u00e9lyuk, amelynek \u00e9p\u00edttet\u0151je T. Zsigmond (1766\u20131847) \u00e9s feles\u00e9ge Bornemisza M\u00e1ria. Ott \u00e9lt \u00f6ccse is Tibor. A kast\u00e9lyt Tibor fia Mih\u00e1ly \u00f6r\u00f6k\u00f6lte, aki az utols\u00f3 gazd\u00e1ja volt (\u20131949). Az \u00e1llamos\u00edt\u00e1s ut\u00e1n egy mez\u0151gazdas\u00e1gi v\u00e1llalt haszn\u00e1lta, 2000-ben a falu belga testv\u00e9rtelep\u00fcl\u00e9se Kasterlee v\u00e1s\u00e1rolta meg \u00e9s \u00e1tadta az Egy\u00fctt Szentbenedek\u00e9rt Egyes\u00fcletnek. Jelenleg k\u00e9t helyis\u00e9g\u00e9ben a falu n\u00e9prajzi gy\u0171jtem\u00e9ny\u00e9t helyezt\u00e9k el. Fel\u00faj\u00edt\u00e1sra v\u00e1r. A mv.-i Toldalagi palota, egyike Erd\u00e9ly legszebb rokok\u00f3 st\u00edlus\u00fa \u00e9p\u00fcleteinek. \u00c9p\u00edttet\u0151je T. Ferenc \u00e9s feles\u00e9ge czegei Wass Kata.(1759\u201372). A h\u00e1z Luidor J\u00e1nos tervei alapj\u00e1n \u00e9p\u00fclt, kivitelez\u00e9se Schmidt P\u00e1l, bels\u0151 d\u00edsz\u00edt\u00e9se a kv.-i Anton Schuchbauer k\u0151farag\u00f3 nev\u00e9hez f\u0171z\u0151dik. A h\u00e1z homlokzat\u00e1n m\u00e1rv\u00e1ny eml\u00e9kt\u00e1bla h\u00edrdeti az \u00e9p\u00edttet\u0151k eml\u00e9k\u00e9t. A h\u00e1z alagsor\u00e1ban m\u0171k\u00f6d\u00f6tt Mv. els\u0151 nyomd\u00e1ja, melyet Kapronczai Nyerges \u00c1d\u00e1m \u00e1ll\u00edtott fel = 1786). Az \u00e9p\u00fclet \u201eA\u201d kateg\u00f3ri\u00e1j\u00fa m\u0171eml\u00e9k. A csal\u00e1d lev\u00e9lt\u00e1ra az Erd\u00e9lyi M\u00fazeumban van. <br \/><strong>\u2013 Irod.:<\/strong> \u00c1ll\u00f3- \u00e9s mozg\u00f3k\u00e9pek; B. Nagy Margit 1970, Bicsok\u2013Orb\u00e1n; B\u00edr\u00f3 Don\u00e1t 2006; B\u00edr\u00f3 J\u00f3zsef 1943; Farcz\u00e1dy Elek: A mv.-i nyomd\u00e1szat t\u00f6rt\u00e9nete (VZ, 1971. nov. 20); Gligor R\u00f3bert L\u00e1szl\u00f3: B\u00e9rl\u0151 n\u00e9lk\u00fcl a ny\u00e1r\u00e1dszentbenedeki kast\u00e9ly (V\u00e1s\u00e1rhelyi H\u00edrlap, 2011. \u00e1pr. 15), Gudenus; Id\u0151t\u00e1r 1; Kempelen; Keresztes 1995; Kornis; MNZS; Nagy Iv\u00e1n; P\u00e1l-Antal 2009; P\u00e1lmay; Sepsisz\u00e9ki; Szucher Ervin: Nemes csontv\u00e1zak k\u00f6z\u00f6tt (N\u00fa, 1991. \u00e1pr. 2), Valori muresene; Vofkori 2004.<\/br><\/p>\n","protected":false},"excerpt":{"rendered":"<p>Erd\u00e9ly r\u00e9gi m\u00e1gn\u00e1s csal\u00e1djainak egyike, amely a honfoglal\u00f3 K\u00e1ta (Megyer) nemzets\u00e9g tisz\u00e1nt\u00fali f\u0151\u00e1gazat\u00e1nak egyik \u00e1g\u00e1b\u00f3l a tat\u00e1rj\u00e1r\u00e1s ur\u00e1n telep\u00fclt Erd\u00e9lybe. Az egyik \u0151s m\u00e1r b\u00edrta Toldalagot, a g\u00f6rg\u00e9nyi v\u00e1rbirtokok tartoz\u00e9k\u00e1t (1268). P\u00e9ter fia J\u00e1nos vette fel a Toldalagi nevet (1380). A Hunyadiak adom\u00e1nylevele Tholdalaghi Tam\u00e1st mint kir\u00e1lyi embert (homo regius) eml\u00edti (1453). C\u00edmeres nemeslevelet Bal\u00e1zs [&hellip;]<\/p>\n","protected":false},"featured_media":0,"comment_status":"open","ping_status":"closed","template":"","meta":[],"product_brand":[],"product_cat":[137],"product_tag":[],"class_list":{"0":"post-23175","1":"product","2":"type-product","3":"status-publish","5":"product_cat-maros-megyei-eletrajzi-lexikon","7":"first","8":"instock","9":"shipping-taxable","10":"product-type-simple"},"_links":{"self":[{"href":"https:\/\/uj.adatbank.ro\/lexikon\/wp-json\/wp\/v2\/product\/23175","targetHints":{"allow":["GET"]}}],"collection":[{"href":"https:\/\/uj.adatbank.ro\/lexikon\/wp-json\/wp\/v2\/product"}],"about":[{"href":"https:\/\/uj.adatbank.ro\/lexikon\/wp-json\/wp\/v2\/types\/product"}],"replies":[{"embeddable":true,"href":"https:\/\/uj.adatbank.ro\/lexikon\/wp-json\/wp\/v2\/comments?post=23175"}],"wp:attachment":[{"href":"https:\/\/uj.adatbank.ro\/lexikon\/wp-json\/wp\/v2\/media?parent=23175"}],"wp:term":[{"taxonomy":"product_brand","embeddable":true,"href":"https:\/\/uj.adatbank.ro\/lexikon\/wp-json\/wp\/v2\/product_brand?post=23175"},{"taxonomy":"product_cat","embeddable":true,"href":"https:\/\/uj.adatbank.ro\/lexikon\/wp-json\/wp\/v2\/product_cat?post=23175"},{"taxonomy":"product_tag","embeddable":true,"href":"https:\/\/uj.adatbank.ro\/lexikon\/wp-json\/wp\/v2\/product_tag?post=23175"}],"curies":[{"name":"wp","href":"https:\/\/api.w.org\/{rel}","templated":true}]}}