{"id":23177,"date":"2025-08-01T17:16:27","date_gmt":"2025-08-01T15:16:27","guid":{"rendered":"https:\/\/uj.adatbank.ro\/lexikon\/termek\/toldalagi-andras\/"},"modified":"2025-08-01T17:16:27","modified_gmt":"2025-08-01T15:16:27","slug":"toldalagi-andras","status":"publish","type":"product","link":"https:\/\/uj.adatbank.ro\/lexikon\/termek\/toldalagi-andras\/","title":{"rendered":"TOLDALAGI Andr\u00e1s"},"content":{"rendered":"<p>? \u2020 ?: birtokos nemes. \u2013 T. Ferenc \u00e9s Apafi Anna fia. Testv\u00e9re J\u00e1nos. Feles\u00e9ge: G\u00f6cs S\u00e1ra (\u2020 1700. \u00e1pr. 25. temet\u00e9s). \u2013 A tordai unit. koll.-nak az alpar\u00e9ti malm\u00e1nak, az ikl\u00f3di birtokj\u00f6vedelm\u00e9nek tized\u00e9t (1685. \u00e9s 1687.) adta, telket adott a kv.-i unit. koll.-nak. <br \/><strong>\u2013 Irod.:<\/strong> K\u00e9nosi\u2013Uzoni 2.<\/br><\/p>\n","protected":false},"excerpt":{"rendered":"<p>? \u2020 ?: birtokos nemes. \u2013 T. Ferenc \u00e9s Apafi Anna fia. Testv\u00e9re J\u00e1nos. Feles\u00e9ge: G\u00f6cs S\u00e1ra (\u2020 1700. \u00e1pr. 25. temet\u00e9s). \u2013 A tordai unit. koll.-nak az alpar\u00e9ti malm\u00e1nak, az ikl\u00f3di birtokj\u00f6vedelm\u00e9nek tized\u00e9t (1685. \u00e9s 1687.) adta, telket adott a kv.-i unit. koll.-nak. \u2013 Irod.: K\u00e9nosi\u2013Uzoni 2.<\/p>\n","protected":false},"featured_media":0,"comment_status":"open","ping_status":"closed","template":"","meta":[],"product_brand":[],"product_cat":[137],"product_tag":[],"class_list":{"0":"post-23177","1":"product","2":"type-product","3":"status-publish","5":"product_cat-maros-megyei-eletrajzi-lexikon","7":"first","8":"instock","9":"shipping-taxable","10":"product-type-simple"},"_links":{"self":[{"href":"https:\/\/uj.adatbank.ro\/lexikon\/wp-json\/wp\/v2\/product\/23177","targetHints":{"allow":["GET"]}}],"collection":[{"href":"https:\/\/uj.adatbank.ro\/lexikon\/wp-json\/wp\/v2\/product"}],"about":[{"href":"https:\/\/uj.adatbank.ro\/lexikon\/wp-json\/wp\/v2\/types\/product"}],"replies":[{"embeddable":true,"href":"https:\/\/uj.adatbank.ro\/lexikon\/wp-json\/wp\/v2\/comments?post=23177"}],"wp:attachment":[{"href":"https:\/\/uj.adatbank.ro\/lexikon\/wp-json\/wp\/v2\/media?parent=23177"}],"wp:term":[{"taxonomy":"product_brand","embeddable":true,"href":"https:\/\/uj.adatbank.ro\/lexikon\/wp-json\/wp\/v2\/product_brand?post=23177"},{"taxonomy":"product_cat","embeddable":true,"href":"https:\/\/uj.adatbank.ro\/lexikon\/wp-json\/wp\/v2\/product_cat?post=23177"},{"taxonomy":"product_tag","embeddable":true,"href":"https:\/\/uj.adatbank.ro\/lexikon\/wp-json\/wp\/v2\/product_tag?post=23177"}],"curies":[{"name":"wp","href":"https:\/\/api.w.org\/{rel}","templated":true}]}}