{"id":23178,"date":"2025-08-01T17:16:29","date_gmt":"2025-08-01T15:16:29","guid":{"rendered":"https:\/\/uj.adatbank.ro\/lexikon\/termek\/toldalagi-andras-nagyercsei-tholdalagi-andras-toldalaghi-andras-tholdalaghi-andras\/"},"modified":"2025-08-01T17:16:29","modified_gmt":"2025-08-01T15:16:29","slug":"toldalagi-andras-nagyercsei-tholdalagi-andras-toldalaghi-andras-tholdalaghi-andras","status":"publish","type":"product","link":"https:\/\/uj.adatbank.ro\/lexikon\/termek\/toldalagi-andras-nagyercsei-tholdalagi-andras-toldalaghi-andras-tholdalaghi-andras\/","title":{"rendered":"TOLDALAGI Andr\u00e1s, nagyercsei, Tholdalagi Andr\u00e1s, Toldalaghi Andr\u00e1s, Tholdalaghi Andr\u00e1s"},"content":{"rendered":"<p>? \u2020 ?: unit\u00e1rius f\u00f6ldes\u00far \u2013 T. Benedek fia. M\u00e1ty\u00e1s kr.-t\u00f3l \u00faj adom\u00e1nyban nyerte toldalagi birtok\u00e1t (1453), majd meger\u0151s\u00edt\u0151 kir. adom\u00e1nyt \u00e9s c\u00edmeres levelet nyert V. L\u00e1szl\u00f3t\u00f3l Toldalag helys\u00e9gre (1456). Val\u00f3sz\u00edn\u0171 a csal\u00e1d ebben az id\u0151ben kapta a Toldalag szomsz\u00e9ds\u00e1g\u00e1ban lev\u0151 Nagyercs\u00e9t is, ahonnan a csal\u00e1d el\u0151nev\u00e9t \u00edrja, s ekkor v\u00e1lhatott ki a csal\u00e1db\u00f3l a nyagyikl\u00f3di Toldalagi \u00e1g, amelynek \u0151 a megalap\u00edt\u00f3ja. Izabella r\u00e9gens-kir\u00e1lyn\u00e9 oklev\u00e9llel (1557. m\u00e1rc. 13.) meger\u0151s\u00edtette Toldalag \u00e9s Nagyercse birtok\u00e1ban. Szondi Osv\u00e1t \u00e9s Sz\u00e9kely Mikl\u00f3s aty\u00e1k el\u0151tt v\u00e9grendelkezett a marosszentkir\u00e1lyi- sz\u00e9kelyh\u00e1zai-remeteszegi p\u00e1losok jav\u00e1ra, (1471. okt. 25), melyben \u0151seit\u0151l \u00f6r\u00f6kl\u00f6tt s M\u00e1ty\u00e1s kir\u00e1lyt\u00f3l \u00faj adom\u00e1nyban nyert birtok\u00e1t, a G\u00f6rg\u00e9ny v\u00e1rmegy\u00e9ben a Marossz\u00e9ki ker\u00fcletben fekv\u0151 Toldalag helys\u00e9g\u00e9t, n\u00e9gy telken k\u00edv\u00fcl, melyeket k\u00e9t le\u00e1ny\u00e1nak Margitnak \u00e9s Zs\u00f3fi\u00e1nak hagyott, a maga \u00e9s rokonai lelki \u00fcdv\u00e9\u00e9rt a szentkir\u00e1lyi paulinus kolostornak hagyom\u00e1nyozta, egy halast\u00f3val \u00e9s azon l\u00e9v\u0151 malommal egy\u00fctt, \u00fagy azonban, hogy azon halast\u00f3b\u00f3l a paulinusok lehet\u0151leg juttassanak halakat a minorit\u00e1k v\u00e1s\u00e1rhelyi \u00e9s felfalusi kolostorainak is, \u00e9s a toldalagi parochialis egyh\u00e1zat isteni tisztelet n\u00e9lk\u00fcl ne hagyj\u00e1k; tov\u00e1bb\u00e1 28 forintban elz\u00e1logos\u00edtott n\u00e9mai \u00e9s nyulasi r\u00e9szj\u00f3sz\u00e1gait a toldalagi egyh\u00e1znak, P\u00f3k\u00e1n, Ercs\u00e9n, Majoson, Farag\u00f3n, Mar\u00f3czon \u00e9s Tancson szerzett r\u00e9szj\u00f3sz\u00e1gait nej\u00e9nek \u00e9s k\u00e9t le\u00e1ny\u00e1nak, ezeken k\u00edv\u00fcl pedig minden vagyon\u00e1t nej\u00e9nek Margitnak hagyta, \u00fagy hogy a mi azokb\u00f3l neje hal\u00e1la ut\u00e1n megmarad, a szentkir\u00e1lyi kolostorra sz\u00e1lljon. (Kelt Szentkir\u00e1lyi Paulinus Kolostorban 1471. okt. 3). A kolozsmonostori konvent el\u0151tt er\u0151s\u00edtette meg adom\u00e1ny\u00e1t (1478). <br \/><strong>\u2013 Irod.:<\/strong> Bak\u00f3 Csongor-Istv\u00e1n: R\u00f3mai katolikus k\u00f3rh\u00e1zi lelkigondoz\u00e1s Mv.-en \u2013 t\u00f6rt\u00e9neti \u00e1ttekint\u00e9s (K\u00f6zpont, 1911. j\u00fan. 1\u20137); Id\u0151t\u00e1r 1; Kempelen; Kr\u00f3n. F\u00fcz. (1937.2\/6); L\u00e9sty\u00e1n \u2013 templomok 1.; Marton J\u00f3zsef; MNZS; Nagy Iv\u00e1n; Nagy-Bod\u00f3 Tibor: A Toldalaiak nagym\u00e9ret\u0171 kast\u00e9lya (K\u00f6zpont, 2016. febr. 18\u201324.); P\u00e1l-Antal 2003; P\u00e1l-Antal 2009; SzOkl, 3.<\/br><\/p>\n","protected":false},"excerpt":{"rendered":"<p>? \u2020 ?: unit\u00e1rius f\u00f6ldes\u00far \u2013 T. Benedek fia. M\u00e1ty\u00e1s kr.-t\u00f3l \u00faj adom\u00e1nyban nyerte toldalagi birtok\u00e1t (1453), majd meger\u0151s\u00edt\u0151 kir. adom\u00e1nyt \u00e9s c\u00edmeres levelet nyert V. L\u00e1szl\u00f3t\u00f3l Toldalag helys\u00e9gre (1456). Val\u00f3sz\u00edn\u0171 a csal\u00e1d ebben az id\u0151ben kapta a Toldalag szomsz\u00e9ds\u00e1g\u00e1ban lev\u0151 Nagyercs\u00e9t is, ahonnan a csal\u00e1d el\u0151nev\u00e9t \u00edrja, s ekkor v\u00e1lhatott ki a csal\u00e1db\u00f3l a [&hellip;]<\/p>\n","protected":false},"featured_media":0,"comment_status":"open","ping_status":"closed","template":"","meta":[],"product_brand":[],"product_cat":[137],"product_tag":[],"class_list":{"0":"post-23178","1":"product","2":"type-product","3":"status-publish","5":"product_cat-maros-megyei-eletrajzi-lexikon","7":"first","8":"instock","9":"shipping-taxable","10":"product-type-simple"},"_links":{"self":[{"href":"https:\/\/uj.adatbank.ro\/lexikon\/wp-json\/wp\/v2\/product\/23178","targetHints":{"allow":["GET"]}}],"collection":[{"href":"https:\/\/uj.adatbank.ro\/lexikon\/wp-json\/wp\/v2\/product"}],"about":[{"href":"https:\/\/uj.adatbank.ro\/lexikon\/wp-json\/wp\/v2\/types\/product"}],"replies":[{"embeddable":true,"href":"https:\/\/uj.adatbank.ro\/lexikon\/wp-json\/wp\/v2\/comments?post=23178"}],"wp:attachment":[{"href":"https:\/\/uj.adatbank.ro\/lexikon\/wp-json\/wp\/v2\/media?parent=23178"}],"wp:term":[{"taxonomy":"product_brand","embeddable":true,"href":"https:\/\/uj.adatbank.ro\/lexikon\/wp-json\/wp\/v2\/product_brand?post=23178"},{"taxonomy":"product_cat","embeddable":true,"href":"https:\/\/uj.adatbank.ro\/lexikon\/wp-json\/wp\/v2\/product_cat?post=23178"},{"taxonomy":"product_tag","embeddable":true,"href":"https:\/\/uj.adatbank.ro\/lexikon\/wp-json\/wp\/v2\/product_tag?post=23178"}],"curies":[{"name":"wp","href":"https:\/\/api.w.org\/{rel}","templated":true}]}}