{"id":23180,"date":"2025-08-01T17:16:33","date_gmt":"2025-08-01T15:16:33","guid":{"rendered":"https:\/\/uj.adatbank.ro\/lexikon\/termek\/toldalagi-anna-nagyercsei-es-gelencei-gr-teleki-domokosne\/"},"modified":"2025-08-01T17:16:33","modified_gmt":"2025-08-01T15:16:33","slug":"toldalagi-anna-nagyercsei-es-gelencei-gr-teleki-domokosne","status":"publish","type":"product","link":"https:\/\/uj.adatbank.ro\/lexikon\/termek\/toldalagi-anna-nagyercsei-es-gelencei-gr-teleki-domokosne\/","title":{"rendered":"TOLDALAGI Anna, nagyercsei \u00e9s gelencei gr.; Teleki Domokosn\u00e9"},"content":{"rendered":"<p>1758 \u2020 1780., m\u00e1rc. 12.: birtokos. \u2013 T. L\u00e1szl\u00f3 (1717\u20131779) erd\u00e9lyi kir. t\u00e1blai \u00fcln\u00f6k \u00e9s cegei Wass Katalin le\u00e1nya. Feles\u00e9g\u00fcl ment Teleki Domokoshoz (1777. okt. 24). Korai hal\u00e1l\u00e1val el\u00e9rvult a kisfia, akit a nagysz\u00fcl\u0151k neveltek. <br \/><strong>\u2013 Irod.:<\/strong> Gudenus, Kelemen Lajos 2006.<\/br><\/p>\n","protected":false},"excerpt":{"rendered":"<p>1758 \u2020 1780., m\u00e1rc. 12.: birtokos. \u2013 T. L\u00e1szl\u00f3 (1717\u20131779) erd\u00e9lyi kir. t\u00e1blai \u00fcln\u00f6k \u00e9s cegei Wass Katalin le\u00e1nya. Feles\u00e9g\u00fcl ment Teleki Domokoshoz (1777. okt. 24). Korai hal\u00e1l\u00e1val el\u00e9rvult a kisfia, akit a nagysz\u00fcl\u0151k neveltek. \u2013 Irod.: Gudenus, Kelemen Lajos 2006.<\/p>\n","protected":false},"featured_media":0,"comment_status":"open","ping_status":"closed","template":"","meta":[],"product_brand":[],"product_cat":[137],"product_tag":[],"class_list":{"0":"post-23180","1":"product","2":"type-product","3":"status-publish","5":"product_cat-maros-megyei-eletrajzi-lexikon","7":"first","8":"instock","9":"shipping-taxable","10":"product-type-simple"},"_links":{"self":[{"href":"https:\/\/uj.adatbank.ro\/lexikon\/wp-json\/wp\/v2\/product\/23180","targetHints":{"allow":["GET"]}}],"collection":[{"href":"https:\/\/uj.adatbank.ro\/lexikon\/wp-json\/wp\/v2\/product"}],"about":[{"href":"https:\/\/uj.adatbank.ro\/lexikon\/wp-json\/wp\/v2\/types\/product"}],"replies":[{"embeddable":true,"href":"https:\/\/uj.adatbank.ro\/lexikon\/wp-json\/wp\/v2\/comments?post=23180"}],"wp:attachment":[{"href":"https:\/\/uj.adatbank.ro\/lexikon\/wp-json\/wp\/v2\/media?parent=23180"}],"wp:term":[{"taxonomy":"product_brand","embeddable":true,"href":"https:\/\/uj.adatbank.ro\/lexikon\/wp-json\/wp\/v2\/product_brand?post=23180"},{"taxonomy":"product_cat","embeddable":true,"href":"https:\/\/uj.adatbank.ro\/lexikon\/wp-json\/wp\/v2\/product_cat?post=23180"},{"taxonomy":"product_tag","embeddable":true,"href":"https:\/\/uj.adatbank.ro\/lexikon\/wp-json\/wp\/v2\/product_tag?post=23180"}],"curies":[{"name":"wp","href":"https:\/\/api.w.org\/{rel}","templated":true}]}}