{"id":23181,"date":"2025-08-01T17:16:37","date_gmt":"2025-08-01T15:16:37","guid":{"rendered":"https:\/\/uj.adatbank.ro\/lexikon\/termek\/toldalagi-balazs-nagyercsei-nemes\/"},"modified":"2025-08-01T17:16:37","modified_gmt":"2025-08-01T15:16:37","slug":"toldalagi-balazs-nagyercsei-nemes","status":"publish","type":"product","link":"https:\/\/uj.adatbank.ro\/lexikon\/termek\/toldalagi-balazs-nagyercsei-nemes\/","title":{"rendered":"TOLDALAGI Bal\u00e1zs, nagyercsei nemes"},"content":{"rendered":"<p>? \u2020 G\u00f6rg\u00e9ny, 1586. \u2013 f\u00f6ldbirtokos, g\u00f6rg\u00e9nyi kapit\u00e1ny, kancell\u00e1riai jegyz\u0151. \u2013 Feles\u00e9ge: 1. ?; 2. Bessenyei Borb\u00e1la. Gyermekeik: T. J\u00e1nos, Erzs\u00e9bet (Kem\u00e9ny Gy\u00f6rgyn\u00e9), I. T. Mih\u00e1ly, a h\u00edres portai k\u00f6vet \u00e9s eml\u00e9k\u00edr\u00f3. \u2013 C\u00edmeres nemes levelet nyert (1455. aug. 27.), ez\u00e9rt h\u00e1l\u00e1b\u00f3l Nagyercs\u00e9n ref. templomot \u00e9p\u00edttetett, amit renov\u00e1ltak \u00e9s \u00e1t\u00e9p\u00edtettek (1924). Izabella r\u00e9gens kir\u00e1lyn\u00e9 oklev\u00e9llel meger\u0151s\u00edtette toldalagi \u00e1s nagyercsei birtokaiban. B\u00e1thory Krist\u00f3f fejedelems\u00e9ge alatt g\u00f6rg\u00e9nyi v\u00e1rkapit\u00e1ny (1586-ig), ekkor rabl\u00f3gyilkoss\u00e1g \u00e1ldozata lett. <br \/><strong>\u2013 Irod.:<\/strong> \u00c1ll\u00f3- \u00e9s mozg\u00f3k\u00e9pek, B\u00edr\u00f3 Don\u00e1t: Egy elt\u0171nt k\u00f6zs\u00e9g nyom\u00e1ban (N\u00fa., 1997. aug. 13.); MNZS; Nagy Iv\u00e1n; SzOkl, 4.<\/br><\/p>\n","protected":false},"excerpt":{"rendered":"<p>? \u2020 G\u00f6rg\u00e9ny, 1586. \u2013 f\u00f6ldbirtokos, g\u00f6rg\u00e9nyi kapit\u00e1ny, kancell\u00e1riai jegyz\u0151. \u2013 Feles\u00e9ge: 1. ?; 2. Bessenyei Borb\u00e1la. Gyermekeik: T. J\u00e1nos, Erzs\u00e9bet (Kem\u00e9ny Gy\u00f6rgyn\u00e9), I. T. Mih\u00e1ly, a h\u00edres portai k\u00f6vet \u00e9s eml\u00e9k\u00edr\u00f3. \u2013 C\u00edmeres nemes levelet nyert (1455. aug. 27.), ez\u00e9rt h\u00e1l\u00e1b\u00f3l Nagyercs\u00e9n ref. templomot \u00e9p\u00edttetett, amit renov\u00e1ltak \u00e9s \u00e1t\u00e9p\u00edtettek (1924). Izabella r\u00e9gens kir\u00e1lyn\u00e9 oklev\u00e9llel [&hellip;]<\/p>\n","protected":false},"featured_media":0,"comment_status":"open","ping_status":"closed","template":"","meta":[],"product_brand":[],"product_cat":[137],"product_tag":[],"class_list":{"0":"post-23181","1":"product","2":"type-product","3":"status-publish","5":"product_cat-maros-megyei-eletrajzi-lexikon","7":"first","8":"instock","9":"shipping-taxable","10":"product-type-simple"},"_links":{"self":[{"href":"https:\/\/uj.adatbank.ro\/lexikon\/wp-json\/wp\/v2\/product\/23181","targetHints":{"allow":["GET"]}}],"collection":[{"href":"https:\/\/uj.adatbank.ro\/lexikon\/wp-json\/wp\/v2\/product"}],"about":[{"href":"https:\/\/uj.adatbank.ro\/lexikon\/wp-json\/wp\/v2\/types\/product"}],"replies":[{"embeddable":true,"href":"https:\/\/uj.adatbank.ro\/lexikon\/wp-json\/wp\/v2\/comments?post=23181"}],"wp:attachment":[{"href":"https:\/\/uj.adatbank.ro\/lexikon\/wp-json\/wp\/v2\/media?parent=23181"}],"wp:term":[{"taxonomy":"product_brand","embeddable":true,"href":"https:\/\/uj.adatbank.ro\/lexikon\/wp-json\/wp\/v2\/product_brand?post=23181"},{"taxonomy":"product_cat","embeddable":true,"href":"https:\/\/uj.adatbank.ro\/lexikon\/wp-json\/wp\/v2\/product_cat?post=23181"},{"taxonomy":"product_tag","embeddable":true,"href":"https:\/\/uj.adatbank.ro\/lexikon\/wp-json\/wp\/v2\/product_tag?post=23181"}],"curies":[{"name":"wp","href":"https:\/\/api.w.org\/{rel}","templated":true}]}}