{"id":23182,"date":"2025-08-01T17:16:40","date_gmt":"2025-08-01T15:16:40","guid":{"rendered":"https:\/\/uj.adatbank.ro\/lexikon\/termek\/toldalagi-erzsebet-nagyercsei-nemes-kemeny-gyorgyne\/"},"modified":"2025-08-01T17:16:40","modified_gmt":"2025-08-01T15:16:40","slug":"toldalagi-erzsebet-nagyercsei-nemes-kemeny-gyorgyne","status":"publish","type":"product","link":"https:\/\/uj.adatbank.ro\/lexikon\/termek\/toldalagi-erzsebet-nagyercsei-nemes-kemeny-gyorgyne\/","title":{"rendered":"TOLDALAGI Erzs\u00e9bet, nagyercsei nemes, Kem\u00e9ny Gy\u00f6rgyn\u00e9."},"content":{"rendered":"<p>? \u2020 ?: birtokos nemes. \u2013 T. Bal\u00e1zs (\u2020 1586) \u00e9s Bessenyei Borb\u00e1la l\u00e1nya. F\u00e9rje magyargyer\u0151monostori Kem\u00e9ny Gy\u00f6rgy. <br \/><strong>\u2013 Irod.:<\/strong> \u00c1ll\u00f3- \u00e9s mozg\u00f3k\u00e9pek; Nagy Iv\u00e1n.<\/br><\/p>\n","protected":false},"excerpt":{"rendered":"<p>? \u2020 ?: birtokos nemes. \u2013 T. Bal\u00e1zs (\u2020 1586) \u00e9s Bessenyei Borb\u00e1la l\u00e1nya. F\u00e9rje magyargyer\u0151monostori Kem\u00e9ny Gy\u00f6rgy. \u2013 Irod.: \u00c1ll\u00f3- \u00e9s mozg\u00f3k\u00e9pek; Nagy Iv\u00e1n.<\/p>\n","protected":false},"featured_media":0,"comment_status":"open","ping_status":"closed","template":"","meta":[],"product_brand":[],"product_cat":[137],"product_tag":[],"class_list":{"0":"post-23182","1":"product","2":"type-product","3":"status-publish","5":"product_cat-maros-megyei-eletrajzi-lexikon","7":"first","8":"instock","9":"shipping-taxable","10":"product-type-simple"},"_links":{"self":[{"href":"https:\/\/uj.adatbank.ro\/lexikon\/wp-json\/wp\/v2\/product\/23182","targetHints":{"allow":["GET"]}}],"collection":[{"href":"https:\/\/uj.adatbank.ro\/lexikon\/wp-json\/wp\/v2\/product"}],"about":[{"href":"https:\/\/uj.adatbank.ro\/lexikon\/wp-json\/wp\/v2\/types\/product"}],"replies":[{"embeddable":true,"href":"https:\/\/uj.adatbank.ro\/lexikon\/wp-json\/wp\/v2\/comments?post=23182"}],"wp:attachment":[{"href":"https:\/\/uj.adatbank.ro\/lexikon\/wp-json\/wp\/v2\/media?parent=23182"}],"wp:term":[{"taxonomy":"product_brand","embeddable":true,"href":"https:\/\/uj.adatbank.ro\/lexikon\/wp-json\/wp\/v2\/product_brand?post=23182"},{"taxonomy":"product_cat","embeddable":true,"href":"https:\/\/uj.adatbank.ro\/lexikon\/wp-json\/wp\/v2\/product_cat?post=23182"},{"taxonomy":"product_tag","embeddable":true,"href":"https:\/\/uj.adatbank.ro\/lexikon\/wp-json\/wp\/v2\/product_tag?post=23182"}],"curies":[{"name":"wp","href":"https:\/\/api.w.org\/{rel}","templated":true}]}}