{"id":23183,"date":"2025-08-01T17:16:43","date_gmt":"2025-08-01T15:16:43","guid":{"rendered":"https:\/\/uj.adatbank.ro\/lexikon\/termek\/toldalagi-erzsebet-miko-ferencne\/"},"modified":"2025-08-01T17:16:43","modified_gmt":"2025-08-01T15:16:43","slug":"toldalagi-erzsebet-miko-ferencne","status":"publish","type":"product","link":"https:\/\/uj.adatbank.ro\/lexikon\/termek\/toldalagi-erzsebet-miko-ferencne\/","title":{"rendered":"TOLDALAGI Erzs\u00e9bet; Mik\u00f3 Ferencn\u00e9"},"content":{"rendered":"<p>? \u2020 ?: f\u00f6ldbirtokos. \u2013 Mv. v\u00e1rosnak 100 frt. fej\u00e9ben z\u00e1logk\u00e9nt adta a Marosszentann\u00e1val hat\u00e1ros Poly\u00e1k f\u00e9le legel\u0151t (1606). Elcser\u00e9lte sz\u00e9kelyfalvi javait (puszta udvarh\u00e1z, ahhoz tartoz\u00f3 puszta h\u00e1zhelyeket \u00e9s k\u00fcls\u0151s\u00e9geket) valamint a Poly\u00e1k berke Maros melletti ter\u00fcletet Mv. v\u00e1rossal 12 mez\u0151szabadi jobb\u00e1gytelek\u00e9rt \u00e9s kapott 460 frt.-ot \u00e9rte (1609). <br \/><strong>\u2013 Irod.:<\/strong> Id\u0151t\u00e1r 1; P\u00e1l-Antal 2003; P\u00e1l-Antal 2009.<\/br><\/p>\n","protected":false},"excerpt":{"rendered":"<p>? \u2020 ?: f\u00f6ldbirtokos. \u2013 Mv. v\u00e1rosnak 100 frt. fej\u00e9ben z\u00e1logk\u00e9nt adta a Marosszentann\u00e1val hat\u00e1ros Poly\u00e1k f\u00e9le legel\u0151t (1606). Elcser\u00e9lte sz\u00e9kelyfalvi javait (puszta udvarh\u00e1z, ahhoz tartoz\u00f3 puszta h\u00e1zhelyeket \u00e9s k\u00fcls\u0151s\u00e9geket) valamint a Poly\u00e1k berke Maros melletti ter\u00fcletet Mv. v\u00e1rossal 12 mez\u0151szabadi jobb\u00e1gytelek\u00e9rt \u00e9s kapott 460 frt.-ot \u00e9rte (1609). \u2013 Irod.: Id\u0151t\u00e1r 1; P\u00e1l-Antal 2003; P\u00e1l-Antal [&hellip;]<\/p>\n","protected":false},"featured_media":0,"comment_status":"open","ping_status":"closed","template":"","meta":[],"product_brand":[],"product_cat":[137],"product_tag":[],"class_list":{"0":"post-23183","1":"product","2":"type-product","3":"status-publish","5":"product_cat-maros-megyei-eletrajzi-lexikon","7":"first","8":"instock","9":"shipping-taxable","10":"product-type-simple"},"_links":{"self":[{"href":"https:\/\/uj.adatbank.ro\/lexikon\/wp-json\/wp\/v2\/product\/23183","targetHints":{"allow":["GET"]}}],"collection":[{"href":"https:\/\/uj.adatbank.ro\/lexikon\/wp-json\/wp\/v2\/product"}],"about":[{"href":"https:\/\/uj.adatbank.ro\/lexikon\/wp-json\/wp\/v2\/types\/product"}],"replies":[{"embeddable":true,"href":"https:\/\/uj.adatbank.ro\/lexikon\/wp-json\/wp\/v2\/comments?post=23183"}],"wp:attachment":[{"href":"https:\/\/uj.adatbank.ro\/lexikon\/wp-json\/wp\/v2\/media?parent=23183"}],"wp:term":[{"taxonomy":"product_brand","embeddable":true,"href":"https:\/\/uj.adatbank.ro\/lexikon\/wp-json\/wp\/v2\/product_brand?post=23183"},{"taxonomy":"product_cat","embeddable":true,"href":"https:\/\/uj.adatbank.ro\/lexikon\/wp-json\/wp\/v2\/product_cat?post=23183"},{"taxonomy":"product_tag","embeddable":true,"href":"https:\/\/uj.adatbank.ro\/lexikon\/wp-json\/wp\/v2\/product_tag?post=23183"}],"curies":[{"name":"wp","href":"https:\/\/api.w.org\/{rel}","templated":true}]}}