{"id":23184,"date":"2025-08-01T17:16:45","date_gmt":"2025-08-01T15:16:45","guid":{"rendered":"https:\/\/uj.adatbank.ro\/lexikon\/termek\/toldalagi-erzsebet-eliz-nagyercsei-es-gelencei-gr-teleki-imrene\/"},"modified":"2025-08-01T17:16:45","modified_gmt":"2025-08-01T15:16:45","slug":"toldalagi-erzsebet-eliz-nagyercsei-es-gelencei-gr-teleki-imrene","status":"publish","type":"product","link":"https:\/\/uj.adatbank.ro\/lexikon\/termek\/toldalagi-erzsebet-eliz-nagyercsei-es-gelencei-gr-teleki-imrene\/","title":{"rendered":"TOLDALAGI Erzs\u00e9bet, Eliz, nagyercsei \u00e9s gelencei gr.; Teleki Imr\u00e9n\u00e9"},"content":{"rendered":"<p>Ny\u00e1r\u00e1dszentbenedek, 1861. j\u00fan. 14., \u2020 Ny\u00e1r\u00e1dszentbenedek, 1942. nov. 25., tem. uo.: birtokos. \u2013 T. Mih\u00e1ly (1817\u20131876) marossz\u00e9ki f\u0151kir\u00e1lyb\u00edr\u00f3 \u00e9s Bethlen Johanna le\u00e1nya. F\u00e9rjhez ment sz\u00e9ki gr. Teleki Imr\u00e9hez (Ny\u00e1r\u00e1dszentbenedek, 1895. aug. 14., elv\u00e1ltak: B\u00e9cs, 1902. febr. 2.). <br \/><strong>\u2013 Irod.:<\/strong> Gudenus; Keresztes.<\/br><\/p>\n","protected":false},"excerpt":{"rendered":"<p>Ny\u00e1r\u00e1dszentbenedek, 1861. j\u00fan. 14., \u2020 Ny\u00e1r\u00e1dszentbenedek, 1942. nov. 25., tem. uo.: birtokos. \u2013 T. Mih\u00e1ly (1817\u20131876) marossz\u00e9ki f\u0151kir\u00e1lyb\u00edr\u00f3 \u00e9s Bethlen Johanna le\u00e1nya. F\u00e9rjhez ment sz\u00e9ki gr. Teleki Imr\u00e9hez (Ny\u00e1r\u00e1dszentbenedek, 1895. aug. 14., elv\u00e1ltak: B\u00e9cs, 1902. febr. 2.). \u2013 Irod.: Gudenus; Keresztes.<\/p>\n","protected":false},"featured_media":0,"comment_status":"open","ping_status":"closed","template":"","meta":[],"product_brand":[],"product_cat":[137],"product_tag":[],"class_list":{"0":"post-23184","1":"product","2":"type-product","3":"status-publish","5":"product_cat-maros-megyei-eletrajzi-lexikon","7":"first","8":"instock","9":"shipping-taxable","10":"product-type-simple"},"_links":{"self":[{"href":"https:\/\/uj.adatbank.ro\/lexikon\/wp-json\/wp\/v2\/product\/23184","targetHints":{"allow":["GET"]}}],"collection":[{"href":"https:\/\/uj.adatbank.ro\/lexikon\/wp-json\/wp\/v2\/product"}],"about":[{"href":"https:\/\/uj.adatbank.ro\/lexikon\/wp-json\/wp\/v2\/types\/product"}],"replies":[{"embeddable":true,"href":"https:\/\/uj.adatbank.ro\/lexikon\/wp-json\/wp\/v2\/comments?post=23184"}],"wp:attachment":[{"href":"https:\/\/uj.adatbank.ro\/lexikon\/wp-json\/wp\/v2\/media?parent=23184"}],"wp:term":[{"taxonomy":"product_brand","embeddable":true,"href":"https:\/\/uj.adatbank.ro\/lexikon\/wp-json\/wp\/v2\/product_brand?post=23184"},{"taxonomy":"product_cat","embeddable":true,"href":"https:\/\/uj.adatbank.ro\/lexikon\/wp-json\/wp\/v2\/product_cat?post=23184"},{"taxonomy":"product_tag","embeddable":true,"href":"https:\/\/uj.adatbank.ro\/lexikon\/wp-json\/wp\/v2\/product_tag?post=23184"}],"curies":[{"name":"wp","href":"https:\/\/api.w.org\/{rel}","templated":true}]}}