{"id":23185,"date":"2025-08-01T17:16:47","date_gmt":"2025-08-01T15:16:47","guid":{"rendered":"https:\/\/uj.adatbank.ro\/lexikon\/termek\/toldalagi-eszter-%c2%a7-nagyercsei-es-gelencei-gr\/"},"modified":"2025-08-01T17:16:47","modified_gmt":"2025-08-01T15:16:47","slug":"toldalagi-eszter-%c2%a7-nagyercsei-es-gelencei-gr","status":"publish","type":"product","link":"https:\/\/uj.adatbank.ro\/lexikon\/termek\/toldalagi-eszter-%c2%a7-nagyercsei-es-gelencei-gr\/","title":{"rendered":"TOLDALAGI Eszter, \u00a7 nagyercsei \u00e9s gelencei gr."},"content":{"rendered":"<p>1804 \u2020 Mv., 1889. nov. 3., temetve Koronk\u00e1n a csal\u00e1di s\u00edrboltba: f\u00f6ldbirtokos. \u2013 Zsigmond (1766\u20131847) \u00e9s vajai \u00e9s luskodi Vay Katalin l\u00e1nya. Testv\u00e9rei: T. Polixena \u2013 Katona Mikl\u00f3sn\u00e9; T. Mih\u00e1ly, feles\u00e9ge Bethlen Johanna. A mv.-i .J\u00f3t\u00e9kony N\u0151egylet eln\u00f6kn\u0151je (1871\u201382), t\u00f6bb j\u00f3t\u00e9kony int\u00e9zet t\u00e1mogat\u00f3ja. <br \/><strong>\u2013 Irod.:<\/strong> Bern\u00e1dy Gy\u00f6rgy: Polg\u00e1rmesteri expoz\u00e9 (Marosv\u00e1s\u00e1rhely, 1911. nov. 1.); Gomb\u00e1s Emma: A Mv.-i J\u00f3t\u00e9kony N\u0151egylet 50 \u00e9ves t\u00f6rt\u00e9nete 1860\u20131911 (Mv., 1911); Gudenus; Gy\u00e1szjelent\u0151; Moln\u00e1r G\u00e1bor: A Mv.-i J\u00f3t\u00e9kony N\u0151egylet (Marosv\u00e1s\u00e1rhely, 1911. nov. 1.).<\/br><\/p>\n","protected":false},"excerpt":{"rendered":"<p>1804 \u2020 Mv., 1889. nov. 3., temetve Koronk\u00e1n a csal\u00e1di s\u00edrboltba: f\u00f6ldbirtokos. \u2013 Zsigmond (1766\u20131847) \u00e9s vajai \u00e9s luskodi Vay Katalin l\u00e1nya. Testv\u00e9rei: T. Polixena \u2013 Katona Mikl\u00f3sn\u00e9; T. Mih\u00e1ly, feles\u00e9ge Bethlen Johanna. A mv.-i .J\u00f3t\u00e9kony N\u0151egylet eln\u00f6kn\u0151je (1871\u201382), t\u00f6bb j\u00f3t\u00e9kony int\u00e9zet t\u00e1mogat\u00f3ja. \u2013 Irod.: Bern\u00e1dy Gy\u00f6rgy: Polg\u00e1rmesteri expoz\u00e9 (Marosv\u00e1s\u00e1rhely, 1911. nov. 1.); Gomb\u00e1s Emma: [&hellip;]<\/p>\n","protected":false},"featured_media":0,"comment_status":"open","ping_status":"closed","template":"","meta":[],"product_brand":[],"product_cat":[137],"product_tag":[],"class_list":{"0":"post-23185","1":"product","2":"type-product","3":"status-publish","5":"product_cat-maros-megyei-eletrajzi-lexikon","7":"first","8":"instock","9":"shipping-taxable","10":"product-type-simple"},"_links":{"self":[{"href":"https:\/\/uj.adatbank.ro\/lexikon\/wp-json\/wp\/v2\/product\/23185","targetHints":{"allow":["GET"]}}],"collection":[{"href":"https:\/\/uj.adatbank.ro\/lexikon\/wp-json\/wp\/v2\/product"}],"about":[{"href":"https:\/\/uj.adatbank.ro\/lexikon\/wp-json\/wp\/v2\/types\/product"}],"replies":[{"embeddable":true,"href":"https:\/\/uj.adatbank.ro\/lexikon\/wp-json\/wp\/v2\/comments?post=23185"}],"wp:attachment":[{"href":"https:\/\/uj.adatbank.ro\/lexikon\/wp-json\/wp\/v2\/media?parent=23185"}],"wp:term":[{"taxonomy":"product_brand","embeddable":true,"href":"https:\/\/uj.adatbank.ro\/lexikon\/wp-json\/wp\/v2\/product_brand?post=23185"},{"taxonomy":"product_cat","embeddable":true,"href":"https:\/\/uj.adatbank.ro\/lexikon\/wp-json\/wp\/v2\/product_cat?post=23185"},{"taxonomy":"product_tag","embeddable":true,"href":"https:\/\/uj.adatbank.ro\/lexikon\/wp-json\/wp\/v2\/product_tag?post=23185"}],"curies":[{"name":"wp","href":"https:\/\/api.w.org\/{rel}","templated":true}]}}